{"id":219037,"date":"2025-03-23T11:06:40","date_gmt":"2025-03-23T11:06:40","guid":{"rendered":"https:\/\/aromasentia.com\/product\/magnetic-hematite-shamballa-bracelet-tiger-eye-cuboids\/"},"modified":"2025-12-30T19:29:23","modified_gmt":"2025-12-30T19:29:23","slug":"magnetisches-haematit-shamballa-armband-tigerauge-quader","status":"publish","type":"product","link":"https:\/\/aromasentia.com\/de\/magnetisches-haematit-shamballa-armband-tigerauge-quader\/","title":{"rendered":"Magnetisches H\u00e4matit Shamballa Armband &#8211; Tigerauge Quader"},"content":{"rendered":"<p><span style=\"color: rgb(75, 80, 88);\">Dieses <strong>magnetische H\u00e4matit-Shamballa-Armband \u2013 Tigerauge-Quader<\/strong> ist <strong>unisex, Einheitsgr\u00f6\u00dfe, komplett in Schwarz gehalten, jeder findet das Richtige f\u00fcr sich.<\/span><\/p>\n<p><span style=\"color: rgb(75, 80, 88);\">Bei diesem atemberaubenden Armband handelt es sich um eine Schmuckart, die typischerweise aus kleinen H\u00e4matitperlen besteht, einem von Natur aus magnetischen Mineral. Das Armband ist mit einem Makramee-Schiebeknoten f\u00fcr eine verstellbare Passform versehen, sodass das Armband \u00fcber die Hand gespannt werden kann und bequem am Handgelenk sitzt.<\/span><\/p>\n<p><span style=\"color: rgb(75, 80, 88);\">Der Shamballa-Stil ist ein traditionelles buddhistisches Symbol f\u00fcr inneren Frieden und Erleuchtung, und dem magnetischen H\u00e4matit werden heilende Eigenschaften und eine F\u00f6rderung des allgemeinen Wohlbefindens nachgesagt. &nbsp;<\/span><\/p>\n<p><span style=\"color: rgb(141, 186, 216);\"><strong>Decken Sie sich diese Armb\u00e4nder ein und sehen Sie zu, wie sie wie warme Semmeln weggehen.<\/strong><\/span><\/p>\n","protected":false},"excerpt":{"rendered":"<p>Dieses magnetische H\u00e4matit-Shamballa-Armband \u2013 Tigerauge-Quader ist unisex, Einheitsgr\u00f6\u00dfe, komplett in Schwarz gehalten, jeder findet das Richtige f\u00fcr sich. Bei diesem atemberaubenden Armband handelt es sich um eine Schmuckart, die typischerweise aus kleinen H\u00e4matitperlen besteht, einem von Natur aus magnetischen Mineral. Das Armband ist mit einem Makramee-Schiebeknoten f\u00fcr eine verstellbare Passform versehen, sodass das Armband \u00fcber [&hellip;]<\/p>\n","protected":false},"featured_media":425670,"comment_status":"closed","ping_status":"open","template":"","meta":[],"product_brand":[],"product_cat":[25210,25223,25625,14524,25787],"product_tag":[],"class_list":{"0":"post-219037","1":"product","2":"type-product","3":"status-publish","4":"has-post-thumbnail","6":"product_cat-armbaender","7":"product_cat-edelsteine-mineralien","8":"product_cat-hamatit","9":"product_cat-schmuck-und-accessoires","10":"product_cat-tigerauge","11":"pa_collection-magnetic-hematite-shamballa-bracelet-de","12":"pa_made-in-china","14":"first","15":"instock","16":"purchasable","17":"product-type-simple"},"supplier_id":null,"supplier_sku":"MHSB-10","barcode":null,"atum_controlled":true,"out_stock_date":null,"out_stock_threshold":null,"inheritable":false,"inbound_stock":null,"stock_on_hold":0,"sold_today":0,"sales_last_days":0,"reserved_stock":null,"customer_returns":null,"warehouse_damage":null,"lost_in_post":null,"other_logs":null,"out_stock_days":0,"lost_sales":0,"has_location":null,"update_date":"2026-02-06T10:30:45","atum_locations":[],"atum_stock_status":"instock","restock_status":false,"low_stock_amount":"","sales_update_date":"2025-09-03T00:16:15","calc_backorders":null,"_links":{"self":[{"href":"https:\/\/aromasentia.com\/de\/wp-json\/wp\/v2\/product\/219037","targetHints":{"allow":["GET"]}}],"collection":[{"href":"https:\/\/aromasentia.com\/de\/wp-json\/wp\/v2\/product"}],"about":[{"href":"https:\/\/aromasentia.com\/de\/wp-json\/wp\/v2\/types\/product"}],"replies":[{"embeddable":true,"href":"https:\/\/aromasentia.com\/de\/wp-json\/wp\/v2\/comments?post=219037"}],"version-history":[{"count":0,"href":"https:\/\/aromasentia.com\/de\/wp-json\/wp\/v2\/product\/219037\/revisions"}],"wp:featuredmedia":[{"embeddable":true,"href":"https:\/\/aromasentia.com\/de\/wp-json\/wp\/v2\/media\/425670"}],"wp:attachment":[{"href":"https:\/\/aromasentia.com\/de\/wp-json\/wp\/v2\/media?parent=219037"}],"wp:term":[{"taxonomy":"product_brand","embeddable":true,"href":"https:\/\/aromasentia.com\/de\/wp-json\/wp\/v2\/product_brand?post=219037"},{"taxonomy":"product_cat","embeddable":true,"href":"https:\/\/aromasentia.com\/de\/wp-json\/wp\/v2\/product_cat?post=219037"},{"taxonomy":"product_tag","embeddable":true,"href":"https:\/\/aromasentia.com\/de\/wp-json\/wp\/v2\/product_tag?post=219037"}],"curies":[{"name":"wp","href":"https:\/\/api.w.org\/{rel}","templated":true}]}}