{"id":218825,"date":"2025-03-23T11:06:48","date_gmt":"2025-03-23T11:06:48","guid":{"rendered":"https:\/\/aromasentia.com\/product\/orgonite-power-pendant-power-block-in-dome\/"},"modified":"2025-12-30T19:28:46","modified_gmt":"2025-12-30T19:28:46","slug":"orgonit-power-anhaenger-kraftblock-in-der-kuppel","status":"publish","type":"product","link":"https:\/\/aromasentia.com\/de\/orgonit-power-anhaenger-kraftblock-in-der-kuppel\/","title":{"rendered":"Orgonit Power Anh\u00e4nger- Kraftblock in der Kuppel"},"content":{"rendered":"<p>Wow, magischer und esoterischer geht es nicht! Diese Orgonit-Anh\u00e4nger, auch als Kraftflussobjekte bekannt, bestehen aus Edelsteinsplittern, Kupfer und Metallsp\u00e4nen und enthalten esoterische Objekte. Orgonit erfreut sich gro\u00dfer Beliebtheit als spirituelles Heilmittel und als Schutz vor Elektrosmog.<\/p>\n<p>Viele Menschen bemerken positive emotionale Effekte in der Gegenwart von Orgongeneratoren. Stimmung und Emotionen heben sich. Manche berichten, dass sie mit einem Orgongenerator im Schlafzimmer besser und tiefer schlafen k\u00f6nnen.<br \/>Diese Orgonite werden alle von Hand mit spiritueller Inspiration gefertigt, daher k\u00f6nnen die Designs leicht von den Abbildungen abweichen.<\/p>\n<p>Hinweis: Aufgrund der Beschaffenheit des Artikels und seines Herstellungsprozesses k\u00f6nnen die Designs variieren, und die Bilder dienen nur zur Veranschaulichung.<\/p>\n","protected":false},"excerpt":{"rendered":"<p>Wow, magischer und esoterischer geht es nicht! Diese Orgonit-Anh\u00e4nger, auch als Kraftflussobjekte bekannt, bestehen aus Edelsteinsplittern, Kupfer und Metallsp\u00e4nen und enthalten esoterische Objekte. Orgonit erfreut sich gro\u00dfer Beliebtheit als spirituelles Heilmittel und als Schutz vor Elektrosmog. Viele Menschen bemerken positive emotionale Effekte in der Gegenwart von Orgongeneratoren. Stimmung und Emotionen heben sich. Manche berichten, dass [&hellip;]<\/p>\n","protected":false},"featured_media":426867,"comment_status":"closed","ping_status":"open","template":"","meta":[],"product_brand":[],"product_cat":[25217,14524],"product_tag":[],"class_list":{"0":"post-218825","1":"product","2":"type-product","3":"status-publish","4":"has-post-thumbnail","6":"product_cat-halsketten-anhaenger","7":"product_cat-schmuck-und-accessoires","8":"pa_collection-orgonite-power-pendants-de","9":"pa_made-in-indien","11":"first","12":"instock","13":"purchasable","14":"product-type-simple"},"supplier_id":null,"supplier_sku":"OPP-07","barcode":null,"atum_controlled":true,"out_stock_date":null,"out_stock_threshold":null,"inheritable":false,"inbound_stock":null,"stock_on_hold":0,"sold_today":0,"sales_last_days":0,"reserved_stock":null,"customer_returns":null,"warehouse_damage":null,"lost_in_post":null,"other_logs":null,"out_stock_days":0,"lost_sales":0,"has_location":null,"update_date":"2026-01-30T01:25:31","atum_locations":[],"atum_stock_status":"instock","restock_status":false,"low_stock_amount":"","sales_update_date":"2026-01-30T01:25:31","calc_backorders":null,"_links":{"self":[{"href":"https:\/\/aromasentia.com\/de\/wp-json\/wp\/v2\/product\/218825","targetHints":{"allow":["GET"]}}],"collection":[{"href":"https:\/\/aromasentia.com\/de\/wp-json\/wp\/v2\/product"}],"about":[{"href":"https:\/\/aromasentia.com\/de\/wp-json\/wp\/v2\/types\/product"}],"replies":[{"embeddable":true,"href":"https:\/\/aromasentia.com\/de\/wp-json\/wp\/v2\/comments?post=218825"}],"version-history":[{"count":0,"href":"https:\/\/aromasentia.com\/de\/wp-json\/wp\/v2\/product\/218825\/revisions"}],"wp:featuredmedia":[{"embeddable":true,"href":"https:\/\/aromasentia.com\/de\/wp-json\/wp\/v2\/media\/426867"}],"wp:attachment":[{"href":"https:\/\/aromasentia.com\/de\/wp-json\/wp\/v2\/media?parent=218825"}],"wp:term":[{"taxonomy":"product_brand","embeddable":true,"href":"https:\/\/aromasentia.com\/de\/wp-json\/wp\/v2\/product_brand?post=218825"},{"taxonomy":"product_cat","embeddable":true,"href":"https:\/\/aromasentia.com\/de\/wp-json\/wp\/v2\/product_cat?post=218825"},{"taxonomy":"product_tag","embeddable":true,"href":"https:\/\/aromasentia.com\/de\/wp-json\/wp\/v2\/product_tag?post=218825"}],"curies":[{"name":"wp","href":"https:\/\/api.w.org\/{rel}","templated":true}]}}