{"id":218633,"date":"2025-03-23T11:06:55","date_gmt":"2025-03-23T11:06:55","guid":{"rendered":"https:\/\/aromasentia.com\/product\/earrings-festive-fir-leaf-silver\/"},"modified":"2025-12-30T19:28:17","modified_gmt":"2025-12-30T19:28:17","slug":"earrings-festive-fir-leaf-silver","status":"publish","type":"product","link":"https:\/\/aromasentia.com\/de\/earrings-festive-fir-leaf-silver\/","title":{"rendered":"Earrings &#8211; Festive Fir Leaf &#8211; Silver"},"content":{"rendered":"<p>Unglaublich Aroma Sentia-ping Schmuck aus echten Bl\u00e4ttern \u2013 Ohrringe \u2013 Festliches Tannenblatt \u2013 Silber wird aus echten Bl\u00e4ttern hergestellt, die von Hand ausgew\u00e4hlt und Blatt f\u00fcr Blatt geerntet werden. Anschlie\u00dfend werden die Bl\u00e4tter mithilfe eines einzigartigen Galvanisierungsverfahrens nach und nach wie von Zauberhand zu Metall verarbeitet. Da es sich um echte Bl\u00e4tter handelt, gleicht kein St\u00fcck dem anderen, sodass jedes St\u00fcck ein Unikat ist!<\/p>\n<p>Ein perfektes romantisches Geschenk f\u00fcr alle Naturliebhaber. Ideal f\u00fcr jeden Geschenkladen, aber auch Menschen in l\u00e4ndlichen Gegenden werden sich mit dieser entz\u00fcckenden Naturschmuckkollektion wohlf\u00fchlen.<\/p>\n<p>Die Ma\u00dfe des Ohrringanh\u00e4ngers betragen ca. 4 x 2 cm.<\/p>\n","protected":false},"excerpt":{"rendered":"<p>Unglaublich Aroma Sentia-ping Schmuck aus echten Bl\u00e4ttern \u2013 Ohrringe \u2013 Festliches Tannenblatt \u2013 Silber wird aus echten Bl\u00e4ttern hergestellt, die von Hand ausgew\u00e4hlt und Blatt f\u00fcr Blatt geerntet werden. Anschlie\u00dfend werden die Bl\u00e4tter mithilfe eines einzigartigen Galvanisierungsverfahrens nach und nach wie von Zauberhand zu Metall verarbeitet. Da es sich um echte Bl\u00e4tter handelt, gleicht kein [&hellip;]<\/p>\n","protected":false},"featured_media":428224,"comment_status":"closed","ping_status":"open","template":"","meta":[],"product_brand":[],"product_cat":[14524],"product_tag":[],"class_list":{"0":"post-218633","1":"product","2":"type-product","3":"status-publish","4":"has-post-thumbnail","6":"product_cat-schmuck-und-accessoires","7":"pa_collection-real-leaf-jewellery-de","8":"pa_made-in-china","10":"first","11":"outofstock","12":"purchasable","13":"product-type-simple"},"supplier_id":null,"supplier_sku":"POT-16A","barcode":null,"atum_controlled":true,"out_stock_date":"2025-10-09 11:00:31","out_stock_threshold":null,"inheritable":false,"inbound_stock":null,"stock_on_hold":0,"sold_today":0,"sales_last_days":0,"reserved_stock":null,"customer_returns":null,"warehouse_damage":null,"lost_in_post":null,"other_logs":null,"out_stock_days":112,"lost_sales":0,"has_location":null,"update_date":"2026-01-30T01:25:03","atum_locations":[],"atum_stock_status":"outofstock","restock_status":false,"low_stock_amount":"","sales_update_date":"2026-01-30T01:25:03","calc_backorders":null,"_links":{"self":[{"href":"https:\/\/aromasentia.com\/de\/wp-json\/wp\/v2\/product\/218633","targetHints":{"allow":["GET"]}}],"collection":[{"href":"https:\/\/aromasentia.com\/de\/wp-json\/wp\/v2\/product"}],"about":[{"href":"https:\/\/aromasentia.com\/de\/wp-json\/wp\/v2\/types\/product"}],"replies":[{"embeddable":true,"href":"https:\/\/aromasentia.com\/de\/wp-json\/wp\/v2\/comments?post=218633"}],"version-history":[{"count":0,"href":"https:\/\/aromasentia.com\/de\/wp-json\/wp\/v2\/product\/218633\/revisions"}],"wp:featuredmedia":[{"embeddable":true,"href":"https:\/\/aromasentia.com\/de\/wp-json\/wp\/v2\/media\/428224"}],"wp:attachment":[{"href":"https:\/\/aromasentia.com\/de\/wp-json\/wp\/v2\/media?parent=218633"}],"wp:term":[{"taxonomy":"product_brand","embeddable":true,"href":"https:\/\/aromasentia.com\/de\/wp-json\/wp\/v2\/product_brand?post=218633"},{"taxonomy":"product_cat","embeddable":true,"href":"https:\/\/aromasentia.com\/de\/wp-json\/wp\/v2\/product_cat?post=218633"},{"taxonomy":"product_tag","embeddable":true,"href":"https:\/\/aromasentia.com\/de\/wp-json\/wp\/v2\/product_tag?post=218633"}],"curies":[{"name":"wp","href":"https:\/\/api.w.org\/{rel}","templated":true}]}}