{"id":218601,"date":"2025-03-23T11:07:03","date_gmt":"2025-03-23T11:07:03","guid":{"rendered":"https:\/\/aromasentia.com\/product\/wide-flat-necklace-display-28x18x9cm\/"},"modified":"2025-12-30T19:28:17","modified_gmt":"2025-12-30T19:28:17","slug":"breiter-flacher-halskettenstaender-28x18x9cm","status":"publish","type":"product","link":"https:\/\/aromasentia.com\/de\/breiter-flacher-halskettenstaender-28x18x9cm\/","title":{"rendered":"Breiter, flacher Halskettenst\u00e4nder 28x18x9cm"},"content":{"rendered":"<p>Unser breites, flaches Halsketten-Display ist eine vielseitige und stilvolle L\u00f6sung, um Ihre Halsketten-Sammlung zu pr\u00e4sentieren. Seine gro\u00dfz\u00fcgig bemessene, flache Oberfl\u00e4che, gepolstert mit <strong>weichem tealem Samt<\/strong>, bietet einen luxuri\u00f6sen und sicheren Hintergrund f\u00fcr Ihren Schmuck.<\/p>\n<p>Der <strong>Rahmen aus Naturholz<\/strong> f\u00fcgt einen Hauch von W\u00e4rme und Raffinesse hinzu und erg\u00e4nzt eine Vielzahl von Innenraum-\u00c4sthetiken. Dieses Display ist so konzipiert, dass es eine breite Palette von Halskettenstilen aufnehmen kann, von zarten Ketten bis hin zu Statement-St\u00fccken, so dass Sie eine visuell ansprechende und organisierte Pr\u00e4sentation schaffen k\u00f6nnen.<\/p>\n","protected":false},"excerpt":{"rendered":"<p>Unser breites, flaches Halsketten-Display ist eine vielseitige und stilvolle L\u00f6sung, um Ihre Halsketten-Sammlung zu pr\u00e4sentieren. Seine gro\u00dfz\u00fcgig bemessene, flache Oberfl\u00e4che, gepolstert mit weichem tealem Samt, bietet einen luxuri\u00f6sen und sicheren Hintergrund f\u00fcr Ihren Schmuck. Der Rahmen aus Naturholz f\u00fcgt einen Hauch von W\u00e4rme und Raffinesse hinzu und erg\u00e4nzt eine Vielzahl von Innenraum-\u00c4sthetiken. Dieses Display ist [&hellip;]<\/p>\n","protected":false},"featured_media":431810,"comment_status":"closed","ping_status":"open","template":"","meta":[],"product_brand":[],"product_cat":[25217,14524],"product_tag":[],"class_list":{"0":"post-218601","1":"product","2":"type-product","3":"status-publish","4":"has-post-thumbnail","6":"product_cat-halsketten-anhaenger","7":"product_cat-schmuck-und-accessoires","8":"pa_collection-velvet-jewellery-displays-de","9":"pa_made-in-china","11":"first","12":"instock","13":"purchasable","14":"product-type-simple"},"supplier_id":null,"supplier_sku":"VJD-12","barcode":null,"atum_controlled":true,"out_stock_date":null,"out_stock_threshold":null,"inheritable":false,"inbound_stock":null,"stock_on_hold":0,"sold_today":0,"sales_last_days":0,"reserved_stock":null,"customer_returns":null,"warehouse_damage":null,"lost_in_post":null,"other_logs":null,"out_stock_days":0,"lost_sales":0,"has_location":null,"update_date":"2026-02-11T08:32:22","atum_locations":[],"atum_stock_status":"instock","restock_status":false,"low_stock_amount":"","sales_update_date":"2026-02-06T00:02:07","calc_backorders":null,"_links":{"self":[{"href":"https:\/\/aromasentia.com\/de\/wp-json\/wp\/v2\/product\/218601","targetHints":{"allow":["GET"]}}],"collection":[{"href":"https:\/\/aromasentia.com\/de\/wp-json\/wp\/v2\/product"}],"about":[{"href":"https:\/\/aromasentia.com\/de\/wp-json\/wp\/v2\/types\/product"}],"replies":[{"embeddable":true,"href":"https:\/\/aromasentia.com\/de\/wp-json\/wp\/v2\/comments?post=218601"}],"version-history":[{"count":0,"href":"https:\/\/aromasentia.com\/de\/wp-json\/wp\/v2\/product\/218601\/revisions"}],"wp:featuredmedia":[{"embeddable":true,"href":"https:\/\/aromasentia.com\/de\/wp-json\/wp\/v2\/media\/431810"}],"wp:attachment":[{"href":"https:\/\/aromasentia.com\/de\/wp-json\/wp\/v2\/media?parent=218601"}],"wp:term":[{"taxonomy":"product_brand","embeddable":true,"href":"https:\/\/aromasentia.com\/de\/wp-json\/wp\/v2\/product_brand?post=218601"},{"taxonomy":"product_cat","embeddable":true,"href":"https:\/\/aromasentia.com\/de\/wp-json\/wp\/v2\/product_cat?post=218601"},{"taxonomy":"product_tag","embeddable":true,"href":"https:\/\/aromasentia.com\/de\/wp-json\/wp\/v2\/product_tag?post=218601"}],"curies":[{"name":"wp","href":"https:\/\/api.w.org\/{rel}","templated":true}]}}