{"id":218549,"date":"2025-03-23T11:07:03","date_gmt":"2025-03-23T11:07:03","guid":{"rendered":"https:\/\/aromasentia.com\/product\/temple-string-bracelet-unconditional-love\/"},"modified":"2025-12-30T19:28:02","modified_gmt":"2025-12-30T19:28:02","slug":"tempelschnur-armband-bedingungslose-liebe","status":"publish","type":"product","link":"https:\/\/aromasentia.com\/de\/tempelschnur-armband-bedingungslose-liebe\/","title":{"rendered":"Tempelschnur-Armband \u2013 Bedingungslose Liebe"},"content":{"rendered":"<p><strong><span style=\"color: rgb(75, 80, 88);\">Tauchen Sie mit diesen Temple String Bracelets in eine Welt spiritueller Wunder ein.<\/span><\/strong><\/p>\n<p><span style=\"color: rgb(75, 80, 88);\">Dies sind nicht nur Accessoires; sie sind die Geschenke Ihrer Kunden. Anleitungen zur Selbstfindung und Erleuchtung, direkt aus dem Herzen Indonesiens.<\/span><\/p>\n<p><span style=\"color: rgb(75, 80, 88);\">Jedes Temple String Bracelet ist unisex und hat eine Einheitsgr\u00f6\u00dfe, dank einer verstellbaren Schnur, die bequem an jedes Handgelenk passt.&nbsp;<\/span><\/p>\n<p><span style=\"color: rgb(75, 80, 88);\">Die charmante Papiert\u00fctenverpackung zeigt ein bezauberndes Tempelbild und den Namen des Armbands. Au\u00dferdem hilft Ihnen eine kurze Beschreibung auf Englisch dabei, Ihre Kunden zum perfekten Armband f\u00fcr ihre Bed\u00fcrfnisse zu f\u00fchren.<\/span><\/p>\n<p><span style=\"color: rgb(75, 80, 88);\"><strong>Tragen Sie dieses Armband als Zeichen der Liebe.<\/strong><\/span><\/p>\n<p><span style=\"color: rgb(75, 80, 88);\">Die rote Schnur Ihres Armbands ist ein Symbol der Liebe. Es ist die Br\u00fccke zwischen dir und allem. Indem es deinen Geist von Negativit\u00e4t befreit, kann dieses Tempelarmband deine Stimmung heben und dir helfen, inneren Frieden zu finden. Die spirituelle Bedeutung des Herzsymbols dreht sich um Liebe und Z\u00e4rtlichkeit. In Kombination mit dem roten Band (Symbol unendlicher Weisheit) ist dieses Armband eine Hommage an die unendliche, bedingungslose Liebe.<\/span><\/p>\n","protected":false},"excerpt":{"rendered":"<p>Tauchen Sie mit diesen Temple String Bracelets in eine Welt spiritueller Wunder ein. Dies sind nicht nur Accessoires; sie sind die Geschenke Ihrer Kunden. Anleitungen zur Selbstfindung und Erleuchtung, direkt aus dem Herzen Indonesiens. Jedes Temple String Bracelet ist unisex und hat eine Einheitsgr\u00f6\u00dfe, dank einer verstellbaren Schnur, die bequem an jedes Handgelenk passt.&nbsp; Die [&hellip;]<\/p>\n","protected":false},"featured_media":431389,"comment_status":"closed","ping_status":"open","template":"","meta":{"_angie_page":false},"product_brand":[],"product_cat":[25210,14524],"product_tag":[],"class_list":{"0":"post-218549","1":"product","2":"type-product","3":"status-publish","4":"has-post-thumbnail","6":"product_cat-armbaender","7":"product_cat-schmuck-und-accessoires","8":"pa_collection-temple-string-bracelet-de","9":"pa_made-in-indonesien","11":"first","12":"instock","13":"purchasable","14":"product-type-simple"},"supplier_id":null,"supplier_sku":"TSJ-07","barcode":null,"atum_controlled":true,"out_stock_date":null,"out_stock_threshold":null,"inheritable":false,"inbound_stock":null,"stock_on_hold":0,"sold_today":0,"sales_last_days":0,"reserved_stock":null,"customer_returns":null,"warehouse_damage":null,"lost_in_post":null,"other_logs":null,"out_stock_days":0,"lost_sales":0,"has_location":null,"update_date":"2026-04-27T07:25:34","atum_locations":[],"atum_stock_status":"instock","restock_status":false,"low_stock_amount":"","sales_update_date":"2026-01-20T05:14:32","calc_backorders":null,"_links":{"self":[{"href":"https:\/\/aromasentia.com\/de\/wp-json\/wp\/v2\/product\/218549","targetHints":{"allow":["GET"]}}],"collection":[{"href":"https:\/\/aromasentia.com\/de\/wp-json\/wp\/v2\/product"}],"about":[{"href":"https:\/\/aromasentia.com\/de\/wp-json\/wp\/v2\/types\/product"}],"replies":[{"embeddable":true,"href":"https:\/\/aromasentia.com\/de\/wp-json\/wp\/v2\/comments?post=218549"}],"version-history":[{"count":0,"href":"https:\/\/aromasentia.com\/de\/wp-json\/wp\/v2\/product\/218549\/revisions"}],"wp:featuredmedia":[{"embeddable":true,"href":"https:\/\/aromasentia.com\/de\/wp-json\/wp\/v2\/media\/431389"}],"wp:attachment":[{"href":"https:\/\/aromasentia.com\/de\/wp-json\/wp\/v2\/media?parent=218549"}],"wp:term":[{"taxonomy":"product_brand","embeddable":true,"href":"https:\/\/aromasentia.com\/de\/wp-json\/wp\/v2\/product_brand?post=218549"},{"taxonomy":"product_cat","embeddable":true,"href":"https:\/\/aromasentia.com\/de\/wp-json\/wp\/v2\/product_cat?post=218549"},{"taxonomy":"product_tag","embeddable":true,"href":"https:\/\/aromasentia.com\/de\/wp-json\/wp\/v2\/product_tag?post=218549"}],"curies":[{"name":"wp","href":"https:\/\/api.w.org\/{rel}","templated":true}]}}