{"id":218513,"date":"2025-03-23T11:07:03","date_gmt":"2025-03-23T11:07:03","guid":{"rendered":"https:\/\/aromasentia.com\/product\/tree-of-life-silver-earrings-15mm-coral-effect\/"},"modified":"2025-12-30T19:28:02","modified_gmt":"2025-12-30T19:28:02","slug":"baum-des-lebens-silber-ohrringe-15mm-coral-effect","status":"publish","type":"product","link":"https:\/\/aromasentia.com\/de\/baum-des-lebens-silber-ohrringe-15mm-coral-effect\/","title":{"rendered":"Baum des Lebens Silber Ohrringe 15mm &#8211; Coral Effect"},"content":{"rendered":"<p>Symbolischer Silberschmuck mit dem Lebensbaum \u2013 ein emotionales Geschenk f\u00fcr alle, die ungew\u00f6hnlichen, \u00e4therischen Schmuck lieben, der eine Geschichte erz\u00e4hlt. Der Lebensbaum ist ein universelles Symbol, das in vielen spirituellen und mythologischen Traditionen weltweit zu finden ist. Er steht f\u00fcr Heilung, Schutz, St\u00e4rke, F\u00fclle und Sch\u00f6nheit. Ein au\u00dfergew\u00f6hnliches Schmuckst\u00fcck, das sich von allem unterscheidet, was man sonst so findet.<\/p>\n","protected":false},"excerpt":{"rendered":"<p>Symbolischer Silberschmuck mit dem Lebensbaum \u2013 ein emotionales Geschenk f\u00fcr alle, die ungew\u00f6hnlichen, \u00e4therischen Schmuck lieben, der eine Geschichte erz\u00e4hlt. Der Lebensbaum ist ein universelles Symbol, das in vielen spirituellen und mythologischen Traditionen weltweit zu finden ist. Er steht f\u00fcr Heilung, Schutz, St\u00e4rke, F\u00fclle und Sch\u00f6nheit. Ein au\u00dfergew\u00f6hnliches Schmuckst\u00fcck, das sich von allem unterscheidet, was [&hellip;]<\/p>\n","protected":false},"featured_media":431036,"comment_status":"closed","ping_status":"open","template":"","meta":{"_angie_page":false},"product_brand":[],"product_cat":[14524],"product_tag":[],"class_list":{"0":"post-218513","1":"product","2":"type-product","3":"status-publish","4":"has-post-thumbnail","6":"product_cat-schmuck-und-accessoires","7":"pa_collection-tree-of-life-925-silver-jewellery-de","8":"pa_made-in-indonesien","10":"first","11":"instock","12":"purchasable","13":"product-type-simple"},"supplier_id":null,"supplier_sku":"TOLSP-07","barcode":null,"atum_controlled":true,"out_stock_date":null,"out_stock_threshold":null,"inheritable":false,"inbound_stock":null,"stock_on_hold":0,"sold_today":0,"sales_last_days":0,"reserved_stock":null,"customer_returns":null,"warehouse_damage":null,"lost_in_post":null,"other_logs":null,"out_stock_days":0,"lost_sales":0,"has_location":null,"update_date":"2026-04-27T07:25:10","atum_locations":[],"atum_stock_status":"instock","restock_status":false,"low_stock_amount":"","sales_update_date":"2026-01-30T01:24:24","calc_backorders":null,"_links":{"self":[{"href":"https:\/\/aromasentia.com\/de\/wp-json\/wp\/v2\/product\/218513","targetHints":{"allow":["GET"]}}],"collection":[{"href":"https:\/\/aromasentia.com\/de\/wp-json\/wp\/v2\/product"}],"about":[{"href":"https:\/\/aromasentia.com\/de\/wp-json\/wp\/v2\/types\/product"}],"replies":[{"embeddable":true,"href":"https:\/\/aromasentia.com\/de\/wp-json\/wp\/v2\/comments?post=218513"}],"version-history":[{"count":0,"href":"https:\/\/aromasentia.com\/de\/wp-json\/wp\/v2\/product\/218513\/revisions"}],"wp:featuredmedia":[{"embeddable":true,"href":"https:\/\/aromasentia.com\/de\/wp-json\/wp\/v2\/media\/431036"}],"wp:attachment":[{"href":"https:\/\/aromasentia.com\/de\/wp-json\/wp\/v2\/media?parent=218513"}],"wp:term":[{"taxonomy":"product_brand","embeddable":true,"href":"https:\/\/aromasentia.com\/de\/wp-json\/wp\/v2\/product_brand?post=218513"},{"taxonomy":"product_cat","embeddable":true,"href":"https:\/\/aromasentia.com\/de\/wp-json\/wp\/v2\/product_cat?post=218513"},{"taxonomy":"product_tag","embeddable":true,"href":"https:\/\/aromasentia.com\/de\/wp-json\/wp\/v2\/product_tag?post=218513"}],"curies":[{"name":"wp","href":"https:\/\/api.w.org\/{rel}","templated":true}]}}