{"id":218465,"date":"2025-03-23T11:53:37","date_gmt":"2025-03-23T11:53:37","guid":{"rendered":"https:\/\/aromasentia.com\/product\/bali-dreamcatcher-small-heart-turq-pink-purp\/"},"modified":"2025-12-30T19:27:47","modified_gmt":"2025-12-30T19:27:47","slug":"bali-traumfaenger-kleine-herzen-tuerkis-rosa-lila","status":"publish","type":"product","link":"https:\/\/aromasentia.com\/de\/bali-traumfaenger-kleine-herzen-tuerkis-rosa-lila\/","title":{"rendered":"Bali Traumf\u00e4nger-kleine Herzen T\u00fcrkis\/Rosa\/Lila"},"content":{"rendered":"<p>Dieser handgefertigte Traumf\u00e4nger besteht aus einem 6,5 cm gro\u00dfen Holzherz, das von Hand mit t\u00fcrkisfarbener, rosa und violetter Wildlederschnur umwickelt ist. Daran schlie\u00dfen sich sechs 7 cm lange, gleichfarbige Federn an, die an Wildlederschn\u00fcren h\u00e4ngen. Das Herz besteht aus gleichfarbigen Schn\u00fcren mit einer kleinen Perle in der Mitte.<\/p>\n<p>&#8211; Handgefertigter Traumf\u00e4nger<\/p>\n<p>&#8211; Oberer Ring 6,5 cm Durchmesser<\/p>\n<p>&#8211; Gesamtl\u00e4nge zum Aufh\u00e4ngen ca. 22 cm<\/p>\n<p>&#8211; Wird mit einer kleinen Karte geliefert, die die Legende des Traumf\u00e4ngers erkl\u00e4rt<\/p>\n<p><\/p>\n<p>Dieser Traumf\u00e4nger wurde mit Liebe und Segen hergestellt. S\u00fc\u00dfe Tr\u00e4ume.<\/p>\n","protected":false},"excerpt":{"rendered":"<p>Dieser handgefertigte Traumf\u00e4nger besteht aus einem 6,5 cm gro\u00dfen Holzherz, das von Hand mit t\u00fcrkisfarbener, rosa und violetter Wildlederschnur umwickelt ist. Daran schlie\u00dfen sich sechs 7 cm lange, gleichfarbige Federn an, die an Wildlederschn\u00fcren h\u00e4ngen. Das Herz besteht aus gleichfarbigen Schn\u00fcren mit einer kleinen Perle in der Mitte. &#8211; Handgefertigter Traumf\u00e4nger &#8211; Oberer Ring 6,5 [&hellip;]<\/p>\n","protected":false},"featured_media":433888,"comment_status":"closed","ping_status":"open","template":"","meta":{"_angie_page":false},"product_brand":[],"product_cat":[14451,14452,14060],"product_tag":[],"class_list":{"0":"post-218465","1":"product","2":"type-product","3":"status-publish","4":"has-post-thumbnail","6":"product_cat-haus-und-gartendeko","7":"product_cat-makramees-und-traumfanger","8":"product_cat-vintage-geschenke-und-souvenirs","9":"pa_collection-bali-dream-catcher-de","10":"pa_made-in-indonesien","12":"first","13":"outofstock","14":"purchasable","15":"product-type-simple"},"supplier_id":null,"supplier_sku":"BDC-02","barcode":null,"atum_controlled":true,"out_stock_date":"2026-04-25 16:40:01","out_stock_threshold":null,"inheritable":false,"inbound_stock":null,"stock_on_hold":0,"sold_today":0,"sales_last_days":0,"reserved_stock":null,"customer_returns":null,"warehouse_damage":null,"lost_in_post":null,"other_logs":null,"out_stock_days":0,"lost_sales":0,"has_location":null,"update_date":"2026-04-27T06:54:41","atum_locations":[],"atum_stock_status":"outofstock","restock_status":false,"low_stock_amount":"","sales_update_date":"2026-01-30T01:25:59","calc_backorders":null,"_links":{"self":[{"href":"https:\/\/aromasentia.com\/de\/wp-json\/wp\/v2\/product\/218465","targetHints":{"allow":["GET"]}}],"collection":[{"href":"https:\/\/aromasentia.com\/de\/wp-json\/wp\/v2\/product"}],"about":[{"href":"https:\/\/aromasentia.com\/de\/wp-json\/wp\/v2\/types\/product"}],"replies":[{"embeddable":true,"href":"https:\/\/aromasentia.com\/de\/wp-json\/wp\/v2\/comments?post=218465"}],"version-history":[{"count":0,"href":"https:\/\/aromasentia.com\/de\/wp-json\/wp\/v2\/product\/218465\/revisions"}],"wp:featuredmedia":[{"embeddable":true,"href":"https:\/\/aromasentia.com\/de\/wp-json\/wp\/v2\/media\/433888"}],"wp:attachment":[{"href":"https:\/\/aromasentia.com\/de\/wp-json\/wp\/v2\/media?parent=218465"}],"wp:term":[{"taxonomy":"product_brand","embeddable":true,"href":"https:\/\/aromasentia.com\/de\/wp-json\/wp\/v2\/product_brand?post=218465"},{"taxonomy":"product_cat","embeddable":true,"href":"https:\/\/aromasentia.com\/de\/wp-json\/wp\/v2\/product_cat?post=218465"},{"taxonomy":"product_tag","embeddable":true,"href":"https:\/\/aromasentia.com\/de\/wp-json\/wp\/v2\/product_tag?post=218465"}],"curies":[{"name":"wp","href":"https:\/\/api.w.org\/{rel}","templated":true}]}}