{"id":218441,"date":"2025-03-23T11:53:37","date_gmt":"2025-03-23T11:53:37","guid":{"rendered":"https:\/\/aromasentia.com\/product\/hand-crafted-angel-wing-30cm\/"},"modified":"2025-12-30T19:27:47","modified_gmt":"2025-12-30T19:27:47","slug":"einzelner-fluegel-30cm","status":"publish","type":"product","link":"https:\/\/aromasentia.com\/de\/einzelner-fluegel-30cm\/","title":{"rendered":"Einzelner Fl\u00fcgel &#8211; 30cm"},"content":{"rendered":"<p>Engelsfl\u00fcgel aus Federholz im Vintage-Stil, handgeschnitzt aus nachhaltigem Albesia-Holz und im White-Washed-Verfahren veredelt. Jedes Schmuckst\u00fcck wird von Hand bearbeitet, was ihm seine Einzigartigkeit verleiht.<\/p>\n<p>Diese h\u00fcbschen Engelsfl\u00fcgel sind ein sch\u00f6nes Geschenk oder eine sch\u00f6ne Dekoration f\u00fcr Ihr Zuhause. Sie sehen h\u00fcbsch aus, wenn sie an einer Wand oder T\u00fcr h\u00e4ngen oder auf einem Regal aufgestellt werden. Sie eignen sich auch hervorragend als Geschenk, insbesondere zu Taufen und Hochzeiten.<\/p>\n","protected":false},"excerpt":{"rendered":"<p>Engelsfl\u00fcgel aus Federholz im Vintage-Stil, handgeschnitzt aus nachhaltigem Albesia-Holz und im White-Washed-Verfahren veredelt. Jedes Schmuckst\u00fcck wird von Hand bearbeitet, was ihm seine Einzigartigkeit verleiht. Diese h\u00fcbschen Engelsfl\u00fcgel sind ein sch\u00f6nes Geschenk oder eine sch\u00f6ne Dekoration f\u00fcr Ihr Zuhause. Sie sehen h\u00fcbsch aus, wenn sie an einer Wand oder T\u00fcr h\u00e4ngen oder auf einem Regal aufgestellt [&hellip;]<\/p>\n","protected":false},"featured_media":433610,"comment_status":"closed","ping_status":"open","template":"","meta":{"_angie_page":false},"product_brand":[],"product_cat":[14194,14060],"product_tag":[],"class_list":{"0":"post-218441","1":"product","2":"type-product","3":"status-publish","4":"has-post-thumbnail","6":"product_cat-sammlerfiguren","7":"product_cat-vintage-geschenke-und-souvenirs","8":"pa_collection-hand-crafted-angel-wings-de","9":"pa_made-in-indonesien","11":"first","12":"instock","13":"purchasable","14":"product-type-simple"},"supplier_id":8144,"supplier_sku":"AWL-01","barcode":null,"atum_controlled":true,"out_stock_date":null,"out_stock_threshold":null,"inheritable":false,"inbound_stock":null,"stock_on_hold":0,"sold_today":0,"sales_last_days":0,"reserved_stock":null,"customer_returns":null,"warehouse_damage":null,"lost_in_post":null,"other_logs":null,"out_stock_days":0,"lost_sales":0,"has_location":null,"update_date":"2026-04-27T06:52:28","atum_locations":[],"atum_stock_status":"instock","restock_status":false,"low_stock_amount":"","sales_update_date":"2026-01-30T01:26:12","calc_backorders":null,"_links":{"self":[{"href":"https:\/\/aromasentia.com\/de\/wp-json\/wp\/v2\/product\/218441","targetHints":{"allow":["GET"]}}],"collection":[{"href":"https:\/\/aromasentia.com\/de\/wp-json\/wp\/v2\/product"}],"about":[{"href":"https:\/\/aromasentia.com\/de\/wp-json\/wp\/v2\/types\/product"}],"replies":[{"embeddable":true,"href":"https:\/\/aromasentia.com\/de\/wp-json\/wp\/v2\/comments?post=218441"}],"version-history":[{"count":0,"href":"https:\/\/aromasentia.com\/de\/wp-json\/wp\/v2\/product\/218441\/revisions"}],"wp:featuredmedia":[{"embeddable":true,"href":"https:\/\/aromasentia.com\/de\/wp-json\/wp\/v2\/media\/433610"}],"wp:attachment":[{"href":"https:\/\/aromasentia.com\/de\/wp-json\/wp\/v2\/media?parent=218441"}],"wp:term":[{"taxonomy":"product_brand","embeddable":true,"href":"https:\/\/aromasentia.com\/de\/wp-json\/wp\/v2\/product_brand?post=218441"},{"taxonomy":"product_cat","embeddable":true,"href":"https:\/\/aromasentia.com\/de\/wp-json\/wp\/v2\/product_cat?post=218441"},{"taxonomy":"product_tag","embeddable":true,"href":"https:\/\/aromasentia.com\/de\/wp-json\/wp\/v2\/product_tag?post=218441"}],"curies":[{"name":"wp","href":"https:\/\/api.w.org\/{rel}","templated":true}]}}