{"id":218433,"date":"2025-03-23T11:55:38","date_gmt":"2025-03-23T11:55:38","guid":{"rendered":"https:\/\/aromasentia.com\/product\/set-of-3-lucky-elephants-asst-sizes\/"},"modified":"2025-12-30T19:27:47","modified_gmt":"2025-12-30T19:27:47","slug":"set-of-3-glueckliche-elefantenverschiedene-groessen","status":"publish","type":"product","link":"https:\/\/aromasentia.com\/de\/set-of-3-glueckliche-elefantenverschiedene-groessen\/","title":{"rendered":"Set of 3 &#8211; Gl\u00fcckliche Elefanten(verschiedene Gr\u00f6\u00dfen)"},"content":{"rendered":"<p>Gr\u00f6\u00dfen der Elefanten:<\/p>\n<p>B: H\u00f6he 5,5 cm, L\u00e4nge 9 cm, Breite 3 cm, Gewicht 210 g<\/p>\n<p>M: H\u00f6he 4,5 cm, L\u00e4nge 8 cm, Breite 2,5 cm, Gewicht 117 g<\/p>\n<p>S: H\u00f6he 4 cm, L\u00e4nge 6,5 cm, Breite 2 cm, Gewicht 86 g<\/p>\n<p><\/p>\n","protected":false},"excerpt":{"rendered":"<p>Gr\u00f6\u00dfen der Elefanten: B: H\u00f6he 5,5 cm, L\u00e4nge 9 cm, Breite 3 cm, Gewicht 210 g M: H\u00f6he 4,5 cm, L\u00e4nge 8 cm, Breite 2,5 cm, Gewicht 117 g S: H\u00f6he 4 cm, L\u00e4nge 6,5 cm, Breite 2 cm, Gewicht 86 g<\/p>\n","protected":false},"featured_media":434596,"comment_status":"closed","ping_status":"open","template":"","meta":[],"product_brand":[],"product_cat":[14408,14060],"product_tag":[],"class_list":{"0":"post-218433","1":"product","2":"type-product","3":"status-publish","4":"has-post-thumbnail","6":"product_cat-feng-shui-und-tibetische-kollektion","7":"product_cat-vintage-geschenke-und-souvenirs","8":"pa_collection-brass-fengshui-objects-de","9":"pa_made-in-indonesien","11":"first","12":"instock","13":"purchasable","14":"product-type-simple"},"supplier_id":null,"supplier_sku":"BFF-24","barcode":null,"atum_controlled":true,"out_stock_date":null,"out_stock_threshold":null,"inheritable":false,"inbound_stock":null,"stock_on_hold":0,"sold_today":0,"sales_last_days":0,"reserved_stock":null,"customer_returns":null,"warehouse_damage":null,"lost_in_post":null,"other_logs":null,"out_stock_days":0,"lost_sales":0,"has_location":null,"update_date":"2026-02-10T03:16:20","atum_locations":[],"atum_stock_status":"instock","restock_status":false,"low_stock_amount":"","sales_update_date":"2026-01-30T01:24:43","calc_backorders":null,"_links":{"self":[{"href":"https:\/\/aromasentia.com\/de\/wp-json\/wp\/v2\/product\/218433","targetHints":{"allow":["GET"]}}],"collection":[{"href":"https:\/\/aromasentia.com\/de\/wp-json\/wp\/v2\/product"}],"about":[{"href":"https:\/\/aromasentia.com\/de\/wp-json\/wp\/v2\/types\/product"}],"replies":[{"embeddable":true,"href":"https:\/\/aromasentia.com\/de\/wp-json\/wp\/v2\/comments?post=218433"}],"version-history":[{"count":0,"href":"https:\/\/aromasentia.com\/de\/wp-json\/wp\/v2\/product\/218433\/revisions"}],"wp:featuredmedia":[{"embeddable":true,"href":"https:\/\/aromasentia.com\/de\/wp-json\/wp\/v2\/media\/434596"}],"wp:attachment":[{"href":"https:\/\/aromasentia.com\/de\/wp-json\/wp\/v2\/media?parent=218433"}],"wp:term":[{"taxonomy":"product_brand","embeddable":true,"href":"https:\/\/aromasentia.com\/de\/wp-json\/wp\/v2\/product_brand?post=218433"},{"taxonomy":"product_cat","embeddable":true,"href":"https:\/\/aromasentia.com\/de\/wp-json\/wp\/v2\/product_cat?post=218433"},{"taxonomy":"product_tag","embeddable":true,"href":"https:\/\/aromasentia.com\/de\/wp-json\/wp\/v2\/product_tag?post=218433"}],"curies":[{"name":"wp","href":"https:\/\/api.w.org\/{rel}","templated":true}]}}