{"id":218409,"date":"2025-03-23T11:55:38","date_gmt":"2025-03-23T11:55:38","guid":{"rendered":"https:\/\/aromasentia.com\/product\/bali-dreamcatchers-large-multi-pyramid\/"},"modified":"2025-12-30T19:27:40","modified_gmt":"2025-12-30T19:27:40","slug":"bali-traumfaenger-grosse-bunte-pyramide","status":"publish","type":"product","link":"https:\/\/aromasentia.com\/de\/bali-traumfaenger-grosse-bunte-pyramide\/","title":{"rendered":"Bali-Traumf\u00e4nger- Gro\u00dfe bunte Pyramide"},"content":{"rendered":"<p>Aroma Sentia-ping Traumf\u00e4nger. Wahrscheinlich die beste Qualit\u00e4t und das beste Preis-Leistungs-Verh\u00e4ltnis auf dem Markt. Hergestellt f\u00fcr AW auf Bali, direkt an Sie geliefert. Verpackt mit einem kleinen Info-Etikett, aus hochwertigen Materialien gefertigt, verkaufen sich diese Traumf\u00e4nger schnell und gut pr\u00e4sentiert. Bitte nicht mit g\u00fcnstigeren Versionen verwechseln. Die amerikanischen Ureinwohner glauben, dass die Nacht gute und schlechte Tr\u00e4ume bringt. Der Traumf\u00e4nger, neben dem Bett aufgeh\u00e4ngt, f\u00e4ngt die Tr\u00e4ume ein. Die guten Tr\u00e4ume finden den Weg durch den Traumf\u00e4nger, die schlechten Tr\u00e4ume verfangen sich im Traumf\u00e4nger und verschwinden mit dem ersten Licht der Morgend\u00e4mmerung. Auf Bali sind die Einheimischen eng mit der Geisterwelt verbunden und haben den Traumf\u00e4nger \u00fcbernommen und seine Kraft erneuert. Dieser Traumf\u00e4nger wurde mit Liebe und Segen hergestellt.&nbsp;<\/p>\n<p>S\u00fc\u00dfe Tr\u00e4ume.&nbsp;<\/p>\n<p><strong>Gr\u00f6\u00dfen des Traumf\u00e4ngers<\/strong>: H: 90 cm, B: 2 cm, L: 46 cm<\/p>\n<p><strong>Rahmengr\u00f6\u00dfen:<\/strong> H: 46 cm, T: 38 cm, Federgr\u00f6\u00dfen: 15 cm<\/p>\n","protected":false},"excerpt":{"rendered":"<p>Aroma Sentia-ping Traumf\u00e4nger. Wahrscheinlich die beste Qualit\u00e4t und das beste Preis-Leistungs-Verh\u00e4ltnis auf dem Markt. Hergestellt f\u00fcr AW auf Bali, direkt an Sie geliefert. Verpackt mit einem kleinen Info-Etikett, aus hochwertigen Materialien gefertigt, verkaufen sich diese Traumf\u00e4nger schnell und gut pr\u00e4sentiert. Bitte nicht mit g\u00fcnstigeren Versionen verwechseln. Die amerikanischen Ureinwohner glauben, dass die Nacht gute und [&hellip;]<\/p>\n","protected":false},"featured_media":434358,"comment_status":"closed","ping_status":"open","template":"","meta":[],"product_brand":[],"product_cat":[14451,14452,14060],"product_tag":[],"class_list":{"0":"post-218409","1":"product","2":"type-product","3":"status-publish","4":"has-post-thumbnail","6":"product_cat-haus-und-gartendeko","7":"product_cat-makramees-und-traumfanger","8":"product_cat-vintage-geschenke-und-souvenirs","9":"pa_collection-bali-dream-catcher-de","10":"pa_made-in-indonesien","12":"first","13":"instock","14":"purchasable","15":"product-type-simple"},"supplier_id":null,"supplier_sku":"BDC-16","barcode":null,"atum_controlled":true,"out_stock_date":null,"out_stock_threshold":null,"inheritable":false,"inbound_stock":null,"stock_on_hold":0,"sold_today":0,"sales_last_days":0,"reserved_stock":null,"customer_returns":null,"warehouse_damage":null,"lost_in_post":null,"other_logs":null,"out_stock_days":0,"lost_sales":0,"has_location":null,"update_date":"2026-01-27T12:55:59","atum_locations":[],"atum_stock_status":"instock","restock_status":false,"low_stock_amount":"","sales_update_date":"2026-01-20T05:13:12","calc_backorders":null,"_links":{"self":[{"href":"https:\/\/aromasentia.com\/de\/wp-json\/wp\/v2\/product\/218409","targetHints":{"allow":["GET"]}}],"collection":[{"href":"https:\/\/aromasentia.com\/de\/wp-json\/wp\/v2\/product"}],"about":[{"href":"https:\/\/aromasentia.com\/de\/wp-json\/wp\/v2\/types\/product"}],"replies":[{"embeddable":true,"href":"https:\/\/aromasentia.com\/de\/wp-json\/wp\/v2\/comments?post=218409"}],"version-history":[{"count":0,"href":"https:\/\/aromasentia.com\/de\/wp-json\/wp\/v2\/product\/218409\/revisions"}],"wp:featuredmedia":[{"embeddable":true,"href":"https:\/\/aromasentia.com\/de\/wp-json\/wp\/v2\/media\/434358"}],"wp:attachment":[{"href":"https:\/\/aromasentia.com\/de\/wp-json\/wp\/v2\/media?parent=218409"}],"wp:term":[{"taxonomy":"product_brand","embeddable":true,"href":"https:\/\/aromasentia.com\/de\/wp-json\/wp\/v2\/product_brand?post=218409"},{"taxonomy":"product_cat","embeddable":true,"href":"https:\/\/aromasentia.com\/de\/wp-json\/wp\/v2\/product_cat?post=218409"},{"taxonomy":"product_tag","embeddable":true,"href":"https:\/\/aromasentia.com\/de\/wp-json\/wp\/v2\/product_tag?post=218409"}],"curies":[{"name":"wp","href":"https:\/\/api.w.org\/{rel}","templated":true}]}}