{"id":218405,"date":"2025-03-23T11:55:38","date_gmt":"2025-03-23T11:55:38","guid":{"rendered":"https:\/\/aromasentia.com\/product\/bali-dreamcatcher-xlarge-round-cream-coffee-choc\/"},"modified":"2025-12-30T19:27:40","modified_gmt":"2025-12-30T19:27:40","slug":"bali-traumfaenger-xlgross-braun-creme-schwarz","status":"publish","type":"product","link":"https:\/\/aromasentia.com\/de\/bali-traumfaenger-xlgross-braun-creme-schwarz\/","title":{"rendered":"Bali Traumf\u00e4nger &#8211; XLGro\u00df Braun\/Creme\/Schwarz"},"content":{"rendered":"<p>Investieren Sie in s\u00fc\u00dfe Tr\u00e4ume mit diesem extragro\u00dfen Bali-Traumf\u00e4nger. Dieser handgefertigte Traumf\u00e4nger besteht aus einem 32 cm langen Holzring, der von Hand mit cremefarbener, kaffeebrauner und schokoladenbrauner Wildlederkordel umwickelt ist. Darauf folgen ein 11 cm langer und drei 9 cm lange Ringe, die an robusten Schn\u00fcren aufgeh\u00e4ngt sind. Alle Ringe sind mit cremefarbenen Schn\u00fcren versehen, an denen kleine Holzperlen spiralf\u00f6rmig zur Mitte hin verlaufen. Darunter h\u00e4ngen 11 S\u00e4tze mit je 4 Federn. Handgefertigter Traumf\u00e4nger: Oberer Ring: 32 cm Durchmesser. Gesamtl\u00e4nge ca. 115 cm. Wird mit einer kleinen Karte geliefert, die die Legende des Traumf\u00e4ngers erkl\u00e4rt. Dieser Traumf\u00e4nger wurde mit Liebe und Segen hergestellt.<\/p>\n","protected":false},"excerpt":{"rendered":"<p>Investieren Sie in s\u00fc\u00dfe Tr\u00e4ume mit diesem extragro\u00dfen Bali-Traumf\u00e4nger. Dieser handgefertigte Traumf\u00e4nger besteht aus einem 32 cm langen Holzring, der von Hand mit cremefarbener, kaffeebrauner und schokoladenbrauner Wildlederkordel umwickelt ist. Darauf folgen ein 11 cm langer und drei 9 cm lange Ringe, die an robusten Schn\u00fcren aufgeh\u00e4ngt sind. Alle Ringe sind mit cremefarbenen Schn\u00fcren versehen, [&hellip;]<\/p>\n","protected":false},"featured_media":434309,"comment_status":"closed","ping_status":"open","template":"","meta":{"_angie_page":false},"product_brand":[],"product_cat":[14451,14452,14060],"product_tag":[],"class_list":{"0":"post-218405","1":"product","2":"type-product","3":"status-publish","4":"has-post-thumbnail","6":"product_cat-haus-und-gartendeko","7":"product_cat-makramees-und-traumfanger","8":"product_cat-vintage-geschenke-und-souvenirs","9":"pa_collection-bali-dream-catcher-de","10":"pa_made-in-indonesien","12":"first","13":"outofstock","14":"purchasable","15":"product-type-simple"},"supplier_id":null,"supplier_sku":"BDC-15","barcode":null,"atum_controlled":true,"out_stock_date":"2026-04-25 16:41:48","out_stock_threshold":null,"inheritable":false,"inbound_stock":null,"stock_on_hold":0,"sold_today":0,"sales_last_days":0,"reserved_stock":null,"customer_returns":null,"warehouse_damage":null,"lost_in_post":null,"other_logs":null,"out_stock_days":0,"lost_sales":0,"has_location":null,"update_date":"2026-04-27T06:54:47","atum_locations":[],"atum_stock_status":"outofstock","restock_status":false,"low_stock_amount":"","sales_update_date":"2025-10-09T03:26:14","calc_backorders":null,"_links":{"self":[{"href":"https:\/\/aromasentia.com\/de\/wp-json\/wp\/v2\/product\/218405","targetHints":{"allow":["GET"]}}],"collection":[{"href":"https:\/\/aromasentia.com\/de\/wp-json\/wp\/v2\/product"}],"about":[{"href":"https:\/\/aromasentia.com\/de\/wp-json\/wp\/v2\/types\/product"}],"replies":[{"embeddable":true,"href":"https:\/\/aromasentia.com\/de\/wp-json\/wp\/v2\/comments?post=218405"}],"version-history":[{"count":0,"href":"https:\/\/aromasentia.com\/de\/wp-json\/wp\/v2\/product\/218405\/revisions"}],"wp:featuredmedia":[{"embeddable":true,"href":"https:\/\/aromasentia.com\/de\/wp-json\/wp\/v2\/media\/434309"}],"wp:attachment":[{"href":"https:\/\/aromasentia.com\/de\/wp-json\/wp\/v2\/media?parent=218405"}],"wp:term":[{"taxonomy":"product_brand","embeddable":true,"href":"https:\/\/aromasentia.com\/de\/wp-json\/wp\/v2\/product_brand?post=218405"},{"taxonomy":"product_cat","embeddable":true,"href":"https:\/\/aromasentia.com\/de\/wp-json\/wp\/v2\/product_cat?post=218405"},{"taxonomy":"product_tag","embeddable":true,"href":"https:\/\/aromasentia.com\/de\/wp-json\/wp\/v2\/product_tag?post=218405"}],"curies":[{"name":"wp","href":"https:\/\/api.w.org\/{rel}","templated":true}]}}