{"id":218389,"date":"2025-03-23T11:55:38","date_gmt":"2025-03-23T11:55:38","guid":{"rendered":"https:\/\/aromasentia.com\/product\/bali-dreamcatcher-large-round-black-white-red\/"},"modified":"2025-12-30T19:27:40","modified_gmt":"2025-12-30T19:27:40","slug":"bali-traumfaenger-gross-schwarz-weiss-rot","status":"publish","type":"product","link":"https:\/\/aromasentia.com\/de\/bali-traumfaenger-gross-schwarz-weiss-rot\/","title":{"rendered":"Bali Traumf\u00e4nger Gro\u00df &#8211; Schwarz\/Wei\u00df\/Rot"},"content":{"rendered":"<p>Die amerikanischen Ureinwohner glauben, dass die Nacht gute und schlechte Tr\u00e4ume bringt.<\/p>\n<p>Der Traumf\u00e4nger, der neben Ihrem Bett h\u00e4ngt, f\u00e4ngt die Tr\u00e4ume ein. Die guten Tr\u00e4ume finden den Weg durch den Traumf\u00e4nger, die schlechten Tr\u00e4ume, die den Weg nicht kennen, verfangen sich im Traumf\u00e4nger und vergehen mit dem ersten Licht der Morgend\u00e4mmerung.<\/p>\n<p>Auf Bali sind die Einheimischen eng mit der Geisterwelt verbunden und haben den Traumf\u00e4nger \u00fcbernommen und seine Kraft erneuert.<\/p>\n<p>Dieser Traumf\u00e4nger wurde mit Liebe und Segen hergestellt. S\u00fc\u00dfe Tr\u00e4ume.<\/p>\n<p>&#8211; Handgefertigter Traumf\u00e4nger<\/p>\n<p>&#8211; Oberer Ring 17 cm Durchmesser<\/p>\n<p>&#8211; Gesamtl\u00e4nge zum Aufh\u00e4ngen ca. 55 cm<\/p>\n<p>&#8211; Wird mit einer kleinen Karte geliefert, die die Legende des Traumf\u00e4ngers erkl\u00e4rt.<\/p>\n","protected":false},"excerpt":{"rendered":"<p>Die amerikanischen Ureinwohner glauben, dass die Nacht gute und schlechte Tr\u00e4ume bringt. Der Traumf\u00e4nger, der neben Ihrem Bett h\u00e4ngt, f\u00e4ngt die Tr\u00e4ume ein. Die guten Tr\u00e4ume finden den Weg durch den Traumf\u00e4nger, die schlechten Tr\u00e4ume, die den Weg nicht kennen, verfangen sich im Traumf\u00e4nger und vergehen mit dem ersten Licht der Morgend\u00e4mmerung. Auf Bali sind [&hellip;]<\/p>\n","protected":false},"featured_media":434185,"comment_status":"closed","ping_status":"open","template":"","meta":{"_angie_page":false},"product_brand":[],"product_cat":[14451,14452,14060],"product_tag":[],"class_list":{"0":"post-218389","1":"product","2":"type-product","3":"status-publish","4":"has-post-thumbnail","6":"product_cat-haus-und-gartendeko","7":"product_cat-makramees-und-traumfanger","8":"product_cat-vintage-geschenke-und-souvenirs","9":"pa_collection-bali-dream-catcher-de","10":"pa_made-in-indonesien","12":"first","13":"outofstock","14":"purchasable","15":"product-type-simple"},"supplier_id":null,"supplier_sku":"BDC-11","barcode":null,"atum_controlled":true,"out_stock_date":"2026-04-25 16:41:16","out_stock_threshold":null,"inheritable":false,"inbound_stock":null,"stock_on_hold":0,"sold_today":0,"sales_last_days":0,"reserved_stock":null,"customer_returns":null,"warehouse_damage":null,"lost_in_post":null,"other_logs":null,"out_stock_days":0,"lost_sales":0,"has_location":null,"update_date":"2026-04-27T06:54:47","atum_locations":[],"atum_stock_status":"outofstock","restock_status":false,"low_stock_amount":"","sales_update_date":"2026-01-20T05:13:59","calc_backorders":null,"_links":{"self":[{"href":"https:\/\/aromasentia.com\/de\/wp-json\/wp\/v2\/product\/218389","targetHints":{"allow":["GET"]}}],"collection":[{"href":"https:\/\/aromasentia.com\/de\/wp-json\/wp\/v2\/product"}],"about":[{"href":"https:\/\/aromasentia.com\/de\/wp-json\/wp\/v2\/types\/product"}],"replies":[{"embeddable":true,"href":"https:\/\/aromasentia.com\/de\/wp-json\/wp\/v2\/comments?post=218389"}],"version-history":[{"count":0,"href":"https:\/\/aromasentia.com\/de\/wp-json\/wp\/v2\/product\/218389\/revisions"}],"wp:featuredmedia":[{"embeddable":true,"href":"https:\/\/aromasentia.com\/de\/wp-json\/wp\/v2\/media\/434185"}],"wp:attachment":[{"href":"https:\/\/aromasentia.com\/de\/wp-json\/wp\/v2\/media?parent=218389"}],"wp:term":[{"taxonomy":"product_brand","embeddable":true,"href":"https:\/\/aromasentia.com\/de\/wp-json\/wp\/v2\/product_brand?post=218389"},{"taxonomy":"product_cat","embeddable":true,"href":"https:\/\/aromasentia.com\/de\/wp-json\/wp\/v2\/product_cat?post=218389"},{"taxonomy":"product_tag","embeddable":true,"href":"https:\/\/aromasentia.com\/de\/wp-json\/wp\/v2\/product_tag?post=218389"}],"curies":[{"name":"wp","href":"https:\/\/api.w.org\/{rel}","templated":true}]}}