{"id":218369,"date":"2025-03-23T11:57:20","date_gmt":"2025-03-23T11:57:20","guid":{"rendered":"https:\/\/aromasentia.com\/product\/fengshui-med-dragon-with-ball-27cm\/"},"modified":"2025-12-30T19:27:32","modified_gmt":"2025-12-30T19:27:32","slug":"fengshui-mitt-drache-mit-ball-27cm","status":"publish","type":"product","link":"https:\/\/aromasentia.com\/de\/fengshui-mitt-drache-mit-ball-27cm\/","title":{"rendered":"Fengshui -Mitt. Drache mit Ball &#8211; 27cm"},"content":{"rendered":"<p>Fengshui \u2013 Gro\u00dfer Drache mit Ball \u2013 27 cm. Bringen Sie Freude und Gl\u00fcck in Ihr Zuhause, Ihr Spa oder einen heiligen Ort mit diesen wundersch\u00f6nen Fengshui-Figuren aus Messing von Aroma Sentia \u2013 Ping. Sie sind ein auff\u00e4lliger und exotischer Blickfang in Ihrem Zuhause. Diese orientalisch inspirierten Ornamente stellen das traditionelle Fengshui in einem eleganten Design dar. Fengshui aus Messing verbreitet ein Gef\u00fchl von Frieden und Ruhe in Ihrem Zuhause. Die dezenten, neutralen Farbt\u00f6ne passen gut zu jeder bestehenden Inneneinrichtung und verleihen der Innen- und Au\u00dfengestaltung Ruhe und Gelassenheit. \u2b50 Handgefertigter Artikel. \u2b50 Material: Messing. \u2b50 Wundersch\u00f6nes Statement-St\u00fcck. \u2b50 Seien wir ehrlich? F\u00fcgen Sie mich hinzu und ich werde Sie gl\u00fccklich machen.<\/p>\n","protected":false},"excerpt":{"rendered":"<p>Fengshui \u2013 Gro\u00dfer Drache mit Ball \u2013 27 cm. Bringen Sie Freude und Gl\u00fcck in Ihr Zuhause, Ihr Spa oder einen heiligen Ort mit diesen wundersch\u00f6nen Fengshui-Figuren aus Messing von Aroma Sentia \u2013 Ping. Sie sind ein auff\u00e4lliger und exotischer Blickfang in Ihrem Zuhause. Diese orientalisch inspirierten Ornamente stellen das traditionelle Fengshui in einem eleganten [&hellip;]<\/p>\n","protected":false},"featured_media":434688,"comment_status":"closed","ping_status":"open","template":"","meta":{"_angie_page":false},"product_brand":[],"product_cat":[14408,14060],"product_tag":[],"class_list":{"0":"post-218369","1":"product","2":"type-product","3":"status-publish","4":"has-post-thumbnail","6":"product_cat-feng-shui-und-tibetische-kollektion","7":"product_cat-vintage-geschenke-und-souvenirs","8":"pa_collection-brass-fengshui-objects-de","9":"pa_made-in-indonesien","11":"first","12":"outofstock","13":"purchasable","14":"product-type-simple"},"supplier_id":null,"supplier_sku":"BFF-06","barcode":null,"atum_controlled":true,"out_stock_date":"2025-09-04 21:45:52","out_stock_threshold":null,"inheritable":false,"inbound_stock":null,"stock_on_hold":0,"sold_today":0,"sales_last_days":0,"reserved_stock":null,"customer_returns":null,"warehouse_damage":null,"lost_in_post":null,"other_logs":null,"out_stock_days":34,"lost_sales":0,"has_location":null,"update_date":"2026-04-27T06:54:53","atum_locations":[],"atum_stock_status":"outofstock","restock_status":false,"low_stock_amount":"","sales_update_date":"2025-10-09T03:26:23","calc_backorders":null,"_links":{"self":[{"href":"https:\/\/aromasentia.com\/de\/wp-json\/wp\/v2\/product\/218369","targetHints":{"allow":["GET"]}}],"collection":[{"href":"https:\/\/aromasentia.com\/de\/wp-json\/wp\/v2\/product"}],"about":[{"href":"https:\/\/aromasentia.com\/de\/wp-json\/wp\/v2\/types\/product"}],"replies":[{"embeddable":true,"href":"https:\/\/aromasentia.com\/de\/wp-json\/wp\/v2\/comments?post=218369"}],"version-history":[{"count":0,"href":"https:\/\/aromasentia.com\/de\/wp-json\/wp\/v2\/product\/218369\/revisions"}],"wp:featuredmedia":[{"embeddable":true,"href":"https:\/\/aromasentia.com\/de\/wp-json\/wp\/v2\/media\/434688"}],"wp:attachment":[{"href":"https:\/\/aromasentia.com\/de\/wp-json\/wp\/v2\/media?parent=218369"}],"wp:term":[{"taxonomy":"product_brand","embeddable":true,"href":"https:\/\/aromasentia.com\/de\/wp-json\/wp\/v2\/product_brand?post=218369"},{"taxonomy":"product_cat","embeddable":true,"href":"https:\/\/aromasentia.com\/de\/wp-json\/wp\/v2\/product_cat?post=218369"},{"taxonomy":"product_tag","embeddable":true,"href":"https:\/\/aromasentia.com\/de\/wp-json\/wp\/v2\/product_tag?post=218369"}],"curies":[{"name":"wp","href":"https:\/\/api.w.org\/{rel}","templated":true}]}}