{"id":218361,"date":"2025-03-23T11:57:20","date_gmt":"2025-03-23T11:57:20","guid":{"rendered":"https:\/\/aromasentia.com\/product\/set-of-3-see-no-hear-no-speak-no-evil-brass-cats\/"},"modified":"2025-12-30T19:27:32","modified_gmt":"2025-12-30T19:27:32","slug":"3er-set-siehe-nichts-hoere-nichts-sprich-kein-boeses-messingkatzen","status":"publish","type":"product","link":"https:\/\/aromasentia.com\/de\/3er-set-siehe-nichts-hoere-nichts-sprich-kein-boeses-messingkatzen\/","title":{"rendered":"3er-Set &#8211; Siehe Nichts, H\u00f6re Nichts, Sprich Kein B\u00f6ses &#8211; Messingkatzen"},"content":{"rendered":"<p>Bringen Sie mit diesen wundersch\u00f6nen Messingkatzen Freude und Gl\u00fcck in das Zuhause Ihrer Kunden. Sie sind auch ein auff\u00e4lliger und exotischer Blickfang in Ihrem Gesch\u00e4ft.<\/p>\n<p>Die neutralen Farbt\u00f6ne passen gut zu jeder bestehenden Inneneinrichtung und verleihen der Innen- und Au\u00dfengestaltung Ruhe und Gelassenheit. Klassisch, leicht zu verkaufen.&nbsp;<\/p>\n<ul style=\"padding: 0px; color: rgb(114, 114, 114); font-family: Ubuntu, sans-serif; font-size: 16px; font-style: normal; font-variant-ligatures: normal; font-variant-caps: normal; font-weight: 400; letter-spacing: normal; orphans: 2; text-align: start; text-indent: 0px; text-transform: none; white-space: normal; widows: 2; word-spacing: 0px; -webkit-text-stroke-width: 0px; text-decoration-thickness: initial; text-decoration-style: initial; text-decoration-color: initial; background-color: rgb(255, 255, 255);\">\n<li>Handgefertigt Artikel<\/li>\n<li>Material: Messing<\/li>\n<li>Wundersch\u00f6nes Statement-St\u00fcck.<\/li>\n<\/ul>\n<p>Gr\u00f6\u00dfe der Katzen:<\/p>\n<p>Nein sprechen \u2013 7,8 cm<\/p>\n<p>Nein h\u00f6ren \u2013 7,5 cm<\/p>\n<p>Nein sehen \u2013 7,5 cm<\/p>\n","protected":false},"excerpt":{"rendered":"<p>Bringen Sie mit diesen wundersch\u00f6nen Messingkatzen Freude und Gl\u00fcck in das Zuhause Ihrer Kunden. Sie sind auch ein auff\u00e4lliger und exotischer Blickfang in Ihrem Gesch\u00e4ft. Die neutralen Farbt\u00f6ne passen gut zu jeder bestehenden Inneneinrichtung und verleihen der Innen- und Au\u00dfengestaltung Ruhe und Gelassenheit. Klassisch, leicht zu verkaufen.&nbsp; Handgefertigt Artikel Material: Messing Wundersch\u00f6nes Statement-St\u00fcck. Gr\u00f6\u00dfe der [&hellip;]<\/p>\n","protected":false},"featured_media":434622,"comment_status":"closed","ping_status":"open","template":"","meta":[],"product_brand":[],"product_cat":[14408,14060],"product_tag":[],"class_list":{"0":"post-218361","1":"product","2":"type-product","3":"status-publish","4":"has-post-thumbnail","6":"product_cat-feng-shui-und-tibetische-kollektion","7":"product_cat-vintage-geschenke-und-souvenirs","8":"pa_collection-brass-fengshui-objects-de","9":"pa_made-in-indonesien","11":"first","12":"instock","13":"purchasable","14":"product-type-simple"},"supplier_id":null,"supplier_sku":"BFF-20","barcode":null,"atum_controlled":true,"out_stock_date":null,"out_stock_threshold":null,"inheritable":false,"inbound_stock":null,"stock_on_hold":0,"sold_today":0,"sales_last_days":0,"reserved_stock":null,"customer_returns":null,"warehouse_damage":null,"lost_in_post":null,"other_logs":null,"out_stock_days":0,"lost_sales":0,"has_location":null,"update_date":"2026-01-30T01:26:19","atum_locations":[],"atum_stock_status":"instock","restock_status":false,"low_stock_amount":"","sales_update_date":"2026-01-30T01:26:19","calc_backorders":null,"_links":{"self":[{"href":"https:\/\/aromasentia.com\/de\/wp-json\/wp\/v2\/product\/218361","targetHints":{"allow":["GET"]}}],"collection":[{"href":"https:\/\/aromasentia.com\/de\/wp-json\/wp\/v2\/product"}],"about":[{"href":"https:\/\/aromasentia.com\/de\/wp-json\/wp\/v2\/types\/product"}],"replies":[{"embeddable":true,"href":"https:\/\/aromasentia.com\/de\/wp-json\/wp\/v2\/comments?post=218361"}],"version-history":[{"count":0,"href":"https:\/\/aromasentia.com\/de\/wp-json\/wp\/v2\/product\/218361\/revisions"}],"wp:featuredmedia":[{"embeddable":true,"href":"https:\/\/aromasentia.com\/de\/wp-json\/wp\/v2\/media\/434622"}],"wp:attachment":[{"href":"https:\/\/aromasentia.com\/de\/wp-json\/wp\/v2\/media?parent=218361"}],"wp:term":[{"taxonomy":"product_brand","embeddable":true,"href":"https:\/\/aromasentia.com\/de\/wp-json\/wp\/v2\/product_brand?post=218361"},{"taxonomy":"product_cat","embeddable":true,"href":"https:\/\/aromasentia.com\/de\/wp-json\/wp\/v2\/product_cat?post=218361"},{"taxonomy":"product_tag","embeddable":true,"href":"https:\/\/aromasentia.com\/de\/wp-json\/wp\/v2\/product_tag?post=218361"}],"curies":[{"name":"wp","href":"https:\/\/api.w.org\/{rel}","templated":true}]}}