{"id":218357,"date":"2025-03-23T11:57:20","date_gmt":"2025-03-23T11:57:20","guid":{"rendered":"https:\/\/aromasentia.com\/product\/set-of-3-see-no-evil-etc-monkeys\/"},"modified":"2025-12-30T19:27:32","modified_gmt":"2025-12-30T19:27:32","slug":"3er-set-siehe-kein-aoebel-usw-affen","status":"publish","type":"product","link":"https:\/\/aromasentia.com\/de\/3er-set-siehe-kein-aoebel-usw-affen\/","title":{"rendered":"3er-Set &#8211; Siehe Kein \u00c3\u0153bel usw. &#8211; Affen"},"content":{"rendered":"<p>3er-Set \u2013 \u201eNichts B\u00f6ses sehen\u201c usw. \u2013 Affen<\/p>\n<p>Bringen Sie Freude und Gl\u00fcck in Ihr Zuhause, Ihr Spa oder einen heiligen Ort mit diesen wundersch\u00f6nen Fengshui-Statuen aus Messing der alten Weisheit. Sie sind ein auff\u00e4lliger und exotischer Blickfang in Ihrem Zuhause.<\/p>\n<p>Diese orientalisch inspirierten Ornamente stellen das traditionelle Fengshui in einem eleganten Design dar. Fengshui aus Messing verbreitet sicherlich ein Gef\u00fchl von Frieden und Ruhe in Ihrem Zuhause und seine subtilen, neutralen Farbt\u00f6ne passen gut zu jeder vorhandenen Inneneinrichtung und verleihen der Innen- oder Au\u00dfengestaltung Gelassenheit und Ruhe.<\/p>\n<p>\u2b50 Handgefertigter Artikel<\/p>\n<p>\u2b50 Material: Messing<\/p>\n<p>\u2b50 Wundersch\u00f6nes Statement-St\u00fcck<\/p>\n<p>Seien wir ehrlich? F\u00fcgen Sie mich hinzu und ich werde Ihnen Gl\u00fcck bringen.<\/p>\n","protected":false},"excerpt":{"rendered":"<p>3er-Set \u2013 \u201eNichts B\u00f6ses sehen\u201c usw. \u2013 Affen Bringen Sie Freude und Gl\u00fcck in Ihr Zuhause, Ihr Spa oder einen heiligen Ort mit diesen wundersch\u00f6nen Fengshui-Statuen aus Messing der alten Weisheit. Sie sind ein auff\u00e4lliger und exotischer Blickfang in Ihrem Zuhause. Diese orientalisch inspirierten Ornamente stellen das traditionelle Fengshui in einem eleganten Design dar. Fengshui [&hellip;]<\/p>\n","protected":false},"featured_media":434605,"comment_status":"closed","ping_status":"open","template":"","meta":[],"product_brand":[],"product_cat":[14408,14060],"product_tag":[],"class_list":{"0":"post-218357","1":"product","2":"type-product","3":"status-publish","4":"has-post-thumbnail","6":"product_cat-feng-shui-und-tibetische-kollektion","7":"product_cat-vintage-geschenke-und-souvenirs","8":"pa_collection-brass-fengshui-objects-de","9":"pa_made-in-indonesien","11":"first","12":"instock","13":"purchasable","14":"product-type-simple"},"supplier_id":null,"supplier_sku":"BFF-12","barcode":null,"atum_controlled":true,"out_stock_date":null,"out_stock_threshold":null,"inheritable":false,"inbound_stock":null,"stock_on_hold":0,"sold_today":0,"sales_last_days":0,"reserved_stock":null,"customer_returns":null,"warehouse_damage":null,"lost_in_post":null,"other_logs":null,"out_stock_days":0,"lost_sales":0,"has_location":null,"update_date":"2026-01-30T01:26:25","atum_locations":[],"atum_stock_status":"instock","restock_status":false,"low_stock_amount":"","sales_update_date":"2026-01-30T01:26:25","calc_backorders":null,"_links":{"self":[{"href":"https:\/\/aromasentia.com\/de\/wp-json\/wp\/v2\/product\/218357","targetHints":{"allow":["GET"]}}],"collection":[{"href":"https:\/\/aromasentia.com\/de\/wp-json\/wp\/v2\/product"}],"about":[{"href":"https:\/\/aromasentia.com\/de\/wp-json\/wp\/v2\/types\/product"}],"replies":[{"embeddable":true,"href":"https:\/\/aromasentia.com\/de\/wp-json\/wp\/v2\/comments?post=218357"}],"version-history":[{"count":0,"href":"https:\/\/aromasentia.com\/de\/wp-json\/wp\/v2\/product\/218357\/revisions"}],"wp:featuredmedia":[{"embeddable":true,"href":"https:\/\/aromasentia.com\/de\/wp-json\/wp\/v2\/media\/434605"}],"wp:attachment":[{"href":"https:\/\/aromasentia.com\/de\/wp-json\/wp\/v2\/media?parent=218357"}],"wp:term":[{"taxonomy":"product_brand","embeddable":true,"href":"https:\/\/aromasentia.com\/de\/wp-json\/wp\/v2\/product_brand?post=218357"},{"taxonomy":"product_cat","embeddable":true,"href":"https:\/\/aromasentia.com\/de\/wp-json\/wp\/v2\/product_cat?post=218357"},{"taxonomy":"product_tag","embeddable":true,"href":"https:\/\/aromasentia.com\/de\/wp-json\/wp\/v2\/product_tag?post=218357"}],"curies":[{"name":"wp","href":"https:\/\/api.w.org\/{rel}","templated":true}]}}