{"id":218345,"date":"2025-03-23T11:58:30","date_gmt":"2025-03-23T11:58:30","guid":{"rendered":"https:\/\/aromasentia.com\/product\/art-elephant-set-of-3\/"},"modified":"2025-12-30T19:27:32","modified_gmt":"2025-12-30T19:27:32","slug":"art-elephant-set-of-3","status":"publish","type":"product","link":"https:\/\/aromasentia.com\/de\/art-elephant-set-of-3\/","title":{"rendered":"Art Elephant Set of 3"},"content":{"rendered":"<p><strong>Kunst-Elefant 3er-Set<\/strong><\/p>\n<p>Bringen Sie Freude und Gl\u00fcck in Ihr Zuhause, Ihr Spa oder einen heiligen Ort mit diesen wundersch\u00f6nen Fengshui-Figuren aus Messing. Sie sind ein auff\u00e4lliger und exotischer Blickfang in Ihrem Zuhause.<\/p>\n<p>Diese orientalisch inspirierten Ornamente stellen das traditionelle Fengshui in einem eleganten Design dar. Fengshui aus Messing verbreitet ein Gef\u00fchl von Frieden und Ruhe in Ihrem Zuhause. Die dezenten, neutralen Farbt\u00f6ne passen gut zu jeder bestehenden Einrichtung und verleihen der Innen- und Au\u00dfengestaltung Ruhe und Gelassenheit.<\/p>\n<p>\u2b50 Handgefertigter Artikel<\/p>\n<p>\u2b50 Material: Messing<\/p>\n<p>\u2b50 Wundersch\u00f6nes Statement-St\u00fcck<\/p>\n<p><strong>Seien wir ehrlich? F\u00fcgen Sie mich hinzu und ich werde Sie gl\u00fccklich machen.<\/strong><\/p>\n","protected":false},"excerpt":{"rendered":"<p>Kunst-Elefant 3er-Set Bringen Sie Freude und Gl\u00fcck in Ihr Zuhause, Ihr Spa oder einen heiligen Ort mit diesen wundersch\u00f6nen Fengshui-Figuren aus Messing. Sie sind ein auff\u00e4lliger und exotischer Blickfang in Ihrem Zuhause. Diese orientalisch inspirierten Ornamente stellen das traditionelle Fengshui in einem eleganten Design dar. Fengshui aus Messing verbreitet ein Gef\u00fchl von Frieden und Ruhe [&hellip;]<\/p>\n","protected":false},"featured_media":434929,"comment_status":"closed","ping_status":"open","template":"","meta":[],"product_brand":[],"product_cat":[14408,14060],"product_tag":[],"class_list":{"0":"post-218345","1":"product","2":"type-product","3":"status-publish","4":"has-post-thumbnail","6":"product_cat-feng-shui-und-tibetische-kollektion","7":"product_cat-vintage-geschenke-und-souvenirs","8":"pa_collection-brass-fengshui-objects-de","9":"pa_made-in-indonesien","11":"first","12":"instock","13":"purchasable","14":"product-type-simple"},"supplier_id":null,"supplier_sku":"BFF-33","barcode":null,"atum_controlled":true,"out_stock_date":null,"out_stock_threshold":null,"inheritable":false,"inbound_stock":null,"stock_on_hold":0,"sold_today":0,"sales_last_days":0,"reserved_stock":null,"customer_returns":null,"warehouse_damage":null,"lost_in_post":null,"other_logs":null,"out_stock_days":0,"lost_sales":0,"has_location":null,"update_date":"2026-02-06T00:00:46","atum_locations":[],"atum_stock_status":"instock","restock_status":false,"low_stock_amount":"","sales_update_date":"2026-02-06T00:00:46","calc_backorders":null,"_links":{"self":[{"href":"https:\/\/aromasentia.com\/de\/wp-json\/wp\/v2\/product\/218345","targetHints":{"allow":["GET"]}}],"collection":[{"href":"https:\/\/aromasentia.com\/de\/wp-json\/wp\/v2\/product"}],"about":[{"href":"https:\/\/aromasentia.com\/de\/wp-json\/wp\/v2\/types\/product"}],"replies":[{"embeddable":true,"href":"https:\/\/aromasentia.com\/de\/wp-json\/wp\/v2\/comments?post=218345"}],"version-history":[{"count":0,"href":"https:\/\/aromasentia.com\/de\/wp-json\/wp\/v2\/product\/218345\/revisions"}],"wp:featuredmedia":[{"embeddable":true,"href":"https:\/\/aromasentia.com\/de\/wp-json\/wp\/v2\/media\/434929"}],"wp:attachment":[{"href":"https:\/\/aromasentia.com\/de\/wp-json\/wp\/v2\/media?parent=218345"}],"wp:term":[{"taxonomy":"product_brand","embeddable":true,"href":"https:\/\/aromasentia.com\/de\/wp-json\/wp\/v2\/product_brand?post=218345"},{"taxonomy":"product_cat","embeddable":true,"href":"https:\/\/aromasentia.com\/de\/wp-json\/wp\/v2\/product_cat?post=218345"},{"taxonomy":"product_tag","embeddable":true,"href":"https:\/\/aromasentia.com\/de\/wp-json\/wp\/v2\/product_tag?post=218345"}],"curies":[{"name":"wp","href":"https:\/\/api.w.org\/{rel}","templated":true}]}}