{"id":218341,"date":"2025-03-23T11:58:30","date_gmt":"2025-03-23T11:58:30","guid":{"rendered":"https:\/\/aromasentia.com\/product\/large-art-elephant-candle-incense-holder\/"},"modified":"2025-12-30T19:27:25","modified_gmt":"2025-12-30T19:27:25","slug":"grosser-elefant-raeucherstaebchenhalter","status":"publish","type":"product","link":"https:\/\/aromasentia.com\/de\/grosser-elefant-raeucherstaebchenhalter\/","title":{"rendered":"Gro\u00dfer Elefant-R\u00e4ucherst\u00e4bchenhalter"},"content":{"rendered":"<p>Setzen Sie ein Zeichen mit dieser gro\u00dfen k\u00fcnstlerischen Elefantenfigur, die sowohl als Kerzen- als auch als R\u00e4ucherst\u00e4bchenhalter dient. Sein kunstvolles Design und seine beachtliche Gr\u00f6\u00dfe machen ihn zu einem fesselnden Blickfang f\u00fcr Ihre Einrichtung.<\/p>\n","protected":false},"excerpt":{"rendered":"<p>Setzen Sie ein Zeichen mit dieser gro\u00dfen k\u00fcnstlerischen Elefantenfigur, die sowohl als Kerzen- als auch als R\u00e4ucherst\u00e4bchenhalter dient. Sein kunstvolles Design und seine beachtliche Gr\u00f6\u00dfe machen ihn zu einem fesselnden Blickfang f\u00fcr Ihre Einrichtung.<\/p>\n","protected":false},"featured_media":434880,"comment_status":"closed","ping_status":"open","template":"","meta":{"_angie_page":false},"product_brand":[],"product_cat":[14408,14060],"product_tag":[],"class_list":{"0":"post-218341","1":"product","2":"type-product","3":"status-publish","4":"has-post-thumbnail","6":"product_cat-feng-shui-und-tibetische-kollektion","7":"product_cat-vintage-geschenke-und-souvenirs","8":"pa_collection-brass-fengshui-objects-de","9":"pa_made-in-indonesien","11":"first","12":"instock","13":"purchasable","14":"product-type-simple"},"supplier_id":null,"supplier_sku":"BFF-30","barcode":null,"atum_controlled":true,"out_stock_date":null,"out_stock_threshold":null,"inheritable":false,"inbound_stock":null,"stock_on_hold":0,"sold_today":0,"sales_last_days":0,"reserved_stock":null,"customer_returns":null,"warehouse_damage":null,"lost_in_post":null,"other_logs":null,"out_stock_days":0,"lost_sales":0,"has_location":null,"update_date":"2026-04-29T06:53:02","atum_locations":[],"atum_stock_status":"instock","restock_status":false,"low_stock_amount":"","sales_update_date":"2026-01-30T01:26:37","calc_backorders":null,"_links":{"self":[{"href":"https:\/\/aromasentia.com\/de\/wp-json\/wp\/v2\/product\/218341","targetHints":{"allow":["GET"]}}],"collection":[{"href":"https:\/\/aromasentia.com\/de\/wp-json\/wp\/v2\/product"}],"about":[{"href":"https:\/\/aromasentia.com\/de\/wp-json\/wp\/v2\/types\/product"}],"replies":[{"embeddable":true,"href":"https:\/\/aromasentia.com\/de\/wp-json\/wp\/v2\/comments?post=218341"}],"version-history":[{"count":0,"href":"https:\/\/aromasentia.com\/de\/wp-json\/wp\/v2\/product\/218341\/revisions"}],"wp:featuredmedia":[{"embeddable":true,"href":"https:\/\/aromasentia.com\/de\/wp-json\/wp\/v2\/media\/434880"}],"wp:attachment":[{"href":"https:\/\/aromasentia.com\/de\/wp-json\/wp\/v2\/media?parent=218341"}],"wp:term":[{"taxonomy":"product_brand","embeddable":true,"href":"https:\/\/aromasentia.com\/de\/wp-json\/wp\/v2\/product_brand?post=218341"},{"taxonomy":"product_cat","embeddable":true,"href":"https:\/\/aromasentia.com\/de\/wp-json\/wp\/v2\/product_cat?post=218341"},{"taxonomy":"product_tag","embeddable":true,"href":"https:\/\/aromasentia.com\/de\/wp-json\/wp\/v2\/product_tag?post=218341"}],"curies":[{"name":"wp","href":"https:\/\/api.w.org\/{rel}","templated":true}]}}