{"id":218309,"date":"2025-03-23T11:59:32","date_gmt":"2025-03-23T11:59:32","guid":{"rendered":"https:\/\/aromasentia.com\/product\/medium-ceramic-glazed-wood-box-15x10x6cm-black\/"},"modified":"2025-12-30T19:27:25","modified_gmt":"2025-12-30T19:27:25","slug":"mittelgrosse-holzkiste-mit-keramikglasur-15x10x6cm-schwarz","status":"publish","type":"product","link":"https:\/\/aromasentia.com\/de\/mittelgrosse-holzkiste-mit-keramikglasur-15x10x6cm-schwarz\/","title":{"rendered":"Mittelgro\u00dfe Holzkiste mit Keramikglasur \u2013 15x10x6cm \u2013 Schwarz"},"content":{"rendered":"<p><span style=\"color: rgb(75, 80, 88);\">Entdecken Sie unsere atemberaubende Kollektion <strong>Keramik-glasierter Holzboxen<\/strong>, handgefertigt im bezaubernden Norden Indiens aus Mangoholz.<\/span><\/p>\n<p><span style=\"color: rgb(75, 80, 88);\">Erleben Sie den Reiz des Geheimnisvollen mit unserer <strong>&nbsp;Black Box<\/strong>. Die reichhaltige Keramikglasur verst\u00e4rkt die tiefen T\u00f6ne des Holzes und schafft eine schlichte und elegante Aufbewahrungsl\u00f6sung. &nbsp;<br \/><\/span><\/p>\n<p><span style=\"color: rgb(75, 80, 88);\">Sie k\u00f6nnen Kunden mit der perfekten Mischung aus Funktionalit\u00e4t und himmlischer Eleganz verf\u00fchren, was diese Box zu einer unwiderstehlichen Erg\u00e4nzung f\u00fcr jedes Display macht.<\/span><\/p>\n<p><span style=\"color: rgb(75, 80, 88);\"><strong>Box clever und decken Sie sich noch heute ein.<\/strong><\/span><\/p>\n<p><span style=\"color: rgb(75, 80, 88);\"><strong>Ma\u00dfe<\/strong>: <em>15 x 10 x 6 cm<\/em><\/span><\/p>\n","protected":false},"excerpt":{"rendered":"<p>Entdecken Sie unsere atemberaubende Kollektion Keramik-glasierter Holzboxen, handgefertigt im bezaubernden Norden Indiens aus Mangoholz. Erleben Sie den Reiz des Geheimnisvollen mit unserer &nbsp;Black Box. Die reichhaltige Keramikglasur verst\u00e4rkt die tiefen T\u00f6ne des Holzes und schafft eine schlichte und elegante Aufbewahrungsl\u00f6sung. &nbsp; Sie k\u00f6nnen Kunden mit der perfekten Mischung aus Funktionalit\u00e4t und himmlischer Eleganz verf\u00fchren, was [&hellip;]<\/p>\n","protected":false},"featured_media":435159,"comment_status":"closed","ping_status":"open","template":"","meta":{"_angie_page":false},"product_brand":[],"product_cat":[14143,14142],"product_tag":[],"class_list":{"0":"post-218309","1":"product","2":"type-product","3":"status-publish","4":"has-post-thumbnail","6":"product_cat-aufbewahrung-geschenke-und-geschenkboxen","7":"product_cat-geschenkverpackung","8":"pa_collection-ceramic-glazed-wooden-boxes-de","9":"pa_made-in-indien","11":"first","12":"instock","13":"purchasable","14":"product-type-simple"},"supplier_id":null,"supplier_sku":"CGIBox-05","barcode":null,"atum_controlled":true,"out_stock_date":null,"out_stock_threshold":null,"inheritable":false,"inbound_stock":null,"stock_on_hold":0,"sold_today":0,"sales_last_days":0,"reserved_stock":null,"customer_returns":null,"warehouse_damage":null,"lost_in_post":null,"other_logs":null,"out_stock_days":0,"lost_sales":0,"has_location":null,"update_date":"2026-05-08T05:06:08","atum_locations":[],"atum_stock_status":"instock","restock_status":false,"low_stock_amount":"","sales_update_date":"2025-10-09T03:27:36","calc_backorders":null,"_links":{"self":[{"href":"https:\/\/aromasentia.com\/de\/wp-json\/wp\/v2\/product\/218309","targetHints":{"allow":["GET"]}}],"collection":[{"href":"https:\/\/aromasentia.com\/de\/wp-json\/wp\/v2\/product"}],"about":[{"href":"https:\/\/aromasentia.com\/de\/wp-json\/wp\/v2\/types\/product"}],"replies":[{"embeddable":true,"href":"https:\/\/aromasentia.com\/de\/wp-json\/wp\/v2\/comments?post=218309"}],"version-history":[{"count":0,"href":"https:\/\/aromasentia.com\/de\/wp-json\/wp\/v2\/product\/218309\/revisions"}],"wp:featuredmedia":[{"embeddable":true,"href":"https:\/\/aromasentia.com\/de\/wp-json\/wp\/v2\/media\/435159"}],"wp:attachment":[{"href":"https:\/\/aromasentia.com\/de\/wp-json\/wp\/v2\/media?parent=218309"}],"wp:term":[{"taxonomy":"product_brand","embeddable":true,"href":"https:\/\/aromasentia.com\/de\/wp-json\/wp\/v2\/product_brand?post=218309"},{"taxonomy":"product_cat","embeddable":true,"href":"https:\/\/aromasentia.com\/de\/wp-json\/wp\/v2\/product_cat?post=218309"},{"taxonomy":"product_tag","embeddable":true,"href":"https:\/\/aromasentia.com\/de\/wp-json\/wp\/v2\/product_tag?post=218309"}],"curies":[{"name":"wp","href":"https:\/\/api.w.org\/{rel}","templated":true}]}}