{"id":218289,"date":"2025-03-23T11:59:32","date_gmt":"2025-03-23T11:59:32","guid":{"rendered":"https:\/\/aromasentia.com\/product\/cotton-bound-notebooks-20x15cm-96-pages-pale-blue-floral\/"},"modified":"2025-12-30T19:27:17","modified_gmt":"2025-12-30T19:27:17","slug":"notizbuecher-mit-baumwollbindung-20-x-15-cm-96-seiten-blassblaues-blumenmuster","status":"publish","type":"product","link":"https:\/\/aromasentia.com\/de\/notizbuecher-mit-baumwollbindung-20-x-15-cm-96-seiten-blassblaues-blumenmuster\/","title":{"rendered":"Notizb\u00fccher mit Baumwollbindung, 20 x 15 cm \u2013 96 Seiten \u2013 Blassblaues Blumenmuster"},"content":{"rendered":"<p>F\u00f6rdern Sie Kreativit\u00e4t und ein Gef\u00fchl der Ruhe mit dem <strong>Gro\u00dfhandelsbuch Pale Blue Floral Cotton Bound Notebook<\/strong>. Dieses bezaubernde Notizbuch zeigt ein zartes Blumendesign in beruhigenden Blaut\u00f6nen, das eine heitere und inspirierende Atmosph\u00e4re schafft.<\/p>\n<p>Mit <strong>96 Seiten&nbsp;<\/strong>hochwertigem Papier bietet dieses Notizbuch gen\u00fcgend Platz f\u00fcr <strong>ausf\u00fchrliches Schreiben, detaillierte Zeichnungen<\/strong> oder <strong>ruhige Brainstorming-Sitzungen<\/strong>. Ob Sch\u00fcler Gedichte verfassen, K\u00fcnstler Naturstudien festhalten oder Berufst\u00e4tige ihre Ideen auf achtsame Weise festhalten, dieses Notizbuch bietet die perfekte Plattform f\u00fcr ihre Bem\u00fchungen.<\/p>\n<p>Mit den Ma\u00dfen <strong>20 x 15 cm<\/strong> findet dieses Journal die ideale Balance zwischen Ger\u00e4umigkeit und Tragbarkeit. Es ist gro\u00df genug f\u00fcr ausf\u00fchrliche Texte oder detaillierte Kunstwerke, aber auch kompakt genug, um es problemlos in Rucks\u00e4cken, Taschen oder Portemonnaies zu transportieren<\/strong>. So k\u00f6nnen Sie Ideen und Inspirationen festhalten, wo immer sie auftauchen.<\/p>\n<p><span style=\"color: rgb(44, 130, 201);\">Sichern Sie sich noch heute das Pale Blue Floral Cotton Bound Notebook und beobachten Sie, wie Ihre Ums\u00e4tze bl\u00fchen!<\/span> <\/p>\n","protected":false},"excerpt":{"rendered":"<p>F\u00f6rdern Sie Kreativit\u00e4t und ein Gef\u00fchl der Ruhe mit dem Gro\u00dfhandelsbuch Pale Blue Floral Cotton Bound Notebook. Dieses bezaubernde Notizbuch zeigt ein zartes Blumendesign in beruhigenden Blaut\u00f6nen, das eine heitere und inspirierende Atmosph\u00e4re schafft. Mit 96 Seiten&nbsp;hochwertigem Papier bietet dieses Notizbuch gen\u00fcgend Platz f\u00fcr ausf\u00fchrliches Schreiben, detaillierte Zeichnungen oder ruhige Brainstorming-Sitzungen. Ob Sch\u00fcler Gedichte verfassen, [&hellip;]<\/p>\n","protected":false},"featured_media":435082,"comment_status":"closed","ping_status":"open","template":"","meta":{"_angie_page":false},"product_brand":[],"product_cat":[14059,14060],"product_tag":[],"class_list":{"0":"post-218289","1":"product","2":"type-product","3":"status-publish","4":"has-post-thumbnail","6":"product_cat-notizbucher","7":"product_cat-vintage-geschenke-und-souvenirs","8":"pa_collection-cotton-bound-notebooks-de","9":"pa_made-in-indien","11":"first","12":"instock","13":"purchasable","14":"product-type-simple"},"supplier_id":null,"supplier_sku":"CBN-09","barcode":null,"atum_controlled":true,"out_stock_date":null,"out_stock_threshold":null,"inheritable":false,"inbound_stock":null,"stock_on_hold":0,"sold_today":0,"sales_last_days":0,"reserved_stock":null,"customer_returns":null,"warehouse_damage":null,"lost_in_post":null,"other_logs":null,"out_stock_days":0,"lost_sales":0,"has_location":null,"update_date":"2026-04-27T06:56:04","atum_locations":[],"atum_stock_status":"instock","restock_status":false,"low_stock_amount":"","sales_update_date":"2026-02-06T00:01:30","calc_backorders":null,"_links":{"self":[{"href":"https:\/\/aromasentia.com\/de\/wp-json\/wp\/v2\/product\/218289","targetHints":{"allow":["GET"]}}],"collection":[{"href":"https:\/\/aromasentia.com\/de\/wp-json\/wp\/v2\/product"}],"about":[{"href":"https:\/\/aromasentia.com\/de\/wp-json\/wp\/v2\/types\/product"}],"replies":[{"embeddable":true,"href":"https:\/\/aromasentia.com\/de\/wp-json\/wp\/v2\/comments?post=218289"}],"version-history":[{"count":0,"href":"https:\/\/aromasentia.com\/de\/wp-json\/wp\/v2\/product\/218289\/revisions"}],"wp:featuredmedia":[{"embeddable":true,"href":"https:\/\/aromasentia.com\/de\/wp-json\/wp\/v2\/media\/435082"}],"wp:attachment":[{"href":"https:\/\/aromasentia.com\/de\/wp-json\/wp\/v2\/media?parent=218289"}],"wp:term":[{"taxonomy":"product_brand","embeddable":true,"href":"https:\/\/aromasentia.com\/de\/wp-json\/wp\/v2\/product_brand?post=218289"},{"taxonomy":"product_cat","embeddable":true,"href":"https:\/\/aromasentia.com\/de\/wp-json\/wp\/v2\/product_cat?post=218289"},{"taxonomy":"product_tag","embeddable":true,"href":"https:\/\/aromasentia.com\/de\/wp-json\/wp\/v2\/product_tag?post=218289"}],"curies":[{"name":"wp","href":"https:\/\/api.w.org\/{rel}","templated":true}]}}