{"id":218277,"date":"2025-03-23T11:59:32","date_gmt":"2025-03-23T11:59:32","guid":{"rendered":"https:\/\/aromasentia.com\/product\/cotton-bound-notebooks-20x15cm-96-pages-black-dots-dashes\/"},"modified":"2025-12-30T19:27:17","modified_gmt":"2025-12-30T19:27:17","slug":"notizbuecher-mit-baumwollbindung-20-x-15-cm-96-seiten-schwarze-punkte-und-striche","status":"publish","type":"product","link":"https:\/\/aromasentia.com\/de\/notizbuecher-mit-baumwollbindung-20-x-15-cm-96-seiten-schwarze-punkte-und-striche\/","title":{"rendered":"Notizb\u00fccher mit Baumwollbindung, 20 x 15 cm, 96 Seiten, schwarze Punkte und Striche"},"content":{"rendered":"<p>Mit dem <strong>Gro\u00dfhandels-Notizbuch mit Baumwollbindung &#8211; Black Dots &amp; Dashes<\/strong> wird ein breites Spektrum von Nutzern angesprochen. Dieses vielseitige Notizbuch bietet ein klassisches schwarz-wei\u00dfes Cover-Design, das einen zeitlosen und anspruchsvollen Look bietet.<\/p>\n<p>Mit <strong>96 Seiten<\/strong> aus hochwertigem Papier bietet dieses Journal gen\u00fcgend Platz f\u00fcr umfassende <strong>Notizen, detaillierte Zeichnungen oder lange Brainstorming-Sitzungen<\/strong>.<\/p>\n<p>Mit den Ma\u00dfen <strong>20 x 15 cm<\/strong> bietet dieses Journal die ideale Balance zwischen Platzangebot und Tragbarkeit. Es ist gro\u00df genug f\u00fcr ausf\u00fchrliche Texte oder detaillierte Zeichnungen, aber auch kompakt genug, um <strong>in Rucks\u00e4cken, Taschen oder Portemonnaies mitgenommen werden zu k\u00f6nnen<\/strong>. So k\u00f6nnen die Nutzer Ideen und Inspirationen festhalten, wo immer sie auftauchen.<\/p>\n<p><span style=\"color: rgb(0, 0, 0);\">Sichern Sie sich noch heute das Black Dots &amp; Dashes Cotton Bound Notebook und beobachten Sie, wie Ihre Ums\u00e4tze steigen! &nbsp;<\/span> <\/p>\n","protected":false},"excerpt":{"rendered":"<p>Mit dem Gro\u00dfhandels-Notizbuch mit Baumwollbindung &#8211; Black Dots &amp; Dashes wird ein breites Spektrum von Nutzern angesprochen. Dieses vielseitige Notizbuch bietet ein klassisches schwarz-wei\u00dfes Cover-Design, das einen zeitlosen und anspruchsvollen Look bietet. Mit 96 Seiten aus hochwertigem Papier bietet dieses Journal gen\u00fcgend Platz f\u00fcr umfassende Notizen, detaillierte Zeichnungen oder lange Brainstorming-Sitzungen. Mit den Ma\u00dfen 20 [&hellip;]<\/p>\n","protected":false},"featured_media":435047,"comment_status":"closed","ping_status":"open","template":"","meta":{"_angie_page":false},"product_brand":[],"product_cat":[14059,14060],"product_tag":[],"class_list":{"0":"post-218277","1":"product","2":"type-product","3":"status-publish","4":"has-post-thumbnail","6":"product_cat-notizbucher","7":"product_cat-vintage-geschenke-und-souvenirs","8":"pa_collection-cotton-bound-notebooks-de","9":"pa_made-in-indien","11":"first","12":"instock","13":"purchasable","14":"product-type-simple"},"supplier_id":null,"supplier_sku":"CBN-06","barcode":null,"atum_controlled":true,"out_stock_date":null,"out_stock_threshold":null,"inheritable":false,"inbound_stock":null,"stock_on_hold":0,"sold_today":0,"sales_last_days":0,"reserved_stock":null,"customer_returns":null,"warehouse_damage":null,"lost_in_post":null,"other_logs":null,"out_stock_days":0,"lost_sales":0,"has_location":null,"update_date":"2026-04-27T06:56:03","atum_locations":[],"atum_stock_status":"instock","restock_status":false,"low_stock_amount":"","sales_update_date":"2026-02-06T00:01:26","calc_backorders":null,"_links":{"self":[{"href":"https:\/\/aromasentia.com\/de\/wp-json\/wp\/v2\/product\/218277","targetHints":{"allow":["GET"]}}],"collection":[{"href":"https:\/\/aromasentia.com\/de\/wp-json\/wp\/v2\/product"}],"about":[{"href":"https:\/\/aromasentia.com\/de\/wp-json\/wp\/v2\/types\/product"}],"replies":[{"embeddable":true,"href":"https:\/\/aromasentia.com\/de\/wp-json\/wp\/v2\/comments?post=218277"}],"version-history":[{"count":0,"href":"https:\/\/aromasentia.com\/de\/wp-json\/wp\/v2\/product\/218277\/revisions"}],"wp:featuredmedia":[{"embeddable":true,"href":"https:\/\/aromasentia.com\/de\/wp-json\/wp\/v2\/media\/435047"}],"wp:attachment":[{"href":"https:\/\/aromasentia.com\/de\/wp-json\/wp\/v2\/media?parent=218277"}],"wp:term":[{"taxonomy":"product_brand","embeddable":true,"href":"https:\/\/aromasentia.com\/de\/wp-json\/wp\/v2\/product_brand?post=218277"},{"taxonomy":"product_cat","embeddable":true,"href":"https:\/\/aromasentia.com\/de\/wp-json\/wp\/v2\/product_cat?post=218277"},{"taxonomy":"product_tag","embeddable":true,"href":"https:\/\/aromasentia.com\/de\/wp-json\/wp\/v2\/product_tag?post=218277"}],"curies":[{"name":"wp","href":"https:\/\/api.w.org\/{rel}","templated":true}]}}