{"id":218233,"date":"2025-03-23T12:00:07","date_gmt":"2025-03-23T12:00:07","guid":{"rendered":"https:\/\/aromasentia.com\/product\/zoocen-hq-metal-pieces-set-29cm\/"},"modified":"2025-12-30T19:27:10","modified_gmt":"2025-12-30T19:27:10","slug":"zoocen-hq-metal-pieces-set-29cm","status":"publish","type":"product","link":"https:\/\/aromasentia.com\/de\/zoocen-hq-metal-pieces-set-29cm\/","title":{"rendered":"Zoocen HQ Metal Pieces Set &#8211; 29cm"},"content":{"rendered":"<p>Schach erfreut sich gro\u00dfer Beliebtheit und wird immer beliebter.<\/p>\n<p>Schachspiele eignen sich hervorragend als Geschenk f\u00fcr Schulen und Vereine.<\/p>\n<p>Wir von Ancient Wisdom sind begeisterte Schachspieler! &nbsp;<\/p>\n<p>Aber nicht nur f\u00fcr begeisterte Schachspieler, \u00fcberaus schlaue Kinder oder angehende Kasparow-Spieler sind sie ideal f\u00fcr Sammler oder ein sinnvolles Geschenk aus unserer Kollektion luxuri\u00f6ser und exotischer Schachspiele.<\/p>\n<p>Eine gro\u00dfartige M\u00f6glichkeit, den Horizont zu erweitern und einem Raum etwas mehr Stil zu verleihen.<\/p>\n<p>Klappt zusammen, sodass alle Schachfiguren darin verbleiben.<\/p>\n<p>Schachmatt f\u00fcr mehr Ausleihen &nbsp;\u265f\u265f\u265f\u265f<\/p>\n","protected":false},"excerpt":{"rendered":"<p>Schach erfreut sich gro\u00dfer Beliebtheit und wird immer beliebter. Schachspiele eignen sich hervorragend als Geschenk f\u00fcr Schulen und Vereine. Wir von Ancient Wisdom sind begeisterte Schachspieler! &nbsp; Aber nicht nur f\u00fcr begeisterte Schachspieler, \u00fcberaus schlaue Kinder oder angehende Kasparow-Spieler sind sie ideal f\u00fcr Sammler oder ein sinnvolles Geschenk aus unserer Kollektion luxuri\u00f6ser und exotischer Schachspiele. [&hellip;]<\/p>\n","protected":false},"featured_media":435257,"comment_status":"closed","ping_status":"open","template":"","meta":[],"product_brand":[],"product_cat":[14060],"product_tag":[],"class_list":{"0":"post-218233","1":"product","2":"type-product","3":"status-publish","4":"has-post-thumbnail","6":"product_cat-vintage-geschenke-und-souvenirs","7":"pa_made-in-china","9":"first","10":"instock","11":"purchasable","12":"product-type-simple"},"supplier_id":null,"supplier_sku":"Chess-34","barcode":null,"atum_controlled":true,"out_stock_date":null,"out_stock_threshold":null,"inheritable":false,"inbound_stock":null,"stock_on_hold":0,"sold_today":0,"sales_last_days":0,"reserved_stock":null,"customer_returns":null,"warehouse_damage":null,"lost_in_post":null,"other_logs":null,"out_stock_days":0,"lost_sales":0,"has_location":null,"update_date":"2026-01-30T01:25:44","atum_locations":[],"atum_stock_status":"instock","restock_status":false,"low_stock_amount":"","sales_update_date":"2026-01-30T01:25:44","calc_backorders":null,"_links":{"self":[{"href":"https:\/\/aromasentia.com\/de\/wp-json\/wp\/v2\/product\/218233","targetHints":{"allow":["GET"]}}],"collection":[{"href":"https:\/\/aromasentia.com\/de\/wp-json\/wp\/v2\/product"}],"about":[{"href":"https:\/\/aromasentia.com\/de\/wp-json\/wp\/v2\/types\/product"}],"replies":[{"embeddable":true,"href":"https:\/\/aromasentia.com\/de\/wp-json\/wp\/v2\/comments?post=218233"}],"version-history":[{"count":0,"href":"https:\/\/aromasentia.com\/de\/wp-json\/wp\/v2\/product\/218233\/revisions"}],"wp:featuredmedia":[{"embeddable":true,"href":"https:\/\/aromasentia.com\/de\/wp-json\/wp\/v2\/media\/435257"}],"wp:attachment":[{"href":"https:\/\/aromasentia.com\/de\/wp-json\/wp\/v2\/media?parent=218233"}],"wp:term":[{"taxonomy":"product_brand","embeddable":true,"href":"https:\/\/aromasentia.com\/de\/wp-json\/wp\/v2\/product_brand?post=218233"},{"taxonomy":"product_cat","embeddable":true,"href":"https:\/\/aromasentia.com\/de\/wp-json\/wp\/v2\/product_cat?post=218233"},{"taxonomy":"product_tag","embeddable":true,"href":"https:\/\/aromasentia.com\/de\/wp-json\/wp\/v2\/product_tag?post=218233"}],"curies":[{"name":"wp","href":"https:\/\/api.w.org\/{rel}","templated":true}]}}