{"id":218197,"date":"2025-03-23T12:01:10","date_gmt":"2025-03-23T12:01:10","guid":{"rendered":"https:\/\/aromasentia.com\/product\/maracas-rattle-double-loop\/"},"modified":"2025-12-30T19:27:03","modified_gmt":"2025-12-30T19:27:03","slug":"maracas-rassel-single-2","status":"publish","type":"product","link":"https:\/\/aromasentia.com\/de\/maracas-rassel-single-2\/","title":{"rendered":"Maracas-Rassel \u2013 Single"},"content":{"rendered":"<p><span style=\"color: rgb(75, 80, 88);\">Maracas, Schlaginstrumente, erzeugen ein rasselndes oder sch\u00fcttelndes Ger\u00e4usch. Sie bestehen aus zwei hohlen, k\u00fcrbisartigen Schalen oder anderen Materialien, die mit Perlen, Samen oder kleinen Gegenst\u00e4nden gef\u00fcllt und durch einen Griff verbunden sind. Beim Sch\u00fctteln erzeugt der Inhalt das charakteristische Rasselger\u00e4usch.<\/span> <\/p>\n","protected":false},"excerpt":{"rendered":"<p>Maracas, Schlaginstrumente, erzeugen ein rasselndes oder sch\u00fcttelndes Ger\u00e4usch. Sie bestehen aus zwei hohlen, k\u00fcrbisartigen Schalen oder anderen Materialien, die mit Perlen, Samen oder kleinen Gegenst\u00e4nden gef\u00fcllt und durch einen Griff verbunden sind. Beim Sch\u00fctteln erzeugt der Inhalt das charakteristische Rasselger\u00e4usch.<\/p>\n","protected":false},"featured_media":435943,"comment_status":"closed","ping_status":"open","template":"","meta":{"_angie_page":false},"product_brand":[],"product_cat":[14238,14060],"product_tag":[],"class_list":{"0":"post-218197","1":"product","2":"type-product","3":"status-publish","4":"has-post-thumbnail","6":"product_cat-musikinstrumente","7":"product_cat-vintage-geschenke-und-souvenirs","8":"pa_collection-decorative-musical-instruments-de","9":"pa_made-in-indonesien","11":"first","12":"instock","13":"purchasable","14":"product-type-simple"},"supplier_id":null,"supplier_sku":"DMI-11","barcode":null,"atum_controlled":true,"out_stock_date":null,"out_stock_threshold":null,"inheritable":false,"inbound_stock":null,"stock_on_hold":0,"sold_today":0,"sales_last_days":0,"reserved_stock":null,"customer_returns":null,"warehouse_damage":null,"lost_in_post":null,"other_logs":null,"out_stock_days":0,"lost_sales":0,"has_location":null,"update_date":"2026-04-27T06:59:11","atum_locations":[],"atum_stock_status":"instock","restock_status":false,"low_stock_amount":"","sales_update_date":"2025-10-09T03:28:57","calc_backorders":null,"_links":{"self":[{"href":"https:\/\/aromasentia.com\/de\/wp-json\/wp\/v2\/product\/218197","targetHints":{"allow":["GET"]}}],"collection":[{"href":"https:\/\/aromasentia.com\/de\/wp-json\/wp\/v2\/product"}],"about":[{"href":"https:\/\/aromasentia.com\/de\/wp-json\/wp\/v2\/types\/product"}],"replies":[{"embeddable":true,"href":"https:\/\/aromasentia.com\/de\/wp-json\/wp\/v2\/comments?post=218197"}],"version-history":[{"count":0,"href":"https:\/\/aromasentia.com\/de\/wp-json\/wp\/v2\/product\/218197\/revisions"}],"wp:featuredmedia":[{"embeddable":true,"href":"https:\/\/aromasentia.com\/de\/wp-json\/wp\/v2\/media\/435943"}],"wp:attachment":[{"href":"https:\/\/aromasentia.com\/de\/wp-json\/wp\/v2\/media?parent=218197"}],"wp:term":[{"taxonomy":"product_brand","embeddable":true,"href":"https:\/\/aromasentia.com\/de\/wp-json\/wp\/v2\/product_brand?post=218197"},{"taxonomy":"product_cat","embeddable":true,"href":"https:\/\/aromasentia.com\/de\/wp-json\/wp\/v2\/product_cat?post=218197"},{"taxonomy":"product_tag","embeddable":true,"href":"https:\/\/aromasentia.com\/de\/wp-json\/wp\/v2\/product_tag?post=218197"}],"curies":[{"name":"wp","href":"https:\/\/api.w.org\/{rel}","templated":true}]}}