{"id":218189,"date":"2025-03-23T12:01:10","date_gmt":"2025-03-23T12:01:10","guid":{"rendered":"https:\/\/aromasentia.com\/product\/ocarina-musical-animal-ladybird\/"},"modified":"2025-12-30T19:27:03","modified_gmt":"2025-12-30T19:27:03","slug":"ocarina-musiktier-marienkaefer","status":"publish","type":"product","link":"https:\/\/aromasentia.com\/de\/ocarina-musiktier-marienkaefer\/","title":{"rendered":"Ocarina Musiktier &#8211; Marienk\u00e4fer"},"content":{"rendered":"<p>Die mit Pr\u00e4zision und Robustheit gefertigte <strong>Okarina Musical Animal &#8211; Marienk\u00e4fer<\/strong> bietet mit ihrem charmanten Design eine einzigartige musikalische Reise.<\/p>\n<p>Dank der Farbglasur-Technologie verf\u00fcgt diese Okarina \u00fcber eine glatte Oberfl\u00e4che und sorgt so f\u00fcr ein angenehmes Tastgef\u00fchl.<\/p>\n<p>M\u00fchelos im Selbststudium erlernt, erm\u00f6glicht sie schnelles und einfaches Lernen und macht einen Lehrer \u00fcberfl\u00fcssig. Tauchen Sie m\u00fchelos in die Welt der Musik ein.<\/p>\n","protected":false},"excerpt":{"rendered":"<p>Die mit Pr\u00e4zision und Robustheit gefertigte Okarina Musical Animal &#8211; Marienk\u00e4fer bietet mit ihrem charmanten Design eine einzigartige musikalische Reise. Dank der Farbglasur-Technologie verf\u00fcgt diese Okarina \u00fcber eine glatte Oberfl\u00e4che und sorgt so f\u00fcr ein angenehmes Tastgef\u00fchl. M\u00fchelos im Selbststudium erlernt, erm\u00f6glicht sie schnelles und einfaches Lernen und macht einen Lehrer \u00fcberfl\u00fcssig. Tauchen Sie m\u00fchelos [&hellip;]<\/p>\n","protected":false},"featured_media":435877,"comment_status":"closed","ping_status":"open","template":"","meta":{"_angie_page":false},"product_brand":[],"product_cat":[14238,14060],"product_tag":[],"class_list":{"0":"post-218189","1":"product","2":"type-product","3":"status-publish","4":"has-post-thumbnail","6":"product_cat-musikinstrumente","7":"product_cat-vintage-geschenke-und-souvenirs","8":"pa_collection-decorative-musical-instruments-de","9":"pa_made-in-indonesien","11":"first","12":"instock","13":"purchasable","14":"product-type-simple"},"supplier_id":null,"supplier_sku":"DMI-08","barcode":null,"atum_controlled":true,"out_stock_date":null,"out_stock_threshold":null,"inheritable":false,"inbound_stock":null,"stock_on_hold":0,"sold_today":0,"sales_last_days":0,"reserved_stock":null,"customer_returns":null,"warehouse_damage":null,"lost_in_post":null,"other_logs":null,"out_stock_days":0,"lost_sales":0,"has_location":null,"update_date":"2026-04-27T06:59:11","atum_locations":[],"atum_stock_status":"instock","restock_status":false,"low_stock_amount":"","sales_update_date":"2026-01-30T01:24:46","calc_backorders":null,"_links":{"self":[{"href":"https:\/\/aromasentia.com\/de\/wp-json\/wp\/v2\/product\/218189","targetHints":{"allow":["GET"]}}],"collection":[{"href":"https:\/\/aromasentia.com\/de\/wp-json\/wp\/v2\/product"}],"about":[{"href":"https:\/\/aromasentia.com\/de\/wp-json\/wp\/v2\/types\/product"}],"replies":[{"embeddable":true,"href":"https:\/\/aromasentia.com\/de\/wp-json\/wp\/v2\/comments?post=218189"}],"version-history":[{"count":0,"href":"https:\/\/aromasentia.com\/de\/wp-json\/wp\/v2\/product\/218189\/revisions"}],"wp:featuredmedia":[{"embeddable":true,"href":"https:\/\/aromasentia.com\/de\/wp-json\/wp\/v2\/media\/435877"}],"wp:attachment":[{"href":"https:\/\/aromasentia.com\/de\/wp-json\/wp\/v2\/media?parent=218189"}],"wp:term":[{"taxonomy":"product_brand","embeddable":true,"href":"https:\/\/aromasentia.com\/de\/wp-json\/wp\/v2\/product_brand?post=218189"},{"taxonomy":"product_cat","embeddable":true,"href":"https:\/\/aromasentia.com\/de\/wp-json\/wp\/v2\/product_cat?post=218189"},{"taxonomy":"product_tag","embeddable":true,"href":"https:\/\/aromasentia.com\/de\/wp-json\/wp\/v2\/product_tag?post=218189"}],"curies":[{"name":"wp","href":"https:\/\/api.w.org\/{rel}","templated":true}]}}