{"id":218177,"date":"2025-03-23T12:01:10","date_gmt":"2025-03-23T12:01:10","guid":{"rendered":"https:\/\/aromasentia.com\/product\/kasaka-shaker-ocean\/"},"modified":"2025-12-30T19:27:03","modified_gmt":"2025-12-30T19:27:03","slug":"kashaka-shaker-ocean","status":"publish","type":"product","link":"https:\/\/aromasentia.com\/de\/kashaka-shaker-ocean\/","title":{"rendered":"Kashaka Shaker &#8211; Ocean"},"content":{"rendered":"<p><span style=\"color: rgb(75, 80, 88);\">Entdecken Sie den <strong>Kashaka Shaker \u2013 Ozean<\/strong>, eine harmonische Mischung aus Kunstfertigkeit, Handwerkskunst und tropischem Charme \u2013 eine ideale Erg\u00e4nzung f\u00fcr jede Deko-Sammlung.<\/span><\/p>\n<p><span style=\"color: rgb(75, 80, 88);\">Dieses Schlaginstrument ist f\u00fcr seinen einzigartigen Klang bekannt. Halten Sie einen K\u00fcrbis in der Hand und erzeugen Sie rhythmische Kl\u00e4nge, indem Sie die K\u00fcrbisse sch\u00fctteln, drehen oder aneinander schlagen. Die Bewegung der Samen oder Perlen im Inneren des K\u00fcrbisses erzeugt unverwechselbare, perkussive T\u00f6ne.<\/span><\/p>\n","protected":false},"excerpt":{"rendered":"<p>Entdecken Sie den Kashaka Shaker \u2013 Ozean, eine harmonische Mischung aus Kunstfertigkeit, Handwerkskunst und tropischem Charme \u2013 eine ideale Erg\u00e4nzung f\u00fcr jede Deko-Sammlung. Dieses Schlaginstrument ist f\u00fcr seinen einzigartigen Klang bekannt. Halten Sie einen K\u00fcrbis in der Hand und erzeugen Sie rhythmische Kl\u00e4nge, indem Sie die K\u00fcrbisse sch\u00fctteln, drehen oder aneinander schlagen. Die Bewegung der [&hellip;]<\/p>\n","protected":false},"featured_media":435794,"comment_status":"closed","ping_status":"open","template":"","meta":{"_angie_page":false},"product_brand":[],"product_cat":[14238,14060],"product_tag":[],"class_list":{"0":"post-218177","1":"product","2":"type-product","3":"status-publish","4":"has-post-thumbnail","6":"product_cat-musikinstrumente","7":"product_cat-vintage-geschenke-und-souvenirs","8":"pa_collection-decorative-musical-instruments-de","9":"pa_made-in-indonesien","11":"first","12":"outofstock","13":"purchasable","14":"product-type-simple"},"supplier_id":null,"supplier_sku":"DMI-05","barcode":null,"atum_controlled":true,"out_stock_date":"2026-04-25 16:41:59","out_stock_threshold":null,"inheritable":false,"inbound_stock":null,"stock_on_hold":0,"sold_today":0,"sales_last_days":0,"reserved_stock":null,"customer_returns":null,"warehouse_damage":null,"lost_in_post":null,"other_logs":null,"out_stock_days":0,"lost_sales":0,"has_location":null,"update_date":"2026-04-27T06:59:11","atum_locations":[],"atum_stock_status":"outofstock","restock_status":false,"low_stock_amount":"","sales_update_date":"2025-10-09T03:28:53","calc_backorders":null,"_links":{"self":[{"href":"https:\/\/aromasentia.com\/de\/wp-json\/wp\/v2\/product\/218177","targetHints":{"allow":["GET"]}}],"collection":[{"href":"https:\/\/aromasentia.com\/de\/wp-json\/wp\/v2\/product"}],"about":[{"href":"https:\/\/aromasentia.com\/de\/wp-json\/wp\/v2\/types\/product"}],"replies":[{"embeddable":true,"href":"https:\/\/aromasentia.com\/de\/wp-json\/wp\/v2\/comments?post=218177"}],"version-history":[{"count":0,"href":"https:\/\/aromasentia.com\/de\/wp-json\/wp\/v2\/product\/218177\/revisions"}],"wp:featuredmedia":[{"embeddable":true,"href":"https:\/\/aromasentia.com\/de\/wp-json\/wp\/v2\/media\/435794"}],"wp:attachment":[{"href":"https:\/\/aromasentia.com\/de\/wp-json\/wp\/v2\/media?parent=218177"}],"wp:term":[{"taxonomy":"product_brand","embeddable":true,"href":"https:\/\/aromasentia.com\/de\/wp-json\/wp\/v2\/product_brand?post=218177"},{"taxonomy":"product_cat","embeddable":true,"href":"https:\/\/aromasentia.com\/de\/wp-json\/wp\/v2\/product_cat?post=218177"},{"taxonomy":"product_tag","embeddable":true,"href":"https:\/\/aromasentia.com\/de\/wp-json\/wp\/v2\/product_tag?post=218177"}],"curies":[{"name":"wp","href":"https:\/\/api.w.org\/{rel}","templated":true}]}}