{"id":218173,"date":"2025-03-23T12:01:10","date_gmt":"2025-03-23T12:01:10","guid":{"rendered":"https:\/\/aromasentia.com\/product\/kasaka-shaker-beach\/"},"modified":"2025-12-30T19:27:03","modified_gmt":"2025-12-30T19:27:03","slug":"kashaka-shaker-strand","status":"publish","type":"product","link":"https:\/\/aromasentia.com\/de\/kashaka-shaker-strand\/","title":{"rendered":"Kashaka-Shaker \u2013 Strand"},"content":{"rendered":"<p><span style=\"color: rgb(75, 80, 88);\">Entdecken Sie den <strong>Kashaka Shaker \u2013 Strand<\/strong>, eine harmonische Mischung aus Kunstfertigkeit, Handwerkskunst und tropischem Charme, eine ideale Erg\u00e4nzung f\u00fcr jede Dekorationssammlung.<\/span><\/p>\n<p><span style=\"color: rgb(75, 80, 88);\">Dieses Schlaginstrument ist f\u00fcr seinen einzigartigen Klang bekannt. Halten Sie einen K\u00fcrbis in der Hand und erzeugen Sie rhythmische Kl\u00e4nge, indem Sie die K\u00fcrbisse sch\u00fctteln, drehen oder aneinander schlagen. Die Bewegung der Samen oder Perlen im Inneren der K\u00fcrbisse erzeugt charakteristische, perkussive T\u00f6ne.<\/span><\/p>\n<p><span style=\"color: rgb(75, 80, 88);\">\u25aa\ufe0f Abmessungen: Ungef\u00e4hr 26 cm (10 Zoll) lang<\/span><\/p>\n<p><span style=\"color: rgb(75, 80, 88);\">\u25aa\ufe0f Material: Suar-Holz, handgeschnitzt auf Bali<\/span><\/p>\n<p><span style=\"color: rgb(75, 80, 88);\">\u25aa\ufe0f Gibt eine vielf\u00e4ltige Palette perkussiver T\u00f6ne von sich<\/span><\/p>\n<p><span style=\"color: rgb(75, 80, 88);\">\u25aa\ufe0f Jedes St\u00fcck ist ein Unikat, das Ergebnis des sorgf\u00e4ltigen Handarbeitsprozesses.<\/span><\/p>\n","protected":false},"excerpt":{"rendered":"<p>Entdecken Sie den Kashaka Shaker \u2013 Strand, eine harmonische Mischung aus Kunstfertigkeit, Handwerkskunst und tropischem Charme, eine ideale Erg\u00e4nzung f\u00fcr jede Dekorationssammlung. Dieses Schlaginstrument ist f\u00fcr seinen einzigartigen Klang bekannt. Halten Sie einen K\u00fcrbis in der Hand und erzeugen Sie rhythmische Kl\u00e4nge, indem Sie die K\u00fcrbisse sch\u00fctteln, drehen oder aneinander schlagen. Die Bewegung der Samen [&hellip;]<\/p>\n","protected":false},"featured_media":435777,"comment_status":"closed","ping_status":"open","template":"","meta":{"_angie_page":false},"product_brand":[],"product_cat":[14238,14060],"product_tag":[],"class_list":{"0":"post-218173","1":"product","2":"type-product","3":"status-publish","4":"has-post-thumbnail","6":"product_cat-musikinstrumente","7":"product_cat-vintage-geschenke-und-souvenirs","8":"pa_collection-decorative-musical-instruments-de","9":"pa_made-in-indonesien","11":"first","12":"instock","13":"purchasable","14":"product-type-simple"},"supplier_id":null,"supplier_sku":"DMI-04","barcode":null,"atum_controlled":true,"out_stock_date":null,"out_stock_threshold":null,"inheritable":false,"inbound_stock":null,"stock_on_hold":0,"sold_today":0,"sales_last_days":0,"reserved_stock":null,"customer_returns":null,"warehouse_damage":null,"lost_in_post":null,"other_logs":null,"out_stock_days":0,"lost_sales":0,"has_location":null,"update_date":"2026-04-27T06:59:03","atum_locations":[],"atum_stock_status":"instock","restock_status":false,"low_stock_amount":"","sales_update_date":"2025-10-09T03:28:53","calc_backorders":null,"_links":{"self":[{"href":"https:\/\/aromasentia.com\/de\/wp-json\/wp\/v2\/product\/218173","targetHints":{"allow":["GET"]}}],"collection":[{"href":"https:\/\/aromasentia.com\/de\/wp-json\/wp\/v2\/product"}],"about":[{"href":"https:\/\/aromasentia.com\/de\/wp-json\/wp\/v2\/types\/product"}],"replies":[{"embeddable":true,"href":"https:\/\/aromasentia.com\/de\/wp-json\/wp\/v2\/comments?post=218173"}],"version-history":[{"count":0,"href":"https:\/\/aromasentia.com\/de\/wp-json\/wp\/v2\/product\/218173\/revisions"}],"wp:featuredmedia":[{"embeddable":true,"href":"https:\/\/aromasentia.com\/de\/wp-json\/wp\/v2\/media\/435777"}],"wp:attachment":[{"href":"https:\/\/aromasentia.com\/de\/wp-json\/wp\/v2\/media?parent=218173"}],"wp:term":[{"taxonomy":"product_brand","embeddable":true,"href":"https:\/\/aromasentia.com\/de\/wp-json\/wp\/v2\/product_brand?post=218173"},{"taxonomy":"product_cat","embeddable":true,"href":"https:\/\/aromasentia.com\/de\/wp-json\/wp\/v2\/product_cat?post=218173"},{"taxonomy":"product_tag","embeddable":true,"href":"https:\/\/aromasentia.com\/de\/wp-json\/wp\/v2\/product_tag?post=218173"}],"curies":[{"name":"wp","href":"https:\/\/api.w.org\/{rel}","templated":true}]}}