{"id":218161,"date":"2025-03-23T12:01:10","date_gmt":"2025-03-23T12:01:10","guid":{"rendered":"https:\/\/aromasentia.com\/product\/small-coaking-wooden-frog\/"},"modified":"2025-12-30T19:26:55","modified_gmt":"2025-12-30T19:26:55","slug":"kleiner-kraechzender-holzfrosch","status":"publish","type":"product","link":"https:\/\/aromasentia.com\/de\/kleiner-kraechzender-holzfrosch\/","title":{"rendered":"Kleiner kr\u00e4chzender Holzfrosch"},"content":{"rendered":"<p><span style=\"color: rgb(75, 80, 88);\">Erleben Sie die harmonische Verschmelzung von Kunst und Musik mit diesen handgefertigten dekorativen Musikinstrumenten, die Balis lebendiges k\u00fcnstlerisches Erbe widerspiegeln.<\/span><\/p>\n<p><span style=\"color: rgb(75, 80, 88);\">Diese Fr\u00f6sche sind nicht blo\u00dfe Verzierungen, sondern facettenreiche musikalische Wunderwerke. Ein sanfter Schlag mit dem mitgelieferten Holzstab bringt ihre lebensechte Quaksymphonie zum Vorschein.<\/span><\/p>\n<p><span style=\"color: rgb(75, 80, 88);\">\u25aa\ufe0f Gr\u00f6\u00dfe: Ungef\u00e4hr 6 cm hoch&nbsp;<\/span><\/p>\n<p><span style=\"color: rgb(75, 80, 88);\">\u25aa\ufe0f Hergestellt aus nachhaltigem Suar-Holz auf Bali&nbsp;<\/span><\/p>\n<p><span style=\"color: rgb(75, 80, 88);\">\u25aa\ufe0f Realistische Quakmelodien&nbsp;<\/span><\/p>\n<p><span style=\"color: rgb(75, 80, 88);\">\u25aa\ufe0f Jedes St\u00fcck hat seinen einzigartigen Charme, ein Beweis f\u00fcr seine handgefertigten Urspr\u00fcnge.<\/span><\/p>\n","protected":false},"excerpt":{"rendered":"<p>Erleben Sie die harmonische Verschmelzung von Kunst und Musik mit diesen handgefertigten dekorativen Musikinstrumenten, die Balis lebendiges k\u00fcnstlerisches Erbe widerspiegeln. Diese Fr\u00f6sche sind nicht blo\u00dfe Verzierungen, sondern facettenreiche musikalische Wunderwerke. Ein sanfter Schlag mit dem mitgelieferten Holzstab bringt ihre lebensechte Quaksymphonie zum Vorschein. \u25aa\ufe0f Gr\u00f6\u00dfe: Ungef\u00e4hr 6 cm hoch&nbsp; \u25aa\ufe0f Hergestellt aus nachhaltigem Suar-Holz auf [&hellip;]<\/p>\n","protected":false},"featured_media":435670,"comment_status":"closed","ping_status":"open","template":"","meta":{"_angie_page":false},"product_brand":[],"product_cat":[14238,14060],"product_tag":[],"class_list":{"0":"post-218161","1":"product","2":"type-product","3":"status-publish","4":"has-post-thumbnail","6":"product_cat-musikinstrumente","7":"product_cat-vintage-geschenke-und-souvenirs","8":"pa_collection-decorative-musical-instruments-de","9":"pa_made-in-indonesien","11":"first","12":"instock","13":"purchasable","14":"product-type-simple"},"supplier_id":null,"supplier_sku":"DMI-01","barcode":null,"atum_controlled":true,"out_stock_date":null,"out_stock_threshold":null,"inheritable":false,"inbound_stock":null,"stock_on_hold":0,"sold_today":0,"sales_last_days":0,"reserved_stock":null,"customer_returns":null,"warehouse_damage":null,"lost_in_post":null,"other_logs":null,"out_stock_days":0,"lost_sales":0,"has_location":null,"update_date":"2026-04-27T06:59:03","atum_locations":[],"atum_stock_status":"instock","restock_status":false,"low_stock_amount":"","sales_update_date":"2026-01-30T01:24:33","calc_backorders":null,"_links":{"self":[{"href":"https:\/\/aromasentia.com\/de\/wp-json\/wp\/v2\/product\/218161","targetHints":{"allow":["GET"]}}],"collection":[{"href":"https:\/\/aromasentia.com\/de\/wp-json\/wp\/v2\/product"}],"about":[{"href":"https:\/\/aromasentia.com\/de\/wp-json\/wp\/v2\/types\/product"}],"replies":[{"embeddable":true,"href":"https:\/\/aromasentia.com\/de\/wp-json\/wp\/v2\/comments?post=218161"}],"version-history":[{"count":0,"href":"https:\/\/aromasentia.com\/de\/wp-json\/wp\/v2\/product\/218161\/revisions"}],"wp:featuredmedia":[{"embeddable":true,"href":"https:\/\/aromasentia.com\/de\/wp-json\/wp\/v2\/media\/435670"}],"wp:attachment":[{"href":"https:\/\/aromasentia.com\/de\/wp-json\/wp\/v2\/media?parent=218161"}],"wp:term":[{"taxonomy":"product_brand","embeddable":true,"href":"https:\/\/aromasentia.com\/de\/wp-json\/wp\/v2\/product_brand?post=218161"},{"taxonomy":"product_cat","embeddable":true,"href":"https:\/\/aromasentia.com\/de\/wp-json\/wp\/v2\/product_cat?post=218161"},{"taxonomy":"product_tag","embeddable":true,"href":"https:\/\/aromasentia.com\/de\/wp-json\/wp\/v2\/product_tag?post=218161"}],"curies":[{"name":"wp","href":"https:\/\/api.w.org\/{rel}","templated":true}]}}