{"id":218113,"date":"2025-03-23T12:02:39","date_gmt":"2025-03-23T12:02:39","guid":{"rendered":"https:\/\/aromasentia.com\/product\/med-square-box-13-5x13-5x6cm-mushroom-design-maroon\/"},"modified":"2025-12-30T19:26:48","modified_gmt":"2025-12-30T19:26:48","slug":"mittlere-quadratische-box-135-x-135-x-6-cm-pilzdesign-kastanienbraun","status":"publish","type":"product","link":"https:\/\/aromasentia.com\/de\/mittlere-quadratische-box-135-x-135-x-6-cm-pilzdesign-kastanienbraun\/","title":{"rendered":"Mittlere quadratische Box 13,5 x 13,5 x 6 cm &#8211; Pilzdesign Kastanienbraun"},"content":{"rendered":"<p>Bewahren Sie Ihre etwas gr\u00f6\u00dferen Sch\u00e4tze in dieser mittelgro\u00dfen, emaillierten, quadratischen Schachtel mit einem charmanten Pilzdesign in Kastanienbraun auf. Mit den Ma\u00dfen 13,5 x 13,5 x 6 cm ist sie perfekt f\u00fcr Schmuck, Andenken oder kleine Bastelutensilien.<\/p>\n","protected":false},"excerpt":{"rendered":"<p>Bewahren Sie Ihre etwas gr\u00f6\u00dferen Sch\u00e4tze in dieser mittelgro\u00dfen, emaillierten, quadratischen Schachtel mit einem charmanten Pilzdesign in Kastanienbraun auf. Mit den Ma\u00dfen 13,5 x 13,5 x 6 cm ist sie perfekt f\u00fcr Schmuck, Andenken oder kleine Bastelutensilien.<\/p>\n","protected":false},"featured_media":436127,"comment_status":"closed","ping_status":"open","template":"","meta":{"_angie_page":false},"product_brand":[],"product_cat":[14143,14142],"product_tag":[],"class_list":{"0":"post-218113","1":"product","2":"type-product","3":"status-publish","4":"has-post-thumbnail","6":"product_cat-aufbewahrung-geschenke-und-geschenkboxen","7":"product_cat-geschenkverpackung","8":"pa_collection-enamelled-trays-and-boxes-with-mushroom-design-de","9":"pa_made-in-indien","11":"first","12":"instock","13":"purchasable","14":"product-type-simple"},"supplier_id":null,"supplier_sku":"ENBT-03","barcode":null,"atum_controlled":true,"out_stock_date":null,"out_stock_threshold":null,"inheritable":false,"inbound_stock":null,"stock_on_hold":0,"sold_today":0,"sales_last_days":0,"reserved_stock":null,"customer_returns":null,"warehouse_damage":null,"lost_in_post":null,"other_logs":null,"out_stock_days":0,"lost_sales":0,"has_location":null,"update_date":"2026-05-08T05:07:21","atum_locations":[],"atum_stock_status":"instock","restock_status":false,"low_stock_amount":"","sales_update_date":"2026-01-30T01:26:05","calc_backorders":null,"_links":{"self":[{"href":"https:\/\/aromasentia.com\/de\/wp-json\/wp\/v2\/product\/218113","targetHints":{"allow":["GET"]}}],"collection":[{"href":"https:\/\/aromasentia.com\/de\/wp-json\/wp\/v2\/product"}],"about":[{"href":"https:\/\/aromasentia.com\/de\/wp-json\/wp\/v2\/types\/product"}],"replies":[{"embeddable":true,"href":"https:\/\/aromasentia.com\/de\/wp-json\/wp\/v2\/comments?post=218113"}],"version-history":[{"count":0,"href":"https:\/\/aromasentia.com\/de\/wp-json\/wp\/v2\/product\/218113\/revisions"}],"wp:featuredmedia":[{"embeddable":true,"href":"https:\/\/aromasentia.com\/de\/wp-json\/wp\/v2\/media\/436127"}],"wp:attachment":[{"href":"https:\/\/aromasentia.com\/de\/wp-json\/wp\/v2\/media?parent=218113"}],"wp:term":[{"taxonomy":"product_brand","embeddable":true,"href":"https:\/\/aromasentia.com\/de\/wp-json\/wp\/v2\/product_brand?post=218113"},{"taxonomy":"product_cat","embeddable":true,"href":"https:\/\/aromasentia.com\/de\/wp-json\/wp\/v2\/product_cat?post=218113"},{"taxonomy":"product_tag","embeddable":true,"href":"https:\/\/aromasentia.com\/de\/wp-json\/wp\/v2\/product_tag?post=218113"}],"curies":[{"name":"wp","href":"https:\/\/api.w.org\/{rel}","templated":true}]}}