{"id":218101,"date":"2025-03-23T12:02:39","date_gmt":"2025-03-23T12:02:39","guid":{"rendered":"https:\/\/aromasentia.com\/product\/kalimba-mini-coconut\/"},"modified":"2025-12-30T19:26:48","modified_gmt":"2025-12-30T19:26:48","slug":"kalimba-mini-kokosnuss","status":"publish","type":"product","link":"https:\/\/aromasentia.com\/de\/kalimba-mini-kokosnuss\/","title":{"rendered":"Kalimba Mini-Kokosnuss"},"content":{"rendered":"<p>Die <strong>Gro\u00dfhandels-Kalimba Mini Coconut<\/strong> ist eine harmonische Verschmelzung der Einfachheit und melodischen Sch\u00f6nheit der Natur. Mit Pr\u00e4zision und Kreativit\u00e4t gefertigt, kombiniert diese einzigartige Kalimba (Daumenklavier) die beruhigenden T\u00f6ne des traditionellen Instruments mit der nat\u00fcrlichen \u00c4sthetik einer Kokosnussschale.<\/p>\n<p>Die Kalimba Mini Coconut ist aus einer <strong>echten Kokosnussschale<\/strong> gefertigt, was jedem Instrument ein unverwechselbares und authentisches tropisches Flair verleiht. Die pr\u00e4zise gestimmten Metallzinken liefern klare und klangvolle T\u00f6ne, mit denen man m\u00fchelos seine eigenen Melodien kreieren kann. Die Kalimba ist bekannt f\u00fcr ihre sanften, erhebenden T\u00f6ne, die ein Gef\u00fchl der Ruhe hervorrufen.<\/p>\n<p>Entspannen Sie sich, verbinden Sie sich mit der Natur und lassen Sie die Kalimba Mini Coconut Ihr Begleiter sein, wenn Sie sch\u00f6ne Melodien kreieren, wo immer Sie auch hingehen.<\/p>\n","protected":false},"excerpt":{"rendered":"<p>Die Gro\u00dfhandels-Kalimba Mini Coconut ist eine harmonische Verschmelzung der Einfachheit und melodischen Sch\u00f6nheit der Natur. Mit Pr\u00e4zision und Kreativit\u00e4t gefertigt, kombiniert diese einzigartige Kalimba (Daumenklavier) die beruhigenden T\u00f6ne des traditionellen Instruments mit der nat\u00fcrlichen \u00c4sthetik einer Kokosnussschale. Die Kalimba Mini Coconut ist aus einer echten Kokosnussschale gefertigt, was jedem Instrument ein unverwechselbares und authentisches tropisches [&hellip;]<\/p>\n","protected":false},"featured_media":436052,"comment_status":"closed","ping_status":"open","template":"","meta":{"_angie_page":false},"product_brand":[],"product_cat":[14238,14060],"product_tag":[],"class_list":{"0":"post-218101","1":"product","2":"type-product","3":"status-publish","4":"has-post-thumbnail","6":"product_cat-musikinstrumente","7":"product_cat-vintage-geschenke-und-souvenirs","8":"pa_collection-decorative-musical-instruments-de","9":"pa_made-in-indonesien","11":"first","12":"instock","13":"purchasable","14":"product-type-simple"},"supplier_id":null,"supplier_sku":"DMI-15","barcode":null,"atum_controlled":true,"out_stock_date":null,"out_stock_threshold":null,"inheritable":false,"inbound_stock":null,"stock_on_hold":0,"sold_today":0,"sales_last_days":0,"reserved_stock":null,"customer_returns":null,"warehouse_damage":null,"lost_in_post":null,"other_logs":null,"out_stock_days":0,"lost_sales":0,"has_location":null,"update_date":"2026-04-27T06:59:11","atum_locations":[],"atum_stock_status":"instock","restock_status":false,"low_stock_amount":"","sales_update_date":"2025-10-09T03:28:57","calc_backorders":null,"_links":{"self":[{"href":"https:\/\/aromasentia.com\/de\/wp-json\/wp\/v2\/product\/218101","targetHints":{"allow":["GET"]}}],"collection":[{"href":"https:\/\/aromasentia.com\/de\/wp-json\/wp\/v2\/product"}],"about":[{"href":"https:\/\/aromasentia.com\/de\/wp-json\/wp\/v2\/types\/product"}],"replies":[{"embeddable":true,"href":"https:\/\/aromasentia.com\/de\/wp-json\/wp\/v2\/comments?post=218101"}],"version-history":[{"count":0,"href":"https:\/\/aromasentia.com\/de\/wp-json\/wp\/v2\/product\/218101\/revisions"}],"wp:featuredmedia":[{"embeddable":true,"href":"https:\/\/aromasentia.com\/de\/wp-json\/wp\/v2\/media\/436052"}],"wp:attachment":[{"href":"https:\/\/aromasentia.com\/de\/wp-json\/wp\/v2\/media?parent=218101"}],"wp:term":[{"taxonomy":"product_brand","embeddable":true,"href":"https:\/\/aromasentia.com\/de\/wp-json\/wp\/v2\/product_brand?post=218101"},{"taxonomy":"product_cat","embeddable":true,"href":"https:\/\/aromasentia.com\/de\/wp-json\/wp\/v2\/product_cat?post=218101"},{"taxonomy":"product_tag","embeddable":true,"href":"https:\/\/aromasentia.com\/de\/wp-json\/wp\/v2\/product_tag?post=218101"}],"curies":[{"name":"wp","href":"https:\/\/api.w.org\/{rel}","templated":true}]}}