{"id":218073,"date":"2025-03-23T12:03:54","date_gmt":"2025-03-23T12:03:54","guid":{"rendered":"https:\/\/aromasentia.com\/product\/big-round-box-17-5x7-5cm-buddha-face-black-engraved\/"},"modified":"2025-12-30T19:26:40","modified_gmt":"2025-12-30T19:26:40","slug":"grosse-runde-box-175-x-75-cm-buddha-gesicht-schwarz-eingraviert","status":"publish","type":"product","link":"https:\/\/aromasentia.com\/de\/grosse-runde-box-175-x-75-cm-buddha-gesicht-schwarz-eingraviert\/","title":{"rendered":"Gro\u00dfe runde Box 17,5 x 7,5 cm \u2013 Buddha-Gesicht schwarz eingraviert"},"content":{"rendered":"<p>Ordnen Sie Ihre wertvollen Gegenst\u00e4nde mit einem Hauch von spiritueller Eleganz in dieser gro\u00dfen, runden Dose mit einem schwarz eingravierten Buddha-Gesicht. Mit einer Gr\u00f6\u00dfe von 17,5 x 7,5 cm ist sie perfekt f\u00fcr Erinnerungsst\u00fccke, kleine Meditationswerkzeuge oder dekorative Aufbewahrung.<\/p>\n","protected":false},"excerpt":{"rendered":"<p>Ordnen Sie Ihre wertvollen Gegenst\u00e4nde mit einem Hauch von spiritueller Eleganz in dieser gro\u00dfen, runden Dose mit einem schwarz eingravierten Buddha-Gesicht. Mit einer Gr\u00f6\u00dfe von 17,5 x 7,5 cm ist sie perfekt f\u00fcr Erinnerungsst\u00fccke, kleine Meditationswerkzeuge oder dekorative Aufbewahrung.<\/p>\n","protected":false},"featured_media":436580,"comment_status":"closed","ping_status":"open","template":"","meta":{"_angie_page":false},"product_brand":[],"product_cat":[14143,14142],"product_tag":[],"class_list":{"0":"post-218073","1":"product","2":"type-product","3":"status-publish","4":"has-post-thumbnail","6":"product_cat-aufbewahrung-geschenke-und-geschenkboxen","7":"product_cat-geschenkverpackung","8":"pa_collection-handcrafted-wooden-boxes-trays--buddha-hamsa-collection-de","9":"pa_made-in-indien","11":"first","12":"instock","13":"purchasable","14":"product-type-simple"},"supplier_id":null,"supplier_sku":"ETBT-14","barcode":null,"atum_controlled":true,"out_stock_date":null,"out_stock_threshold":null,"inheritable":false,"inbound_stock":null,"stock_on_hold":0,"sold_today":0,"sales_last_days":0,"reserved_stock":null,"customer_returns":null,"warehouse_damage":null,"lost_in_post":null,"other_logs":null,"out_stock_days":0,"lost_sales":0,"has_location":null,"update_date":"2026-04-27T07:02:07","atum_locations":[],"atum_stock_status":"instock","restock_status":false,"low_stock_amount":"","sales_update_date":"2026-01-30T01:24:41","calc_backorders":null,"_links":{"self":[{"href":"https:\/\/aromasentia.com\/de\/wp-json\/wp\/v2\/product\/218073","targetHints":{"allow":["GET"]}}],"collection":[{"href":"https:\/\/aromasentia.com\/de\/wp-json\/wp\/v2\/product"}],"about":[{"href":"https:\/\/aromasentia.com\/de\/wp-json\/wp\/v2\/types\/product"}],"replies":[{"embeddable":true,"href":"https:\/\/aromasentia.com\/de\/wp-json\/wp\/v2\/comments?post=218073"}],"version-history":[{"count":0,"href":"https:\/\/aromasentia.com\/de\/wp-json\/wp\/v2\/product\/218073\/revisions"}],"wp:featuredmedia":[{"embeddable":true,"href":"https:\/\/aromasentia.com\/de\/wp-json\/wp\/v2\/media\/436580"}],"wp:attachment":[{"href":"https:\/\/aromasentia.com\/de\/wp-json\/wp\/v2\/media?parent=218073"}],"wp:term":[{"taxonomy":"product_brand","embeddable":true,"href":"https:\/\/aromasentia.com\/de\/wp-json\/wp\/v2\/product_brand?post=218073"},{"taxonomy":"product_cat","embeddable":true,"href":"https:\/\/aromasentia.com\/de\/wp-json\/wp\/v2\/product_cat?post=218073"},{"taxonomy":"product_tag","embeddable":true,"href":"https:\/\/aromasentia.com\/de\/wp-json\/wp\/v2\/product_tag?post=218073"}],"curies":[{"name":"wp","href":"https:\/\/api.w.org\/{rel}","templated":true}]}}