{"id":218033,"date":"2025-03-23T12:03:54","date_gmt":"2025-03-23T12:03:54","guid":{"rendered":"https:\/\/aromasentia.com\/product\/small-square-box-10x10x4-2cm-hamsa-black-engraved\/"},"modified":"2025-12-30T19:26:33","modified_gmt":"2025-12-30T19:26:33","slug":"kleine-quadratische-box-10x10x42cm-hamsa-schwarz-eingraviert","status":"publish","type":"product","link":"https:\/\/aromasentia.com\/de\/kleine-quadratische-box-10x10x42cm-hamsa-schwarz-eingraviert\/","title":{"rendered":"Kleine quadratische Box 10x10x4,2cm &#8211; Hamsa Schwarz eingraviert"},"content":{"rendered":"<p>Organisieren Sie Ihre kleinen Gegenst\u00e4nde mit einem Hauch von sch\u00fctzender Kunstfertigkeit in dieser kleinen quadratischen Box mit einem schwarz eingravierten Hamsa-Hand-Design. Mit einer Gr\u00f6\u00dfe von 10 x 10 x 4,2 cm ist sie perfekt f\u00fcr die Aufbewahrung von Schmuck, Schmuckst\u00fccken oder kleinen spirituellen Andenken.<\/p>\n","protected":false},"excerpt":{"rendered":"<p>Organisieren Sie Ihre kleinen Gegenst\u00e4nde mit einem Hauch von sch\u00fctzender Kunstfertigkeit in dieser kleinen quadratischen Box mit einem schwarz eingravierten Hamsa-Hand-Design. Mit einer Gr\u00f6\u00dfe von 10 x 10 x 4,2 cm ist sie perfekt f\u00fcr die Aufbewahrung von Schmuck, Schmuckst\u00fccken oder kleinen spirituellen Andenken.<\/p>\n","protected":false},"featured_media":436402,"comment_status":"closed","ping_status":"open","template":"","meta":{"_angie_page":false},"product_brand":[],"product_cat":[14143,14142],"product_tag":[],"class_list":{"0":"post-218033","1":"product","2":"type-product","3":"status-publish","4":"has-post-thumbnail","6":"product_cat-aufbewahrung-geschenke-und-geschenkboxen","7":"product_cat-geschenkverpackung","8":"pa_collection-handcrafted-wooden-boxes-trays--buddha-hamsa-collection-de","9":"pa_made-in-indien","11":"first","12":"instock","13":"purchasable","14":"product-type-simple"},"supplier_id":null,"supplier_sku":"ETBT-04","barcode":null,"atum_controlled":true,"out_stock_date":null,"out_stock_threshold":null,"inheritable":false,"inbound_stock":null,"stock_on_hold":0,"sold_today":0,"sales_last_days":0,"reserved_stock":null,"customer_returns":null,"warehouse_damage":null,"lost_in_post":null,"other_logs":null,"out_stock_days":0,"lost_sales":0,"has_location":null,"update_date":"2026-04-27T07:02:07","atum_locations":[],"atum_stock_status":"instock","restock_status":false,"low_stock_amount":"","sales_update_date":"2026-01-30T01:24:32","calc_backorders":null,"_links":{"self":[{"href":"https:\/\/aromasentia.com\/de\/wp-json\/wp\/v2\/product\/218033","targetHints":{"allow":["GET"]}}],"collection":[{"href":"https:\/\/aromasentia.com\/de\/wp-json\/wp\/v2\/product"}],"about":[{"href":"https:\/\/aromasentia.com\/de\/wp-json\/wp\/v2\/types\/product"}],"replies":[{"embeddable":true,"href":"https:\/\/aromasentia.com\/de\/wp-json\/wp\/v2\/comments?post=218033"}],"version-history":[{"count":0,"href":"https:\/\/aromasentia.com\/de\/wp-json\/wp\/v2\/product\/218033\/revisions"}],"wp:featuredmedia":[{"embeddable":true,"href":"https:\/\/aromasentia.com\/de\/wp-json\/wp\/v2\/media\/436402"}],"wp:attachment":[{"href":"https:\/\/aromasentia.com\/de\/wp-json\/wp\/v2\/media?parent=218033"}],"wp:term":[{"taxonomy":"product_brand","embeddable":true,"href":"https:\/\/aromasentia.com\/de\/wp-json\/wp\/v2\/product_brand?post=218033"},{"taxonomy":"product_cat","embeddable":true,"href":"https:\/\/aromasentia.com\/de\/wp-json\/wp\/v2\/product_cat?post=218033"},{"taxonomy":"product_tag","embeddable":true,"href":"https:\/\/aromasentia.com\/de\/wp-json\/wp\/v2\/product_tag?post=218033"}],"curies":[{"name":"wp","href":"https:\/\/api.w.org\/{rel}","templated":true}]}}