{"id":217997,"date":"2025-03-23T12:04:43","date_gmt":"2025-03-23T12:04:43","guid":{"rendered":"https:\/\/aromasentia.com\/product\/steel-tongue-happy-drums-muti-coloured-om-18cm\/"},"modified":"2025-12-30T19:26:25","modified_gmt":"2025-12-30T19:26:25","slug":"happy-trommel-mehrfarbig-om-18-cm","status":"publish","type":"product","link":"https:\/\/aromasentia.com\/de\/happy-trommel-mehrfarbig-om-18-cm\/","title":{"rendered":"Happy-Trommel, mehrfarbig, OM \u2013 18 cm"},"content":{"rendered":"<p><span style=\"color: rgb(75, 80, 88);\">Entf\u00fchren Sie Ihre Kunden in die beruhigende und kreative Welt der <strong>Steel Tongue Happy Drums im bunten Om-Design<\/strong>, einer vielseitigen 8-Ton-Stahlzungentrommel, die sich perfekt f\u00fcr Klangtherapie, Meditation und Heilpraktiken eignet. Dieses einzigartige Instrument ist au\u00dferdem unglaublich leicht zu erlernen und macht Spa\u00df \u2013 es sind keine musikalischen Vorkenntnisse erforderlich! Fangen Sie einfach an zu jammen und entdecken Sie intuitive Beats und Rhythmen, die jedem Spa\u00df machen.<\/span><\/p>\n<p><span style=\"color: rgb(75, 80, 88);\">Jede Trommel ist <strong>18 cm<\/strong> lang und wird mit einem <strong>Paar Holzst\u00e4ben<\/strong> und <strong>einer robusten Tragetasche<\/strong> geliefert. Dadurch ist sie <strong>tragbar und ideal f\u00fcr den Gebrauch zu Hause und unterwegs.<\/strong><\/span><\/p>\n<p><span style=\"color: rgb(75, 80, 88);\">Die Steel Tongue Happy Drums sind mehr als nur ein Dekorationsst\u00fcck \u2013 sie sind ein funktionales Werkzeug zur Entspannung, Achtsamkeit und zum kreativen Ausdruck.<\/span><\/p>\n<p><span style=\"color: rgb(75, 80, 88);\">Bieten Sie Ihren Kunden mit den Steel Tongue Happy ein hochwertiges Produkt, das Ruhe, Kreativit\u00e4t und Wohlbefinden f\u00f6rdert Schlagzeug.<\/span><\/p>\n","protected":false},"excerpt":{"rendered":"<p>Entf\u00fchren Sie Ihre Kunden in die beruhigende und kreative Welt der Steel Tongue Happy Drums im bunten Om-Design, einer vielseitigen 8-Ton-Stahlzungentrommel, die sich perfekt f\u00fcr Klangtherapie, Meditation und Heilpraktiken eignet. Dieses einzigartige Instrument ist au\u00dferdem unglaublich leicht zu erlernen und macht Spa\u00df \u2013 es sind keine musikalischen Vorkenntnisse erforderlich! Fangen Sie einfach an zu jammen [&hellip;]<\/p>\n","protected":false},"featured_media":436679,"comment_status":"closed","ping_status":"open","template":"","meta":[],"product_brand":[],"product_cat":[14238,14060],"product_tag":[],"class_list":{"0":"post-217997","1":"product","2":"type-product","3":"status-publish","4":"has-post-thumbnail","6":"product_cat-musikinstrumente","7":"product_cat-vintage-geschenke-und-souvenirs","8":"pa_collection-steel-tongue-happy-drums-de","9":"pa_made-in-indien","11":"first","12":"instock","13":"purchasable","14":"product-type-simple"},"supplier_id":null,"supplier_sku":"Hapi-01","barcode":null,"atum_controlled":true,"out_stock_date":null,"out_stock_threshold":null,"inheritable":false,"inbound_stock":null,"stock_on_hold":0,"sold_today":0,"sales_last_days":0,"reserved_stock":null,"customer_returns":null,"warehouse_damage":null,"lost_in_post":null,"other_logs":null,"out_stock_days":0,"lost_sales":0,"has_location":null,"update_date":"2026-02-11T16:18:45","atum_locations":[],"atum_stock_status":"instock","restock_status":false,"low_stock_amount":"","sales_update_date":"2025-09-03T00:15:24","calc_backorders":null,"_links":{"self":[{"href":"https:\/\/aromasentia.com\/de\/wp-json\/wp\/v2\/product\/217997","targetHints":{"allow":["GET"]}}],"collection":[{"href":"https:\/\/aromasentia.com\/de\/wp-json\/wp\/v2\/product"}],"about":[{"href":"https:\/\/aromasentia.com\/de\/wp-json\/wp\/v2\/types\/product"}],"replies":[{"embeddable":true,"href":"https:\/\/aromasentia.com\/de\/wp-json\/wp\/v2\/comments?post=217997"}],"version-history":[{"count":0,"href":"https:\/\/aromasentia.com\/de\/wp-json\/wp\/v2\/product\/217997\/revisions"}],"wp:featuredmedia":[{"embeddable":true,"href":"https:\/\/aromasentia.com\/de\/wp-json\/wp\/v2\/media\/436679"}],"wp:attachment":[{"href":"https:\/\/aromasentia.com\/de\/wp-json\/wp\/v2\/media?parent=217997"}],"wp:term":[{"taxonomy":"product_brand","embeddable":true,"href":"https:\/\/aromasentia.com\/de\/wp-json\/wp\/v2\/product_brand?post=217997"},{"taxonomy":"product_cat","embeddable":true,"href":"https:\/\/aromasentia.com\/de\/wp-json\/wp\/v2\/product_cat?post=217997"},{"taxonomy":"product_tag","embeddable":true,"href":"https:\/\/aromasentia.com\/de\/wp-json\/wp\/v2\/product_tag?post=217997"}],"curies":[{"name":"wp","href":"https:\/\/api.w.org\/{rel}","templated":true}]}}