{"id":217981,"date":"2025-03-23T12:04:43","date_gmt":"2025-03-23T12:04:43","guid":{"rendered":"https:\/\/aromasentia.com\/product\/long-tray-30x15x2-5cm-buddha-face-whitewash\/"},"modified":"2025-12-30T19:26:25","modified_gmt":"2025-12-30T19:26:25","slug":"langes-tablett-30x15x25cm-buddha-face-whitewash","status":"publish","type":"product","link":"https:\/\/aromasentia.com\/de\/langes-tablett-30x15x25cm-buddha-face-whitewash\/","title":{"rendered":"Langes Tablett 30x15x2,5cm &#8211; Buddha Face Whitewash"},"content":{"rendered":"<p>Pr\u00e4sentieren Sie Ihre Gegenst\u00e4nde mit einem Hauch von friedlicher Eleganz auf diesem langen Tablett mit einem wei\u00df get\u00fcnchten Buddha-Gesicht. Mit den Ma\u00dfen 30 x 15 x 2,5 cm eignet es sich perfekt zum Servieren, Organisieren oder als ruhiger dekorativer Akzent.<\/p>\n","protected":false},"excerpt":{"rendered":"<p>Pr\u00e4sentieren Sie Ihre Gegenst\u00e4nde mit einem Hauch von friedlicher Eleganz auf diesem langen Tablett mit einem wei\u00df get\u00fcnchten Buddha-Gesicht. Mit den Ma\u00dfen 30 x 15 x 2,5 cm eignet es sich perfekt zum Servieren, Organisieren oder als ruhiger dekorativer Akzent.<\/p>\n","protected":false},"featured_media":436643,"comment_status":"closed","ping_status":"open","template":"","meta":{"_angie_page":false},"product_brand":[],"product_cat":[14143,14142],"product_tag":[],"class_list":{"0":"post-217981","1":"product","2":"type-product","3":"status-publish","4":"has-post-thumbnail","6":"product_cat-aufbewahrung-geschenke-und-geschenkboxen","7":"product_cat-geschenkverpackung","8":"pa_collection-handcrafted-wooden-boxes-trays--buddha-hamsa-collection-de","9":"pa_made-in-indien","11":"first","12":"instock","13":"purchasable","14":"product-type-simple"},"supplier_id":null,"supplier_sku":"ETBT-21","barcode":null,"atum_controlled":true,"out_stock_date":null,"out_stock_threshold":null,"inheritable":false,"inbound_stock":null,"stock_on_hold":0,"sold_today":0,"sales_last_days":0,"reserved_stock":null,"customer_returns":null,"warehouse_damage":null,"lost_in_post":null,"other_logs":null,"out_stock_days":0,"lost_sales":0,"has_location":null,"update_date":"2026-04-27T07:02:18","atum_locations":[],"atum_stock_status":"instock","restock_status":false,"low_stock_amount":"","sales_update_date":"2026-01-30T01:24:35","calc_backorders":null,"_links":{"self":[{"href":"https:\/\/aromasentia.com\/de\/wp-json\/wp\/v2\/product\/217981","targetHints":{"allow":["GET"]}}],"collection":[{"href":"https:\/\/aromasentia.com\/de\/wp-json\/wp\/v2\/product"}],"about":[{"href":"https:\/\/aromasentia.com\/de\/wp-json\/wp\/v2\/types\/product"}],"replies":[{"embeddable":true,"href":"https:\/\/aromasentia.com\/de\/wp-json\/wp\/v2\/comments?post=217981"}],"version-history":[{"count":0,"href":"https:\/\/aromasentia.com\/de\/wp-json\/wp\/v2\/product\/217981\/revisions"}],"wp:featuredmedia":[{"embeddable":true,"href":"https:\/\/aromasentia.com\/de\/wp-json\/wp\/v2\/media\/436643"}],"wp:attachment":[{"href":"https:\/\/aromasentia.com\/de\/wp-json\/wp\/v2\/media?parent=217981"}],"wp:term":[{"taxonomy":"product_brand","embeddable":true,"href":"https:\/\/aromasentia.com\/de\/wp-json\/wp\/v2\/product_brand?post=217981"},{"taxonomy":"product_cat","embeddable":true,"href":"https:\/\/aromasentia.com\/de\/wp-json\/wp\/v2\/product_cat?post=217981"},{"taxonomy":"product_tag","embeddable":true,"href":"https:\/\/aromasentia.com\/de\/wp-json\/wp\/v2\/product_tag?post=217981"}],"curies":[{"name":"wp","href":"https:\/\/api.w.org\/{rel}","templated":true}]}}