{"id":217973,"date":"2025-03-23T12:04:43","date_gmt":"2025-03-23T12:04:43","guid":{"rendered":"https:\/\/aromasentia.com\/product\/long-tray-30x20-5x2-5cm-hamsa-shape-with-buddha-whitewash\/"},"modified":"2025-12-30T19:26:25","modified_gmt":"2025-12-30T19:26:25","slug":"langes-tablett-30x205x25cm-hamsa-form-mit-buddha-whitewash","status":"publish","type":"product","link":"https:\/\/aromasentia.com\/de\/langes-tablett-30x205x25cm-hamsa-form-mit-buddha-whitewash\/","title":{"rendered":"Langes Tablett 30&#215;20,5&#215;2,5cm &#8211; Hamsa-Form mit Buddha-Whitewash"},"content":{"rendered":"<p>Pr\u00e4sentieren Sie Ihre Gegenst\u00e4nde mit einer Mischung aus Schutz und Frieden auf diesem langen Tablett mit einer wei\u00df gekalkten Hamsa-Handform mit Buddha-Motiv. Mit den Ma\u00dfen 30 x 20,5 x 2,5 cm ist es perfekt zum Servieren, Organisieren oder als bedeutungsvolles Dekorationsst\u00fcck.<\/p>\n","protected":false},"excerpt":{"rendered":"<p>Pr\u00e4sentieren Sie Ihre Gegenst\u00e4nde mit einer Mischung aus Schutz und Frieden auf diesem langen Tablett mit einer wei\u00df gekalkten Hamsa-Handform mit Buddha-Motiv. Mit den Ma\u00dfen 30 x 20,5 x 2,5 cm ist es perfekt zum Servieren, Organisieren oder als bedeutungsvolles Dekorationsst\u00fcck.<\/p>\n","protected":false},"featured_media":436625,"comment_status":"closed","ping_status":"open","template":"","meta":{"_angie_page":false},"product_brand":[],"product_cat":[14143,14142],"product_tag":[],"class_list":{"0":"post-217973","1":"product","2":"type-product","3":"status-publish","4":"has-post-thumbnail","6":"product_cat-aufbewahrung-geschenke-und-geschenkboxen","7":"product_cat-geschenkverpackung","8":"pa_collection-handcrafted-wooden-boxes-trays--buddha-hamsa-collection-de","9":"pa_made-in-indien","11":"first","12":"instock","13":"purchasable","14":"product-type-simple"},"supplier_id":null,"supplier_sku":"ETBT-19","barcode":null,"atum_controlled":true,"out_stock_date":null,"out_stock_threshold":null,"inheritable":false,"inbound_stock":null,"stock_on_hold":0,"sold_today":0,"sales_last_days":0,"reserved_stock":null,"customer_returns":null,"warehouse_damage":null,"lost_in_post":null,"other_logs":null,"out_stock_days":0,"lost_sales":0,"has_location":null,"update_date":"2026-04-27T07:02:18","atum_locations":[],"atum_stock_status":"instock","restock_status":false,"low_stock_amount":"","sales_update_date":"2026-02-06T00:01:33","calc_backorders":null,"_links":{"self":[{"href":"https:\/\/aromasentia.com\/de\/wp-json\/wp\/v2\/product\/217973","targetHints":{"allow":["GET"]}}],"collection":[{"href":"https:\/\/aromasentia.com\/de\/wp-json\/wp\/v2\/product"}],"about":[{"href":"https:\/\/aromasentia.com\/de\/wp-json\/wp\/v2\/types\/product"}],"replies":[{"embeddable":true,"href":"https:\/\/aromasentia.com\/de\/wp-json\/wp\/v2\/comments?post=217973"}],"version-history":[{"count":0,"href":"https:\/\/aromasentia.com\/de\/wp-json\/wp\/v2\/product\/217973\/revisions"}],"wp:featuredmedia":[{"embeddable":true,"href":"https:\/\/aromasentia.com\/de\/wp-json\/wp\/v2\/media\/436625"}],"wp:attachment":[{"href":"https:\/\/aromasentia.com\/de\/wp-json\/wp\/v2\/media?parent=217973"}],"wp:term":[{"taxonomy":"product_brand","embeddable":true,"href":"https:\/\/aromasentia.com\/de\/wp-json\/wp\/v2\/product_brand?post=217973"},{"taxonomy":"product_cat","embeddable":true,"href":"https:\/\/aromasentia.com\/de\/wp-json\/wp\/v2\/product_cat?post=217973"},{"taxonomy":"product_tag","embeddable":true,"href":"https:\/\/aromasentia.com\/de\/wp-json\/wp\/v2\/product_tag?post=217973"}],"curies":[{"name":"wp","href":"https:\/\/api.w.org\/{rel}","templated":true}]}}