{"id":217893,"date":"2025-03-23T12:06:49","date_gmt":"2025-03-23T12:06:49","guid":{"rendered":"https:\/\/aromasentia.com\/product\/big-square-box-15x17-5x8cm-hop-hare\/"},"modified":"2025-12-30T19:26:11","modified_gmt":"2025-12-30T19:26:11","slug":"grosse-quadratische-box-15-x-175-x-8-cm-hop-hare-design-folgt","status":"publish","type":"product","link":"https:\/\/aromasentia.com\/de\/grosse-quadratische-box-15-x-175-x-8-cm-hop-hare-design-folgt\/","title":{"rendered":"Gro\u00dfe quadratische Box 15 x 17,5 x 8 cm \u2013 HOP HARE (Design folgt)"},"content":{"rendered":"<p>Bewahren Sie Ihre gr\u00f6\u00dferen Erinnerungsst\u00fccke mit einem Hauch von Natur in dieser gro\u00dfen, emaillierten, quadratischen Schachtel mit einem entz\u00fcckenden Hasenmotiv auf. Mit den Ma\u00dfen 15&#215;17,5x8cm ist sie perfekt f\u00fcr die Aufbewahrung von Schmuck, Fotos oder anderen wertvollen Gegenst\u00e4nden.<\/p>\n","protected":false},"excerpt":{"rendered":"<p>Bewahren Sie Ihre gr\u00f6\u00dferen Erinnerungsst\u00fccke mit einem Hauch von Natur in dieser gro\u00dfen, emaillierten, quadratischen Schachtel mit einem entz\u00fcckenden Hasenmotiv auf. Mit den Ma\u00dfen 15&#215;17,5x8cm ist sie perfekt f\u00fcr die Aufbewahrung von Schmuck, Fotos oder anderen wertvollen Gegenst\u00e4nden.<\/p>\n","protected":false},"featured_media":437585,"comment_status":"closed","ping_status":"open","template":"","meta":{"_angie_page":false},"product_brand":[27112],"product_cat":[14143,14142],"product_tag":[],"class_list":{"0":"post-217893","1":"product","2":"type-product","3":"status-publish","4":"has-post-thumbnail","6":"product_brand-hop-hare","7":"product_cat-aufbewahrung-geschenke-und-geschenkboxen","8":"product_cat-geschenkverpackung","9":"pa_collection-enamelled-wooden-trays-and-boxes-de","10":"pa_made-in-indien","12":"first","13":"instock","14":"purchasable","15":"product-type-simple"},"supplier_id":null,"supplier_sku":"HHENBT-05","barcode":null,"atum_controlled":true,"out_stock_date":null,"out_stock_threshold":null,"inheritable":false,"inbound_stock":null,"stock_on_hold":0,"sold_today":0,"sales_last_days":0,"reserved_stock":null,"customer_returns":null,"warehouse_damage":null,"lost_in_post":null,"other_logs":null,"out_stock_days":0,"lost_sales":0,"has_location":null,"update_date":"2026-04-27T07:07:19","atum_locations":[],"atum_stock_status":"instock","restock_status":false,"low_stock_amount":"","sales_update_date":"2026-01-30T01:26:24","calc_backorders":null,"_links":{"self":[{"href":"https:\/\/aromasentia.com\/de\/wp-json\/wp\/v2\/product\/217893","targetHints":{"allow":["GET"]}}],"collection":[{"href":"https:\/\/aromasentia.com\/de\/wp-json\/wp\/v2\/product"}],"about":[{"href":"https:\/\/aromasentia.com\/de\/wp-json\/wp\/v2\/types\/product"}],"replies":[{"embeddable":true,"href":"https:\/\/aromasentia.com\/de\/wp-json\/wp\/v2\/comments?post=217893"}],"version-history":[{"count":0,"href":"https:\/\/aromasentia.com\/de\/wp-json\/wp\/v2\/product\/217893\/revisions"}],"wp:featuredmedia":[{"embeddable":true,"href":"https:\/\/aromasentia.com\/de\/wp-json\/wp\/v2\/media\/437585"}],"wp:attachment":[{"href":"https:\/\/aromasentia.com\/de\/wp-json\/wp\/v2\/media?parent=217893"}],"wp:term":[{"taxonomy":"product_brand","embeddable":true,"href":"https:\/\/aromasentia.com\/de\/wp-json\/wp\/v2\/product_brand?post=217893"},{"taxonomy":"product_cat","embeddable":true,"href":"https:\/\/aromasentia.com\/de\/wp-json\/wp\/v2\/product_cat?post=217893"},{"taxonomy":"product_tag","embeddable":true,"href":"https:\/\/aromasentia.com\/de\/wp-json\/wp\/v2\/product_tag?post=217893"}],"curies":[{"name":"wp","href":"https:\/\/api.w.org\/{rel}","templated":true}]}}