{"id":217877,"date":"2025-03-23T12:06:49","date_gmt":"2025-03-23T12:06:49","guid":{"rendered":"https:\/\/aromasentia.com\/product\/small-enameled-square-box-10x10x4-2cm-hop-hare\/"},"modified":"2025-12-30T19:26:03","modified_gmt":"2025-12-30T19:26:03","slug":"kleine-emaillierte-quadratische-box-10-x-10-x-42-cm-hop-hare-design-folgt","status":"publish","type":"product","link":"https:\/\/aromasentia.com\/de\/kleine-emaillierte-quadratische-box-10-x-10-x-42-cm-hop-hare-design-folgt\/","title":{"rendered":"Kleine emaillierte quadratische Box 10 x 10 x 4,2 cm \u2013 HOP HARE (Design folgt)"},"content":{"rendered":"<p>Bewahren Sie Ihre kleinen Sch\u00e4tze mit einem Hauch von skurrilem Charme in dieser kleinen, emaillierten, quadratischen Schachtel mit einem entz\u00fcckenden Hasenmotiv auf. Mit einer Gr\u00f6\u00dfe von 10x10x4,2 cm ist sie perfekt f\u00fcr die Aufbewahrung von Schmuck, Kleinigkeiten oder kleinen Andenken.<\/p>\n","protected":false},"excerpt":{"rendered":"<p>Bewahren Sie Ihre kleinen Sch\u00e4tze mit einem Hauch von skurrilem Charme in dieser kleinen, emaillierten, quadratischen Schachtel mit einem entz\u00fcckenden Hasenmotiv auf. Mit einer Gr\u00f6\u00dfe von 10x10x4,2 cm ist sie perfekt f\u00fcr die Aufbewahrung von Schmuck, Kleinigkeiten oder kleinen Andenken.<\/p>\n","protected":false},"featured_media":437517,"comment_status":"closed","ping_status":"open","template":"","meta":{"_angie_page":false},"product_brand":[27112],"product_cat":[14143,14142],"product_tag":[],"class_list":{"0":"post-217877","1":"product","2":"type-product","3":"status-publish","4":"has-post-thumbnail","6":"product_brand-hop-hare","7":"product_cat-aufbewahrung-geschenke-und-geschenkboxen","8":"product_cat-geschenkverpackung","9":"pa_collection-enamelled-wooden-trays-and-boxes-de","10":"pa_made-in-indien","12":"first","13":"instock","14":"purchasable","15":"product-type-simple"},"supplier_id":null,"supplier_sku":"HHENBT-01","barcode":null,"atum_controlled":true,"out_stock_date":null,"out_stock_threshold":null,"inheritable":false,"inbound_stock":null,"stock_on_hold":0,"sold_today":0,"sales_last_days":0,"reserved_stock":null,"customer_returns":null,"warehouse_damage":null,"lost_in_post":null,"other_logs":null,"out_stock_days":0,"lost_sales":0,"has_location":null,"update_date":"2026-04-27T07:07:11","atum_locations":[],"atum_stock_status":"instock","restock_status":false,"low_stock_amount":"","sales_update_date":"2026-01-30T01:26:28","calc_backorders":null,"_links":{"self":[{"href":"https:\/\/aromasentia.com\/de\/wp-json\/wp\/v2\/product\/217877","targetHints":{"allow":["GET"]}}],"collection":[{"href":"https:\/\/aromasentia.com\/de\/wp-json\/wp\/v2\/product"}],"about":[{"href":"https:\/\/aromasentia.com\/de\/wp-json\/wp\/v2\/types\/product"}],"replies":[{"embeddable":true,"href":"https:\/\/aromasentia.com\/de\/wp-json\/wp\/v2\/comments?post=217877"}],"version-history":[{"count":0,"href":"https:\/\/aromasentia.com\/de\/wp-json\/wp\/v2\/product\/217877\/revisions"}],"wp:featuredmedia":[{"embeddable":true,"href":"https:\/\/aromasentia.com\/de\/wp-json\/wp\/v2\/media\/437517"}],"wp:attachment":[{"href":"https:\/\/aromasentia.com\/de\/wp-json\/wp\/v2\/media?parent=217877"}],"wp:term":[{"taxonomy":"product_brand","embeddable":true,"href":"https:\/\/aromasentia.com\/de\/wp-json\/wp\/v2\/product_brand?post=217877"},{"taxonomy":"product_cat","embeddable":true,"href":"https:\/\/aromasentia.com\/de\/wp-json\/wp\/v2\/product_cat?post=217877"},{"taxonomy":"product_tag","embeddable":true,"href":"https:\/\/aromasentia.com\/de\/wp-json\/wp\/v2\/product_tag?post=217877"}],"curies":[{"name":"wp","href":"https:\/\/api.w.org\/{rel}","templated":true}]}}