{"id":217865,"date":"2025-03-23T12:06:49","date_gmt":"2025-03-23T12:06:49","guid":{"rendered":"https:\/\/aromasentia.com\/product\/hati-hati-angel-magic-box-joy\/"},"modified":"2025-12-30T19:26:03","modified_gmt":"2025-12-30T19:26:03","slug":"hati-hati-engel-zauberbox-freude","status":"publish","type":"product","link":"https:\/\/aromasentia.com\/de\/hati-hati-engel-zauberbox-freude\/","title":{"rendered":"Hati-Hati Engel-Zauberbox \u2013 Freude"},"content":{"rendered":"<p><span style=\"color: rgb(75, 80, 88);\"><strong>Hati-Hati Engel-Zauberbox \u2013 Freude \u2013 14 cm, handgeschnitzt aus nachhaltigem Suar-Holz in indonesischen Bergd\u00f6rfern.<\/strong>Dieses Hartholz hat eine reiche Tradition in der Herstellung sch\u00f6ner und heiliger St\u00fccke.<\/span><\/p>\n<p><span style=\"color: rgb(75, 80, 88);\">Diese Engel gehen \u00fcber reine Dekoration hinaus und verk\u00f6rpern eine tiefgr\u00fcndige Botschaft. \u201eHati Hati\u201c, indonesisch f\u00fcr \u201evorsichtig\u201c oder \u201eVorsicht\u201c, symbolisiert das empfindliche Gleichgewicht des Lebens. Jeder Engel tr\u00e4gt ein kleines Herz, eine Erinnerung daran, sowohl unsere Herzen als auch die unserer Lieben zu besch\u00fctzen.<\/span><\/p>\n<p><span style=\"color: rgb(75, 80, 88);\"><strong>Diese Engelfiguren verf\u00fcgen \u00fcber ein verstecktes Fach in ihrem hohlen K\u00f6rper, <\/strong> das ihnen zus\u00e4tzliche Funktionalit\u00e4t verleiht. Kunden k\u00f6nnen wertvolle Erinnerungsst\u00fccke, Schmuck oder kleine Sch\u00e4tze sicher aufbewahren.<\/span><\/p>\n<p><span style=\"color: rgb(75, 80, 88);\">Der Hati Hati Engel der Freude strahlt Positivit\u00e4t und ansteckendes Gl\u00fcck aus und ist ein Symbol f\u00fcr pure Wonne und Jubel. Dieser Engel tr\u00e4gt ein Herz, das mit einem strahlenden L\u00e4cheln geschm\u00fcckt ist, und erinnert uns daran, die kleinen Freuden des Lebens anzunehmen und Gl\u00fcck zu verbreiten, wo immer wir hingehen. Seine lebendigen Farben und das verspielte Design machen es zu einem idealen Geschenk f\u00fcr Geburtstage, Schulabschl\u00fcsse oder einfach als fr\u00f6hliche Erg\u00e4nzung f\u00fcr jeden Raum.&nbsp;<\/span><\/p>\n<p><span style=\"color: rgb(75, 80, 88);\"><strong>Stellen Sie es in Ihrem Zuhause oder B\u00fcro aus, um eine t\u00e4gliche Dosis Freude zu wecken und alle daran zu erinnern, in den kleinsten Momenten Gl\u00fcck zu finden.<\/strong><\/span><\/p>\n","protected":false},"excerpt":{"rendered":"<p>Hati-Hati Engel-Zauberbox \u2013 Freude \u2013 14 cm, handgeschnitzt aus nachhaltigem Suar-Holz in indonesischen Bergd\u00f6rfern.Dieses Hartholz hat eine reiche Tradition in der Herstellung sch\u00f6ner und heiliger St\u00fccke. Diese Engel gehen \u00fcber reine Dekoration hinaus und verk\u00f6rpern eine tiefgr\u00fcndige Botschaft. \u201eHati Hati\u201c, indonesisch f\u00fcr \u201evorsichtig\u201c oder \u201eVorsicht\u201c, symbolisiert das empfindliche Gleichgewicht des Lebens. Jeder Engel tr\u00e4gt ein [&hellip;]<\/p>\n","protected":false},"featured_media":437418,"comment_status":"closed","ping_status":"open","template":"","meta":[],"product_brand":[],"product_cat":[14194,14060],"product_tag":[],"class_list":{"0":"post-217865","1":"product","2":"type-product","3":"status-publish","4":"has-post-thumbnail","6":"product_cat-sammlerfiguren","7":"product_cat-vintage-geschenke-und-souvenirs","8":"pa_collection-hati-hati-angels-de","9":"pa_made-in-indonesien","11":"first","12":"instock","13":"purchasable","14":"product-type-simple"},"supplier_id":null,"supplier_sku":"HatiA-21","barcode":null,"atum_controlled":true,"out_stock_date":null,"out_stock_threshold":null,"inheritable":false,"inbound_stock":null,"stock_on_hold":0,"sold_today":0,"sales_last_days":0,"reserved_stock":null,"customer_returns":null,"warehouse_damage":null,"lost_in_post":null,"other_logs":null,"out_stock_days":0,"lost_sales":0,"has_location":null,"update_date":"2026-01-30T01:26:33","atum_locations":[],"atum_stock_status":"instock","restock_status":false,"low_stock_amount":"","sales_update_date":"2026-01-30T01:26:33","calc_backorders":null,"_links":{"self":[{"href":"https:\/\/aromasentia.com\/de\/wp-json\/wp\/v2\/product\/217865","targetHints":{"allow":["GET"]}}],"collection":[{"href":"https:\/\/aromasentia.com\/de\/wp-json\/wp\/v2\/product"}],"about":[{"href":"https:\/\/aromasentia.com\/de\/wp-json\/wp\/v2\/types\/product"}],"replies":[{"embeddable":true,"href":"https:\/\/aromasentia.com\/de\/wp-json\/wp\/v2\/comments?post=217865"}],"version-history":[{"count":0,"href":"https:\/\/aromasentia.com\/de\/wp-json\/wp\/v2\/product\/217865\/revisions"}],"wp:featuredmedia":[{"embeddable":true,"href":"https:\/\/aromasentia.com\/de\/wp-json\/wp\/v2\/media\/437418"}],"wp:attachment":[{"href":"https:\/\/aromasentia.com\/de\/wp-json\/wp\/v2\/media?parent=217865"}],"wp:term":[{"taxonomy":"product_brand","embeddable":true,"href":"https:\/\/aromasentia.com\/de\/wp-json\/wp\/v2\/product_brand?post=217865"},{"taxonomy":"product_cat","embeddable":true,"href":"https:\/\/aromasentia.com\/de\/wp-json\/wp\/v2\/product_cat?post=217865"},{"taxonomy":"product_tag","embeddable":true,"href":"https:\/\/aromasentia.com\/de\/wp-json\/wp\/v2\/product_tag?post=217865"}],"curies":[{"name":"wp","href":"https:\/\/api.w.org\/{rel}","templated":true}]}}