{"id":217845,"date":"2025-03-23T12:06:49","date_gmt":"2025-03-23T12:06:49","guid":{"rendered":"https:\/\/aromasentia.com\/product\/new-hati-hati-angel-peace-20cm\/"},"modified":"2025-12-30T19:25:56","modified_gmt":"2025-12-30T19:25:56","slug":"hati-hati-engel-frieden-20cm","status":"publish","type":"product","link":"https:\/\/aromasentia.com\/de\/hati-hati-engel-frieden-20cm\/","title":{"rendered":"Hati-Hati Engel- Frieden- 20cm"},"content":{"rendered":"<p><strong>Hati-Hati-Engel \u2013 Frieden \u2013 20 cm<\/strong> wird in Bergd\u00f6rfern aus Suar-Holz, einem nachhaltigen Hartholz, handgeschnitzt. Dieses Holz wird verwendet, um wundersch\u00f6ne und oft heilige Bilder zu schaffen. Hati-Hati-Engel sind sch\u00f6ne, kulturelle und liebevolle Geschenke.<\/p>\n<p>Jeder Engel wurde sorgf\u00e4ltig von Hand geschnitzt, sonnengetrocknet, bearbeitet, poliert und von Kunsthandwerkern in l\u00e4ndlichen Gebieten bemalt. Hat-hati ist ein gebr\u00e4uchliches indonesisches Wort und bedeutet \u201esich k\u00fcmmern\u201c. Diese Engel sollen allen, die sie halten, Liebe und F\u00fcrsorge bringen. Jeder Engel wird mit einer sch\u00f6nen Infokarte geliefert.<\/p>\n","protected":false},"excerpt":{"rendered":"<p>Hati-Hati-Engel \u2013 Frieden \u2013 20 cm wird in Bergd\u00f6rfern aus Suar-Holz, einem nachhaltigen Hartholz, handgeschnitzt. Dieses Holz wird verwendet, um wundersch\u00f6ne und oft heilige Bilder zu schaffen. Hati-Hati-Engel sind sch\u00f6ne, kulturelle und liebevolle Geschenke. Jeder Engel wurde sorgf\u00e4ltig von Hand geschnitzt, sonnengetrocknet, bearbeitet, poliert und von Kunsthandwerkern in l\u00e4ndlichen Gebieten bemalt. Hat-hati ist ein gebr\u00e4uchliches [&hellip;]<\/p>\n","protected":false},"featured_media":437293,"comment_status":"closed","ping_status":"open","template":"","meta":[],"product_brand":[],"product_cat":[14194,14060],"product_tag":[],"class_list":{"0":"post-217845","1":"product","2":"type-product","3":"status-publish","4":"has-post-thumbnail","6":"product_cat-sammlerfiguren","7":"product_cat-vintage-geschenke-und-souvenirs","8":"pa_collection-hati-hati-angels-de","9":"pa_made-in-indonesien","11":"first","12":"outofstock","13":"purchasable","14":"product-type-simple"},"supplier_id":null,"supplier_sku":"HatiA-16","barcode":null,"atum_controlled":true,"out_stock_date":"2025-12-17 11:26:14","out_stock_threshold":null,"inheritable":false,"inbound_stock":null,"stock_on_hold":0,"sold_today":0,"sales_last_days":0,"reserved_stock":null,"customer_returns":null,"warehouse_damage":null,"lost_in_post":null,"other_logs":null,"out_stock_days":50,"lost_sales":0,"has_location":null,"update_date":"2026-02-06T00:00:52","atum_locations":[],"atum_stock_status":"outofstock","restock_status":false,"low_stock_amount":"","sales_update_date":"2026-02-06T00:00:52","calc_backorders":null,"_links":{"self":[{"href":"https:\/\/aromasentia.com\/de\/wp-json\/wp\/v2\/product\/217845","targetHints":{"allow":["GET"]}}],"collection":[{"href":"https:\/\/aromasentia.com\/de\/wp-json\/wp\/v2\/product"}],"about":[{"href":"https:\/\/aromasentia.com\/de\/wp-json\/wp\/v2\/types\/product"}],"replies":[{"embeddable":true,"href":"https:\/\/aromasentia.com\/de\/wp-json\/wp\/v2\/comments?post=217845"}],"version-history":[{"count":0,"href":"https:\/\/aromasentia.com\/de\/wp-json\/wp\/v2\/product\/217845\/revisions"}],"wp:featuredmedia":[{"embeddable":true,"href":"https:\/\/aromasentia.com\/de\/wp-json\/wp\/v2\/media\/437293"}],"wp:attachment":[{"href":"https:\/\/aromasentia.com\/de\/wp-json\/wp\/v2\/media?parent=217845"}],"wp:term":[{"taxonomy":"product_brand","embeddable":true,"href":"https:\/\/aromasentia.com\/de\/wp-json\/wp\/v2\/product_brand?post=217845"},{"taxonomy":"product_cat","embeddable":true,"href":"https:\/\/aromasentia.com\/de\/wp-json\/wp\/v2\/product_cat?post=217845"},{"taxonomy":"product_tag","embeddable":true,"href":"https:\/\/aromasentia.com\/de\/wp-json\/wp\/v2\/product_tag?post=217845"}],"curies":[{"name":"wp","href":"https:\/\/api.w.org\/{rel}","templated":true}]}}