{"id":217837,"date":"2025-03-23T12:07:48","date_gmt":"2025-03-23T12:07:48","guid":{"rendered":"https:\/\/aromasentia.com\/product\/wooden-pill-box-9x5x4cm-carved-designs\/"},"modified":"2025-12-30T19:25:56","modified_gmt":"2025-12-30T19:25:56","slug":"wooden-pill-box-9x5x4cm-carved-designs","status":"publish","type":"product","link":"https:\/\/aromasentia.com\/de\/wooden-pill-box-9x5x4cm-carved-designs\/","title":{"rendered":"Wooden Pill Box 9x5x4cm &#8211; Carved Designs"},"content":{"rendered":"<p><span style=\"color: rgb(75, 80, 88);\">Jedes Design ist ein kleines Kunstwerk, das dem Alltag eine pers\u00f6nliche Note verleiht. Diese Boxen sind praktisch und \u00e4sthetisch zugleich und somit eine gewinnbringende und charmante Erg\u00e4nzung Ihres Inventars.<\/span><\/p>\n<p><span style=\"color: rgb(75, 80, 88);\">Diese vielseitigen Boxen vereinen Funktionalit\u00e4t und Eleganz und dienen als perfekte Aufbewahrungsl\u00f6sung, exquisites Geschenk oder auff\u00e4llige Erg\u00e4nzung f\u00fcr Einzelhandelsdisplays. Ma\u00dfgeschneidert f\u00fcr eine Vielzahl von Anforderungen.<\/span><\/p>\n<p><span style=\"color: rgb(75, 80, 88);\">Bereichern Sie das Angebot Ihrer Kunden. Erleben Sie, indem Sie diese wundersch\u00f6n gefertigten Holzkisten in Ihr Inventar aufnehmen.&nbsp;<\/span><\/p>\n<p><span style=\"color: rgb(75, 80, 88);\"><strong>Set-Designs<\/strong> \u2013 Buddha, Blume, Ohm, Hamsa, Weinrebe<\/span><\/p>\n<p><span style=\"color: rgb(75, 80, 88);\"><strong>BITTE BEACHTEN: Wenn Sie kein Design ausw\u00e4hlen, w\u00e4hlen wir eines aus den verf\u00fcgbaren Optionen f\u00fcr Sie aus.<\/strong> <br \/><\/span><\/p>\n<p><span style=\"color: rgb(75, 80, 88);\">Abmessungen: 9 x 5 x 4 cm<\/span><\/p>\n","protected":false},"excerpt":{"rendered":"<p>Jedes Design ist ein kleines Kunstwerk, das dem Alltag eine pers\u00f6nliche Note verleiht. Diese Boxen sind praktisch und \u00e4sthetisch zugleich und somit eine gewinnbringende und charmante Erg\u00e4nzung Ihres Inventars. Diese vielseitigen Boxen vereinen Funktionalit\u00e4t und Eleganz und dienen als perfekte Aufbewahrungsl\u00f6sung, exquisites Geschenk oder auff\u00e4llige Erg\u00e4nzung f\u00fcr Einzelhandelsdisplays. Ma\u00dfgeschneidert f\u00fcr eine Vielzahl von Anforderungen. Bereichern [&hellip;]<\/p>\n","protected":false},"featured_media":437793,"comment_status":"closed","ping_status":"open","template":"","meta":{"_angie_page":false},"product_brand":[],"product_cat":[14143,14142],"product_tag":[],"class_list":{"0":"post-217837","1":"product","2":"type-product","3":"status-publish","4":"has-post-thumbnail","6":"product_cat-aufbewahrung-geschenke-und-geschenkboxen","7":"product_cat-geschenkverpackung","8":"pa_collection-hand-carved-wooden-boxes-de","9":"pa_made-in-indien","11":"first","12":"instock","13":"purchasable","14":"product-type-simple"},"supplier_id":null,"supplier_sku":"IMBox-01b","barcode":null,"atum_controlled":true,"out_stock_date":null,"out_stock_threshold":null,"inheritable":false,"inbound_stock":null,"stock_on_hold":0,"sold_today":0,"sales_last_days":0,"reserved_stock":null,"customer_returns":null,"warehouse_damage":null,"lost_in_post":null,"other_logs":null,"out_stock_days":0,"lost_sales":0,"has_location":null,"update_date":"2026-04-27T07:08:45","atum_locations":[],"atum_stock_status":"instock","restock_status":false,"low_stock_amount":"","sales_update_date":"2026-01-30T01:25:29","calc_backorders":null,"_links":{"self":[{"href":"https:\/\/aromasentia.com\/de\/wp-json\/wp\/v2\/product\/217837","targetHints":{"allow":["GET"]}}],"collection":[{"href":"https:\/\/aromasentia.com\/de\/wp-json\/wp\/v2\/product"}],"about":[{"href":"https:\/\/aromasentia.com\/de\/wp-json\/wp\/v2\/types\/product"}],"replies":[{"embeddable":true,"href":"https:\/\/aromasentia.com\/de\/wp-json\/wp\/v2\/comments?post=217837"}],"version-history":[{"count":0,"href":"https:\/\/aromasentia.com\/de\/wp-json\/wp\/v2\/product\/217837\/revisions"}],"wp:featuredmedia":[{"embeddable":true,"href":"https:\/\/aromasentia.com\/de\/wp-json\/wp\/v2\/media\/437793"}],"wp:attachment":[{"href":"https:\/\/aromasentia.com\/de\/wp-json\/wp\/v2\/media?parent=217837"}],"wp:term":[{"taxonomy":"product_brand","embeddable":true,"href":"https:\/\/aromasentia.com\/de\/wp-json\/wp\/v2\/product_brand?post=217837"},{"taxonomy":"product_cat","embeddable":true,"href":"https:\/\/aromasentia.com\/de\/wp-json\/wp\/v2\/product_cat?post=217837"},{"taxonomy":"product_tag","embeddable":true,"href":"https:\/\/aromasentia.com\/de\/wp-json\/wp\/v2\/product_tag?post=217837"}],"curies":[{"name":"wp","href":"https:\/\/api.w.org\/{rel}","templated":true}]}}