{"id":217833,"date":"2025-03-23T12:07:48","date_gmt":"2025-03-23T12:07:48","guid":{"rendered":"https:\/\/aromasentia.com\/product\/large-wooden-keepsake-box-20x15x7-5cm-buddha\/"},"modified":"2025-12-30T19:25:56","modified_gmt":"2025-12-30T19:25:56","slug":"grosse-aufbewahrungsbox-aus-holz-20-x-15-x-75-cm-buddha","status":"publish","type":"product","link":"https:\/\/aromasentia.com\/de\/grosse-aufbewahrungsbox-aus-holz-20-x-15-x-75-cm-buddha\/","title":{"rendered":"Gro\u00dfe Aufbewahrungsbox aus Holz, 20 x 15 x 7,5 cm \u2013 Buddha"},"content":{"rendered":"<p style=\"text-align: left;\"><span style=\"color: rgb(75, 80, 88);\"><strong>Versetzen Sie Ihre Kunden mit der gro\u00dfen h\u00f6lzernen Erinnerungsbox mit dem Buddha-Symbol in Ruhe.<\/strong><\/span><\/p>\n<p><span style=\"color: rgb(75, 80, 88);\">\u00dcber ihre Aufbewahrungsm\u00f6glichkeiten hinaus symbolisiert diese Box Erleuchtung und Achtsamkeit und bietet eine bedeutungsvolle und elegante L\u00f6sung f\u00fcr besondere Momente.<\/span><\/p>\n<p><span style=\"color: rgb(75, 80, 88);\">Diese vielseitigen Boxen verbinden nahtlos Funktionalit\u00e4t mit Eleganz und dienen als perfekte Aufbewahrungsl\u00f6sung, exquisite Geschenke oder auff\u00e4llige Erg\u00e4nzungen f\u00fcr Einzelhandelsdisplays. Ma\u00dfgeschneidert, um eine Vielzahl von Bed\u00fcrfnissen zu erf\u00fcllen.<\/span><\/p>\n<p><span style=\"color: rgb(75, 80, 88);\">Bereichern Sie die Erleben Sie, indem Sie diese wundersch\u00f6n gefertigten Holzkisten in Ihr Inventar aufnehmen.&nbsp;<\/span><\/p>\n<p><span style=\"color: rgb(141, 186, 216);\"><strong>Bestellen Sie noch heute, um Ihrem Produktsortiment einen Hauch von Raffinesse zu verleihen.<\/strong><\/span><\/p>\n<p><span style=\"color: rgb(75, 80, 88);\"><strong>Abmessungen:&nbsp;<\/strong>20 x 15 x 7,5 cm&nbsp;<\/span><\/p>\n","protected":false},"excerpt":{"rendered":"<p>Versetzen Sie Ihre Kunden mit der gro\u00dfen h\u00f6lzernen Erinnerungsbox mit dem Buddha-Symbol in Ruhe. \u00dcber ihre Aufbewahrungsm\u00f6glichkeiten hinaus symbolisiert diese Box Erleuchtung und Achtsamkeit und bietet eine bedeutungsvolle und elegante L\u00f6sung f\u00fcr besondere Momente. Diese vielseitigen Boxen verbinden nahtlos Funktionalit\u00e4t mit Eleganz und dienen als perfekte Aufbewahrungsl\u00f6sung, exquisite Geschenke oder auff\u00e4llige Erg\u00e4nzungen f\u00fcr Einzelhandelsdisplays. Ma\u00dfgeschneidert, [&hellip;]<\/p>\n","protected":false},"featured_media":437784,"comment_status":"closed","ping_status":"open","template":"","meta":{"_angie_page":false},"product_brand":[],"product_cat":[14143,14142],"product_tag":[],"class_list":{"0":"post-217833","1":"product","2":"type-product","3":"status-publish","4":"has-post-thumbnail","6":"product_cat-aufbewahrung-geschenke-und-geschenkboxen","7":"product_cat-geschenkverpackung","8":"pa_collection-hand-carved-wooden-boxes-de","9":"pa_made-in-indien","11":"first","12":"instock","13":"purchasable","14":"product-type-simple"},"supplier_id":null,"supplier_sku":"IMBox-12","barcode":null,"atum_controlled":true,"out_stock_date":null,"out_stock_threshold":null,"inheritable":false,"inbound_stock":null,"stock_on_hold":0,"sold_today":0,"sales_last_days":0,"reserved_stock":null,"customer_returns":null,"warehouse_damage":null,"lost_in_post":null,"other_logs":null,"out_stock_days":0,"lost_sales":0,"has_location":null,"update_date":"2026-04-27T07:08:53","atum_locations":[],"atum_stock_status":"instock","restock_status":false,"low_stock_amount":"","sales_update_date":"2025-09-03T00:15:16","calc_backorders":null,"_links":{"self":[{"href":"https:\/\/aromasentia.com\/de\/wp-json\/wp\/v2\/product\/217833","targetHints":{"allow":["GET"]}}],"collection":[{"href":"https:\/\/aromasentia.com\/de\/wp-json\/wp\/v2\/product"}],"about":[{"href":"https:\/\/aromasentia.com\/de\/wp-json\/wp\/v2\/types\/product"}],"replies":[{"embeddable":true,"href":"https:\/\/aromasentia.com\/de\/wp-json\/wp\/v2\/comments?post=217833"}],"version-history":[{"count":0,"href":"https:\/\/aromasentia.com\/de\/wp-json\/wp\/v2\/product\/217833\/revisions"}],"wp:featuredmedia":[{"embeddable":true,"href":"https:\/\/aromasentia.com\/de\/wp-json\/wp\/v2\/media\/437784"}],"wp:attachment":[{"href":"https:\/\/aromasentia.com\/de\/wp-json\/wp\/v2\/media?parent=217833"}],"wp:term":[{"taxonomy":"product_brand","embeddable":true,"href":"https:\/\/aromasentia.com\/de\/wp-json\/wp\/v2\/product_brand?post=217833"},{"taxonomy":"product_cat","embeddable":true,"href":"https:\/\/aromasentia.com\/de\/wp-json\/wp\/v2\/product_cat?post=217833"},{"taxonomy":"product_tag","embeddable":true,"href":"https:\/\/aromasentia.com\/de\/wp-json\/wp\/v2\/product_tag?post=217833"}],"curies":[{"name":"wp","href":"https:\/\/api.w.org\/{rel}","templated":true}]}}