{"id":217813,"date":"2025-03-23T12:07:48","date_gmt":"2025-03-23T12:07:48","guid":{"rendered":"https:\/\/aromasentia.com\/product\/medium-wooden-keepsake-box-15x10x6cm-om\/"},"modified":"2025-12-30T19:25:56","modified_gmt":"2025-12-30T19:25:56","slug":"mittelgrosse-aufbewahrungsbox-aus-holz-15x10x6cm-om","status":"publish","type":"product","link":"https:\/\/aromasentia.com\/de\/mittelgrosse-aufbewahrungsbox-aus-holz-15x10x6cm-om\/","title":{"rendered":"Mittelgro\u00dfe Aufbewahrungsbox aus Holz 15x10x6cm &#8211; Om"},"content":{"rendered":"<p><span style=\"color: rgb(75, 80, 88);\"><strong>Werten Sie Ihr Angebot mit dem ruhigen Om-Symbol auf dieser mittelgro\u00dfen h\u00f6lzernen Andenkenbox auf.<\/strong><\/span><\/p>\n<p><span style=\"color: rgb(75, 80, 88);\">Vielseitig und stilvoll repr\u00e4sentiert sie den kosmischen Klang, der die gesamte Existenz verbindet, und ist somit die ideale Wahl f\u00fcr Kunden, die spirituelle und elegante Aufbewahrungsl\u00f6sungen suchen.<\/span><\/p>\n<p><span style=\"color: rgb(75, 80, 88);\">Diese vielseitigen Boxen verbinden nahtlos Funktionalit\u00e4t mit Eleganz und dienen als perfekte Aufbewahrungsl\u00f6sung, exquisites Geschenk oder auff\u00e4llige Erg\u00e4nzung f\u00fcr Einzelhandelsdisplays. Ma\u00dfgeschneidert, um eine Vielzahl von Bed\u00fcrfnissen zu erf\u00fcllen.<\/span><\/p>\n<p><span style=\"color: rgb(75, 80, 88);\">Bereichern Sie das Angebot Ihrer Kunden Erleben Sie, indem Sie diese wundersch\u00f6n gefertigten Holzkisten in Ihr Inventar aufnehmen.&nbsp;<\/span><\/p>\n<p><span style=\"color: rgb(141, 186, 216);\"><strong>Bestellen Sie noch heute, um Ihrem Produktsortiment einen Hauch von Raffinesse zu verleihen.<\/strong><\/span><\/p>\n<p><span style=\"color: rgb(75, 80, 88);\"><strong>Abmessungen:&nbsp;<\/strong> 15 x 10 x 6 cm&nbsp;<\/span><\/p>\n","protected":false},"excerpt":{"rendered":"<p>Werten Sie Ihr Angebot mit dem ruhigen Om-Symbol auf dieser mittelgro\u00dfen h\u00f6lzernen Andenkenbox auf. Vielseitig und stilvoll repr\u00e4sentiert sie den kosmischen Klang, der die gesamte Existenz verbindet, und ist somit die ideale Wahl f\u00fcr Kunden, die spirituelle und elegante Aufbewahrungsl\u00f6sungen suchen. Diese vielseitigen Boxen verbinden nahtlos Funktionalit\u00e4t mit Eleganz und dienen als perfekte Aufbewahrungsl\u00f6sung, exquisites [&hellip;]<\/p>\n","protected":false},"featured_media":437739,"comment_status":"closed","ping_status":"open","template":"","meta":[],"product_brand":[],"product_cat":[14143,14142],"product_tag":[],"class_list":{"0":"post-217813","1":"product","2":"type-product","3":"status-publish","4":"has-post-thumbnail","6":"product_cat-aufbewahrung-geschenke-und-geschenkboxen","7":"product_cat-geschenkverpackung","8":"pa_collection-hand-carved-wooden-boxes-de","9":"pa_made-in-indien","11":"first","12":"instock","13":"purchasable","14":"product-type-simple"},"supplier_id":null,"supplier_sku":"IMBox-08","barcode":null,"atum_controlled":true,"out_stock_date":null,"out_stock_threshold":null,"inheritable":false,"inbound_stock":null,"stock_on_hold":0,"sold_today":0,"sales_last_days":0,"reserved_stock":null,"customer_returns":null,"warehouse_damage":null,"lost_in_post":null,"other_logs":null,"out_stock_days":0,"lost_sales":0,"has_location":null,"update_date":"2026-02-06T00:01:35","atum_locations":[],"atum_stock_status":"instock","restock_status":false,"low_stock_amount":"","sales_update_date":"2026-02-06T00:01:35","calc_backorders":null,"_links":{"self":[{"href":"https:\/\/aromasentia.com\/de\/wp-json\/wp\/v2\/product\/217813","targetHints":{"allow":["GET"]}}],"collection":[{"href":"https:\/\/aromasentia.com\/de\/wp-json\/wp\/v2\/product"}],"about":[{"href":"https:\/\/aromasentia.com\/de\/wp-json\/wp\/v2\/types\/product"}],"replies":[{"embeddable":true,"href":"https:\/\/aromasentia.com\/de\/wp-json\/wp\/v2\/comments?post=217813"}],"version-history":[{"count":0,"href":"https:\/\/aromasentia.com\/de\/wp-json\/wp\/v2\/product\/217813\/revisions"}],"wp:featuredmedia":[{"embeddable":true,"href":"https:\/\/aromasentia.com\/de\/wp-json\/wp\/v2\/media\/437739"}],"wp:attachment":[{"href":"https:\/\/aromasentia.com\/de\/wp-json\/wp\/v2\/media?parent=217813"}],"wp:term":[{"taxonomy":"product_brand","embeddable":true,"href":"https:\/\/aromasentia.com\/de\/wp-json\/wp\/v2\/product_brand?post=217813"},{"taxonomy":"product_cat","embeddable":true,"href":"https:\/\/aromasentia.com\/de\/wp-json\/wp\/v2\/product_cat?post=217813"},{"taxonomy":"product_tag","embeddable":true,"href":"https:\/\/aromasentia.com\/de\/wp-json\/wp\/v2\/product_tag?post=217813"}],"curies":[{"name":"wp","href":"https:\/\/api.w.org\/{rel}","templated":true}]}}