{"id":217793,"date":"2025-03-23T12:07:48","date_gmt":"2025-03-23T12:07:48","guid":{"rendered":"https:\/\/aromasentia.com\/product\/double-trinket-tray-20x10x2-5cm-hop-hare-2\/"},"modified":"2025-12-30T19:25:49","modified_gmt":"2025-12-30T19:25:49","slug":"doppeltes-schmucktablett-20-x-10-x-25-cm-hop-hare-design-folgt-2","status":"publish","type":"product","link":"https:\/\/aromasentia.com\/de\/doppeltes-schmucktablett-20-x-10-x-25-cm-hop-hare-design-folgt-2\/","title":{"rendered":"Doppeltes Schmucktablett 20 x 10 x 2,5 cm \u2013 HOP HARE (Design folgt)"},"content":{"rendered":"<p>Pr\u00e4sentieren Sie Ihre kleinen Sch\u00e4tze mit einem Hauch von Natur auf diesem doppelt emaillierten Tablett mit einem charmanten Hasenmotiv. Mit den Ma\u00dfen 20x10x2,5cm ist es perfekt f\u00fcr Ihre Kommode oder Ihren Nachttisch.<\/p>\n","protected":false},"excerpt":{"rendered":"<p>Pr\u00e4sentieren Sie Ihre kleinen Sch\u00e4tze mit einem Hauch von Natur auf diesem doppelt emaillierten Tablett mit einem charmanten Hasenmotiv. Mit den Ma\u00dfen 20x10x2,5cm ist es perfekt f\u00fcr Ihre Kommode oder Ihren Nachttisch.<\/p>\n","protected":false},"featured_media":437678,"comment_status":"closed","ping_status":"open","template":"","meta":{"_angie_page":false},"product_brand":[27112],"product_cat":[14143,14142],"product_tag":[],"class_list":{"0":"post-217793","1":"product","2":"type-product","3":"status-publish","4":"has-post-thumbnail","6":"product_brand-hop-hare","7":"product_cat-aufbewahrung-geschenke-und-geschenkboxen","8":"product_cat-geschenkverpackung","9":"pa_collection-enamelled-wooden-trays-and-boxes-de","10":"pa_made-in-indien","12":"first","13":"instock","14":"purchasable","15":"product-type-simple"},"supplier_id":null,"supplier_sku":"HHENBT-10","barcode":null,"atum_controlled":true,"out_stock_date":null,"out_stock_threshold":null,"inheritable":false,"inbound_stock":null,"stock_on_hold":0,"sold_today":0,"sales_last_days":0,"reserved_stock":null,"customer_returns":null,"warehouse_damage":null,"lost_in_post":null,"other_logs":null,"out_stock_days":0,"lost_sales":0,"has_location":null,"update_date":"2026-04-27T07:07:19","atum_locations":[],"atum_stock_status":"instock","restock_status":false,"low_stock_amount":"","sales_update_date":"2026-02-06T00:01:15","calc_backorders":null,"_links":{"self":[{"href":"https:\/\/aromasentia.com\/de\/wp-json\/wp\/v2\/product\/217793","targetHints":{"allow":["GET"]}}],"collection":[{"href":"https:\/\/aromasentia.com\/de\/wp-json\/wp\/v2\/product"}],"about":[{"href":"https:\/\/aromasentia.com\/de\/wp-json\/wp\/v2\/types\/product"}],"replies":[{"embeddable":true,"href":"https:\/\/aromasentia.com\/de\/wp-json\/wp\/v2\/comments?post=217793"}],"version-history":[{"count":0,"href":"https:\/\/aromasentia.com\/de\/wp-json\/wp\/v2\/product\/217793\/revisions"}],"wp:featuredmedia":[{"embeddable":true,"href":"https:\/\/aromasentia.com\/de\/wp-json\/wp\/v2\/media\/437678"}],"wp:attachment":[{"href":"https:\/\/aromasentia.com\/de\/wp-json\/wp\/v2\/media?parent=217793"}],"wp:term":[{"taxonomy":"product_brand","embeddable":true,"href":"https:\/\/aromasentia.com\/de\/wp-json\/wp\/v2\/product_brand?post=217793"},{"taxonomy":"product_cat","embeddable":true,"href":"https:\/\/aromasentia.com\/de\/wp-json\/wp\/v2\/product_cat?post=217793"},{"taxonomy":"product_tag","embeddable":true,"href":"https:\/\/aromasentia.com\/de\/wp-json\/wp\/v2\/product_tag?post=217793"}],"curies":[{"name":"wp","href":"https:\/\/api.w.org\/{rel}","templated":true}]}}