{"id":217781,"date":"2025-03-23T12:08:32","date_gmt":"2025-03-23T12:08:32","guid":{"rendered":"https:\/\/aromasentia.com\/product\/leather-world-map-stitching-notebook-18x13-cm\/"},"modified":"2025-12-30T19:25:49","modified_gmt":"2025-12-30T19:25:49","slug":"ledernotizbuch-weltkarte-18x13-cm","status":"publish","type":"product","link":"https:\/\/aromasentia.com\/de\/ledernotizbuch-weltkarte-18x13-cm\/","title":{"rendered":"Ledernotizbuch &#8211; Weltkarte  (18&#215;13 cm)"},"content":{"rendered":"<p><span style=\"color: rgb(75, 80, 88);\"><strong>Handgefertigt &nbsp;<\/strong><\/span><strong><span style=\"color: rgb(75, 80, 88);\">Weltkarte aus Leder &#038; N\u00e4hte&nbsp;<\/span><span style=\"color: rgb(75, 80, 88);\">Notizbuch (18 x 13 cm)<\/span>&nbsp;<\/strong><span style=\"color: rgb(75, 80, 88);\"><strong>mit Ledereinband<\/strong>, mit Schnalle verschlossen. Sch\u00f6ne Verzierungen auf dem Einband verleihen Charme und machen jedes Notizbuch zu einem einzigartigen Stil.&nbsp;<\/span><\/p>\n<p><span style=\"color: rgb(75, 80, 88);\">Das Produkt kann als Notizbuch, Tagebuch oder Skizzenbuch verwendet werden. Es ist leicht zu tragen, Sie k\u00f6nnen es in Ihrer Tasche mitnehmen, wenn Sie auf Reisen oder Gesch\u00e4ftsreise sind. Es kann als Tagebuch verwendet werden und Sie k\u00f6nnen Ihre Ideen jederzeit festhalten.<\/span><\/p>\n<p><span style=\"color: rgb(75, 80, 88);\">Das perfekte Geschenk f\u00fcr jeden Anlass. Es wird jedem gefallen, der gerne reist, schreibt oder skizziert.<\/span><\/p>\n<p><span style=\"color: rgb(75, 80, 88);\"><strong>Gr\u00f6\u00dfe des Notizbuchs:<\/strong><\/span> Breite: 13 cm, H\u00f6he 17,5 cm<\/p>\n<p>Notizbuch mit 200 Seiten<\/p>\n","protected":false},"excerpt":{"rendered":"<p>Handgefertigt &nbsp;Weltkarte aus Leder &#038; N\u00e4hte&nbsp;Notizbuch (18 x 13 cm)&nbsp;mit Ledereinband, mit Schnalle verschlossen. Sch\u00f6ne Verzierungen auf dem Einband verleihen Charme und machen jedes Notizbuch zu einem einzigartigen Stil.&nbsp; Das Produkt kann als Notizbuch, Tagebuch oder Skizzenbuch verwendet werden. Es ist leicht zu tragen, Sie k\u00f6nnen es in Ihrer Tasche mitnehmen, wenn Sie auf Reisen [&hellip;]<\/p>\n","protected":false},"featured_media":438110,"comment_status":"closed","ping_status":"open","template":"","meta":[],"product_brand":[],"product_cat":[14059,14060],"product_tag":[],"class_list":{"0":"post-217781","1":"product","2":"type-product","3":"status-publish","4":"has-post-thumbnail","6":"product_cat-notizbucher","7":"product_cat-vintage-geschenke-und-souvenirs","8":"pa_collection-leather-notebooks-diaries-de","9":"pa_made-in-indien","11":"first","12":"instock","13":"purchasable","14":"product-type-simple"},"supplier_id":null,"supplier_sku":"LBN-05","barcode":null,"atum_controlled":true,"out_stock_date":null,"out_stock_threshold":null,"inheritable":false,"inbound_stock":null,"stock_on_hold":0,"sold_today":0,"sales_last_days":0,"reserved_stock":null,"customer_returns":null,"warehouse_damage":null,"lost_in_post":null,"other_logs":null,"out_stock_days":0,"lost_sales":0,"has_location":null,"update_date":"2026-02-06T00:02:44","atum_locations":[],"atum_stock_status":"instock","restock_status":false,"low_stock_amount":"","sales_update_date":"2026-02-06T00:02:44","calc_backorders":null,"_links":{"self":[{"href":"https:\/\/aromasentia.com\/de\/wp-json\/wp\/v2\/product\/217781","targetHints":{"allow":["GET"]}}],"collection":[{"href":"https:\/\/aromasentia.com\/de\/wp-json\/wp\/v2\/product"}],"about":[{"href":"https:\/\/aromasentia.com\/de\/wp-json\/wp\/v2\/types\/product"}],"replies":[{"embeddable":true,"href":"https:\/\/aromasentia.com\/de\/wp-json\/wp\/v2\/comments?post=217781"}],"version-history":[{"count":0,"href":"https:\/\/aromasentia.com\/de\/wp-json\/wp\/v2\/product\/217781\/revisions"}],"wp:featuredmedia":[{"embeddable":true,"href":"https:\/\/aromasentia.com\/de\/wp-json\/wp\/v2\/media\/438110"}],"wp:attachment":[{"href":"https:\/\/aromasentia.com\/de\/wp-json\/wp\/v2\/media?parent=217781"}],"wp:term":[{"taxonomy":"product_brand","embeddable":true,"href":"https:\/\/aromasentia.com\/de\/wp-json\/wp\/v2\/product_brand?post=217781"},{"taxonomy":"product_cat","embeddable":true,"href":"https:\/\/aromasentia.com\/de\/wp-json\/wp\/v2\/product_cat?post=217781"},{"taxonomy":"product_tag","embeddable":true,"href":"https:\/\/aromasentia.com\/de\/wp-json\/wp\/v2\/product_tag?post=217781"}],"curies":[{"name":"wp","href":"https:\/\/api.w.org\/{rel}","templated":true}]}}