{"id":217761,"date":"2025-03-23T12:08:32","date_gmt":"2025-03-23T12:08:32","guid":{"rendered":"https:\/\/aromasentia.com\/product\/leather-lapis-notebook-17x12-cm\/"},"modified":"2025-12-30T19:25:41","modified_gmt":"2025-12-30T19:25:41","slug":"ledernotizbuch-lapis-17x12-cm","status":"publish","type":"product","link":"https:\/\/aromasentia.com\/de\/ledernotizbuch-lapis-17x12-cm\/","title":{"rendered":"Ledernotizbuch &#8211; Lapis 17&#215;12 cm"},"content":{"rendered":"<p><span style=\"color: rgb(75, 80, 88);\"><strong>Leathe Lapis &nbsp;Notebook 17&#215;12 cm<\/strong>sind Notizb\u00fccher mit Ledereinband. Das perfekte Geschenk f\u00fcr viele Anl\u00e4sse. Bringen Sie ein bisschen \u201eGame of Thrones\u201c-Magie in Ihren Shop. Details wie Schnallen, Metallverschl\u00fcsse, umlaufende Riemen und gebrannte Kanten (siehe Nr. 06) sorgen f\u00fcr ein einzigartiges Design und einen individuellen Zweck. Beispielsweise das Weltkarten-Design f\u00fcr ein Reisetagebuch. &nbsp;Die B\u00fccher k\u00f6nnen als Notizb\u00fccher, Tageb\u00fccher oder Skizzenb\u00fccher verwendet werden.<\/span><\/p>\n<p><span style=\"color: rgb(75, 80, 88);\"><em>\u2714 Beliebtes Geschenk zum Erwachsenwerden<\/em><\/span><\/p>\n<p><em><span style=\"color: rgb(75, 80, 88);\">\u2714 Tolle Pr\u00e4sentation im Laden \u2013 verkauft sich schnell<\/span><\/em><\/p>\n<p><span style=\"color: rgb(75, 80, 88);\"><em>\u2714 Gro\u00dfe B\u00fccher mit 200 Seiten \u2013 hergestellt aus umweltfreundlichem Papier<\/em><\/span><\/p>\n","protected":false},"excerpt":{"rendered":"<p>Leathe Lapis &nbsp;Notebook 17&#215;12 cmsind Notizb\u00fccher mit Ledereinband. Das perfekte Geschenk f\u00fcr viele Anl\u00e4sse. Bringen Sie ein bisschen \u201eGame of Thrones\u201c-Magie in Ihren Shop. Details wie Schnallen, Metallverschl\u00fcsse, umlaufende Riemen und gebrannte Kanten (siehe Nr. 06) sorgen f\u00fcr ein einzigartiges Design und einen individuellen Zweck. Beispielsweise das Weltkarten-Design f\u00fcr ein Reisetagebuch. &nbsp;Die B\u00fccher k\u00f6nnen als [&hellip;]<\/p>\n","protected":false},"featured_media":438592,"comment_status":"closed","ping_status":"open","template":"","meta":{"_angie_page":false},"product_brand":[],"product_cat":[25223,25655,14059,14060],"product_tag":[],"class_list":{"0":"post-217761","1":"product","2":"type-product","3":"status-publish","4":"has-post-thumbnail","6":"product_cat-edelsteine-mineralien","7":"product_cat-lapislazuli","8":"product_cat-notizbucher","9":"product_cat-vintage-geschenke-und-souvenirs","10":"pa_collection-leather-notebooks-diaries-de","11":"pa_made-in-indien","13":"first","14":"outofstock","15":"purchasable","16":"product-type-simple"},"supplier_id":null,"supplier_sku":"LBN-15","barcode":null,"atum_controlled":true,"out_stock_date":"2026-04-25 16:43:15","out_stock_threshold":null,"inheritable":false,"inbound_stock":null,"stock_on_hold":0,"sold_today":0,"sales_last_days":0,"reserved_stock":null,"customer_returns":null,"warehouse_damage":null,"lost_in_post":null,"other_logs":null,"out_stock_days":0,"lost_sales":0,"has_location":null,"update_date":"2026-04-27T07:10:35","atum_locations":[],"atum_stock_status":"outofstock","restock_status":false,"low_stock_amount":"","sales_update_date":"2025-09-03T00:15:12","calc_backorders":null,"_links":{"self":[{"href":"https:\/\/aromasentia.com\/de\/wp-json\/wp\/v2\/product\/217761","targetHints":{"allow":["GET"]}}],"collection":[{"href":"https:\/\/aromasentia.com\/de\/wp-json\/wp\/v2\/product"}],"about":[{"href":"https:\/\/aromasentia.com\/de\/wp-json\/wp\/v2\/types\/product"}],"replies":[{"embeddable":true,"href":"https:\/\/aromasentia.com\/de\/wp-json\/wp\/v2\/comments?post=217761"}],"version-history":[{"count":0,"href":"https:\/\/aromasentia.com\/de\/wp-json\/wp\/v2\/product\/217761\/revisions"}],"wp:featuredmedia":[{"embeddable":true,"href":"https:\/\/aromasentia.com\/de\/wp-json\/wp\/v2\/media\/438592"}],"wp:attachment":[{"href":"https:\/\/aromasentia.com\/de\/wp-json\/wp\/v2\/media?parent=217761"}],"wp:term":[{"taxonomy":"product_brand","embeddable":true,"href":"https:\/\/aromasentia.com\/de\/wp-json\/wp\/v2\/product_brand?post=217761"},{"taxonomy":"product_cat","embeddable":true,"href":"https:\/\/aromasentia.com\/de\/wp-json\/wp\/v2\/product_cat?post=217761"},{"taxonomy":"product_tag","embeddable":true,"href":"https:\/\/aromasentia.com\/de\/wp-json\/wp\/v2\/product_tag?post=217761"}],"curies":[{"name":"wp","href":"https:\/\/api.w.org\/{rel}","templated":true}]}}