{"id":217693,"date":"2025-03-23T12:10:29","date_gmt":"2025-03-23T12:10:29","guid":{"rendered":"https:\/\/aromasentia.com\/product\/leather-bee-kind-deckle-edge-notebook-7x5\/"},"modified":"2025-12-30T19:25:33","modified_gmt":"2025-12-30T19:25:33","slug":"notizbuch-bienenkind-aus-leder-mit-buettenrand-18x13-cm","status":"publish","type":"product","link":"https:\/\/aromasentia.com\/de\/notizbuch-bienenkind-aus-leder-mit-buettenrand-18x13-cm\/","title":{"rendered":"Notizbuch &#8222;Bienenkind&#8220; aus Leder mit B\u00fcttenrand (18&#215;13 cm)"},"content":{"rendered":"<p><span style=\"color: rgb(75, 80, 88);\">Das handgefertigte <strong>Ledernotizbuch \u201eBee Kinde\u201c mit B\u00fcttenrand<\/strong> hat seinen eigenen einzigartigen Stil mit erstaunlichen Details, die einen altmodischen Charme verleihen.<\/span><\/p>\n<p><span style=\"color: rgb(75, 80, 88);\">Hergestellt aus hochwertigem Ledereinband mit blankem B\u00fcttenrandpapier im Vintage-Stil (einem federleichten, unbearbeiteten Papierrand), mit Schnalle verschlossen.<\/span><\/p>\n<p><span style=\"color: rgb(75, 80, 88);\">Leicht zu tragen, Sie k\u00f6nnen es auf Reisen oder Gesch\u00e4ftsreisen als Tagebuch, Reisenotizbuch, Notizblock, Tagebuch oder Skizzenbuch in Ihrer Tasche mitnehmen. Jetzt k\u00f6nnen Ihre Kunden ihre Ideen jederzeit festhalten.<\/span><\/p>\n<p><span style=\"color: rgb(75, 80, 88);\">Das perfekte Geschenk f\u00fcr jeden Anlass. Es wird jedem gefallen, der gerne reist, schreibt oder skizziert. Auch ideal f\u00fcr Kalligrafie.<\/span><\/p>\n<p><span style=\"color: rgb(75, 80, 88);\">Ma\u00dfe des Notizbuchs: 18 x 13 x 5 cm<\/span><\/p>\n<p><span style=\"color: rgb(141, 186, 216);\"><strong>Mit diesem zeitlosen Klassiker machen Sie leicht Verk\u00e4ufe<\/strong><\/span><span style=\"color: rgb(75, 80, 88);\">.<\/span><\/p>\n","protected":false},"excerpt":{"rendered":"<p>Das handgefertigte Ledernotizbuch \u201eBee Kinde\u201c mit B\u00fcttenrand hat seinen eigenen einzigartigen Stil mit erstaunlichen Details, die einen altmodischen Charme verleihen. Hergestellt aus hochwertigem Ledereinband mit blankem B\u00fcttenrandpapier im Vintage-Stil (einem federleichten, unbearbeiteten Papierrand), mit Schnalle verschlossen. Leicht zu tragen, Sie k\u00f6nnen es auf Reisen oder Gesch\u00e4ftsreisen als Tagebuch, Reisenotizbuch, Notizblock, Tagebuch oder Skizzenbuch in Ihrer [&hellip;]<\/p>\n","protected":false},"featured_media":438784,"comment_status":"closed","ping_status":"open","template":"","meta":[],"product_brand":[],"product_cat":[14059,14060],"product_tag":[],"class_list":{"0":"post-217693","1":"product","2":"type-product","3":"status-publish","4":"has-post-thumbnail","6":"product_cat-notizbucher","7":"product_cat-vintage-geschenke-und-souvenirs","8":"pa_collection-leather-notebooks-diaries-de","9":"pa_made-in-indien","11":"first","12":"instock","13":"purchasable","14":"product-type-simple"},"supplier_id":null,"supplier_sku":"LBN-23","barcode":null,"atum_controlled":true,"out_stock_date":null,"out_stock_threshold":null,"inheritable":false,"inbound_stock":null,"stock_on_hold":0,"sold_today":0,"sales_last_days":0,"reserved_stock":null,"customer_returns":null,"warehouse_damage":null,"lost_in_post":null,"other_logs":null,"out_stock_days":0,"lost_sales":0,"has_location":null,"update_date":"2026-02-06T00:02:00","atum_locations":[],"atum_stock_status":"instock","restock_status":false,"low_stock_amount":"","sales_update_date":"2026-02-06T00:02:00","calc_backorders":null,"_links":{"self":[{"href":"https:\/\/aromasentia.com\/de\/wp-json\/wp\/v2\/product\/217693","targetHints":{"allow":["GET"]}}],"collection":[{"href":"https:\/\/aromasentia.com\/de\/wp-json\/wp\/v2\/product"}],"about":[{"href":"https:\/\/aromasentia.com\/de\/wp-json\/wp\/v2\/types\/product"}],"replies":[{"embeddable":true,"href":"https:\/\/aromasentia.com\/de\/wp-json\/wp\/v2\/comments?post=217693"}],"version-history":[{"count":0,"href":"https:\/\/aromasentia.com\/de\/wp-json\/wp\/v2\/product\/217693\/revisions"}],"wp:featuredmedia":[{"embeddable":true,"href":"https:\/\/aromasentia.com\/de\/wp-json\/wp\/v2\/media\/438784"}],"wp:attachment":[{"href":"https:\/\/aromasentia.com\/de\/wp-json\/wp\/v2\/media?parent=217693"}],"wp:term":[{"taxonomy":"product_brand","embeddable":true,"href":"https:\/\/aromasentia.com\/de\/wp-json\/wp\/v2\/product_brand?post=217693"},{"taxonomy":"product_cat","embeddable":true,"href":"https:\/\/aromasentia.com\/de\/wp-json\/wp\/v2\/product_cat?post=217693"},{"taxonomy":"product_tag","embeddable":true,"href":"https:\/\/aromasentia.com\/de\/wp-json\/wp\/v2\/product_tag?post=217693"}],"curies":[{"name":"wp","href":"https:\/\/api.w.org\/{rel}","templated":true}]}}