{"id":250291,"date":"2025-05-13T18:40:11","date_gmt":"2025-05-13T18:40:11","guid":{"rendered":"https:\/\/aromasentia.com\/cookies\/"},"modified":"2026-04-22T17:40:17","modified_gmt":"2026-04-22T17:40:17","slug":"cookies","status":"publish","type":"page","link":"https:\/\/aromasentia.com\/de\/cookies\/","title":{"rendered":"Cookies"},"content":{"rendered":"\t\t<div data-elementor-type=\"wp-page\" data-elementor-id=\"250291\" class=\"elementor elementor-250291 elementor-250124\" data-elementor-post-type=\"page\">\n\t\t\t\t<div class=\"elementor-element elementor-element-ec97d5a e-flex e-con-boxed e-con e-parent\" data-id=\"ec97d5a\" data-element_type=\"container\" data-e-type=\"container\">\n\t\t\t\t\t<div class=\"e-con-inner\">\n\t\t\t\t<div class=\"elementor-element elementor-element-5a7222b elementor-widget elementor-widget-heading\" data-id=\"5a7222b\" data-element_type=\"widget\" data-e-type=\"widget\" data-widget_type=\"heading.default\">\n\t\t\t\t\t<h1 class=\"elementor-heading-title elementor-size-default\">Cookies Policy<\/h1>\t\t\t\t<\/div>\n\t\t\t\t<div class=\"elementor-element elementor-element-8a54cf0 elementor-widget elementor-widget-text-editor\" data-id=\"8a54cf0\" data-element_type=\"widget\" data-e-type=\"widget\" data-widget_type=\"text-editor.default\">\n\t\t\t\t\t\t\t\t\t<p>Letztes Update: 12. Mai 2025<\/p><p>Aroma Sentia Marketing (\u201ewir\u201c, \u201euns\u201c oder \u201eunser\u201c) nutzt Cookies auf der Website aromasentia.com (der \u201eDienst\u201c). Wenn du die Website weiter nutzt, stimmst du der Verwendung von Cookies zu. Du kannst das \u00e4ndern und mehr dar\u00fcber in der folgenden Cookie-Richtlinie erfahren.<\/p><p>Unsere Cookie-Richtlinie erkl\u00e4rt, was Cookies sind, wie wir Cookies verwenden, wie Dritte, mit denen wir zusammenarbeiten, Cookies auf dem Dienst verwenden k\u00f6nnen, welche Wahlm\u00f6glichkeiten du in Bezug auf Cookies hast und weitere Informationen zu Cookies.<\/p><h3>Was sind Cookies?<\/h3><p>Cookies sind kleine Textdateien, die von einer Website, die du besuchst, an deinen Webbrowser gesendet werden. Eine Cookie-Datei wird in deinem Webbrowser gespeichert und erm\u00f6glicht es dem Dienst oder einem Dritten, dich wiederzuerkennen und deinen n\u00e4chsten Besuch zu vereinfachen und den Dienst f\u00fcr dich n\u00fctzlicher zu gestalten.<\/p><p>Cookies k\u00f6nnen \u201edauerhafte\u201c oder \u201eSitzungscookies\u201c sein. Dauerhafte Cookies bleiben auf deinem PC oder Mobilger\u00e4t gespeichert, wenn du offline gehst, w\u00e4hrend Sitzungscookies gel\u00f6scht werden, sobald du deinen Webbrowser schlie\u00dft.<\/p><h3>Wie Aroma Sentia Marketing Cookies verwendet<\/h3><p>Wenn du den Service nutzt und darauf zugreifst, k\u00f6nnen wir eine Reihe von Cookie-Dateien in deinem Webbrowser platzieren.<\/p><p>Wir verwenden Cookies f\u00fcr die folgenden Zwecke:<\/p><p>Um bestimmte Funktionen des Service zu erm\u00f6glichen<\/p><p>Um Analysen bereitzustellen<\/p><p>Um deine Pr\u00e4ferenzen zu speichern<\/p><p>Wir verwenden sowohl Sitzungs- als auch dauerhafte Cookies auf dem Service und wir verwenden verschiedene Arten von Cookies, um den Service zu betreiben:<\/p><p>Notwendige Cookies. Wir k\u00f6nnen notwendige Cookies verwenden, um Nutzer zu authentifizieren und die betr\u00fcgerische Nutzung von Nutzerkonten zu verhindern.<\/p><p>Einstellungs-Cookies. Wir k\u00f6nnen Einstellungs-Cookies verwenden, um Informationen zu speichern, die das Verhalten oder das Aussehen des Dienstes ver\u00e4ndern, wie z. B. die \u201eAngemeldet bleiben\u201c-Funktion eines registrierten Nutzers oder die Spracheinstellung eines Nutzers.<\/p><p>Analytische Cookies. Wir k\u00f6nnen analytische Cookies verwenden, um Informationen dar\u00fcber zu verfolgen, wie der Dienst genutzt wird, damit wir Verbesserungen vornehmen k\u00f6nnen. Wir k\u00f6nnen analytische Cookies auch verwenden, um neue Anzeigen, Seiten, Features oder neue Funktionen des Dienstes zu testen, um zu sehen, wie unsere Nutzer darauf reagieren.<\/p><h3>Cookies von Drittanbietern<\/h3><p>Zus\u00e4tzlich zu unseren eigenen Cookies k\u00f6nnen wir auch verschiedene Cookies von Drittanbietern verwenden, um Nutzungsstatistiken des Dienstes zu erstellen, Werbung auf und \u00fcber den Dienst zu liefern usw.<\/p><p>Welche Wahlm\u00f6glichkeiten haben Sie in Bezug auf Cookies?<br \/>Wenn Sie Cookies l\u00f6schen oder Ihren Webbrowser anweisen m\u00f6chten, Cookies zu l\u00f6schen oder abzulehnen, besuchen Sie bitte die Hilfeseiten Ihres Webbrowsers.<\/p><p>Bitte beachten Sie jedoch, dass Sie m\u00f6glicherweise nicht alle Funktionen nutzen k\u00f6nnen, Ihre Einstellungen nicht speichern k\u00f6nnen und einige unserer Seiten m\u00f6glicherweise nicht richtig angezeigt werden, wenn Sie Cookies l\u00f6schen oder deren Annahme ablehnen.<\/p><p>F\u00fcr den Chrome-Webbrowser: https:\/\/support.google.com\/accounts\/answer\/32050<\/p><p>F\u00fcr den Internet Explorer: http:\/\/support.microsoft.com\/kb\/278835<\/p><p>F\u00fcr den Firefox: https:\/\/support.mozilla.org\/en-US\/kb\/delete-cookies-remove-info-websites-stored<\/p><p>F\u00fcr den Safari: https:\/\/support.apple.com\/kb\/PH21411?locale=en_US<\/p><p>F\u00fcr alle anderen Browser check bitte die offiziellen Webseiten deines Browsers.<\/p><p>Wo findest du mehr Infos \u00fcber Cookies?<\/p><p>Mehr \u00fcber Cookies erf\u00e4hrst du auf den folgenden Websites von Drittanbietern:<\/p><p>AllAboutCookies: http:\/\/www.allaboutcookies.org\/<\/p><p>Network Advertising Initiative: http:\/\/www.networkadvertising.org\/<\/p>\t\t\t\t\t\t\t\t<\/div>\n\t\t\t\t\t<\/div>\n\t\t\t\t<\/div>\n\t\t\t\t<\/div>\n\t\t","protected":false},"excerpt":{"rendered":"<p>Cookies Policy Letztes Update: 12. Mai 2025 Aroma Sentia Marketing (\u201ewir\u201c, \u201euns\u201c oder \u201eunser\u201c) nutzt Cookies auf der Website aromasentia.com (der \u201eDienst\u201c). Wenn du die Website weiter nutzt, stimmst du der Verwendung von Cookies zu. Du kannst das \u00e4ndern und mehr dar\u00fcber in der folgenden Cookie-Richtlinie erfahren. Unsere Cookie-Richtlinie erkl\u00e4rt, was Cookies sind, wie wir [&hellip;]<\/p>\n","protected":false},"author":1,"featured_media":0,"parent":0,"menu_order":0,"comment_status":"closed","ping_status":"closed","template":"","meta":{"_angie_page":false,"footnotes":""},"class_list":["post-250291","page","type-page","status-publish","hentry"],"_links":{"self":[{"href":"https:\/\/aromasentia.com\/de\/wp-json\/wp\/v2\/pages\/250291","targetHints":{"allow":["GET"]}}],"collection":[{"href":"https:\/\/aromasentia.com\/de\/wp-json\/wp\/v2\/pages"}],"about":[{"href":"https:\/\/aromasentia.com\/de\/wp-json\/wp\/v2\/types\/page"}],"author":[{"embeddable":true,"href":"https:\/\/aromasentia.com\/de\/wp-json\/wp\/v2\/users\/1"}],"replies":[{"embeddable":true,"href":"https:\/\/aromasentia.com\/de\/wp-json\/wp\/v2\/comments?post=250291"}],"version-history":[{"count":0,"href":"https:\/\/aromasentia.com\/de\/wp-json\/wp\/v2\/pages\/250291\/revisions"}],"wp:attachment":[{"href":"https:\/\/aromasentia.com\/de\/wp-json\/wp\/v2\/media?parent=250291"}],"curies":[{"name":"wp","href":"https:\/\/api.w.org\/{rel}","templated":true}]}}