{"id":217585,"date":"2025-03-17T10:16:39","date_gmt":"2025-03-17T10:16:39","guid":{"rendered":"https:\/\/aromasentia.com\/?page_id=217585"},"modified":"2025-05-14T23:19:10","modified_gmt":"2025-05-14T23:19:10","slug":"datenschutz","status":"publish","type":"page","link":"https:\/\/aromasentia.com\/de\/datenschutz\/","title":{"rendered":"Datenschutz"},"content":{"rendered":"\t\t<div data-elementor-type=\"wp-page\" data-elementor-id=\"217585\" class=\"elementor elementor-217585 elementor-3\" data-elementor-post-type=\"page\">\n\t\t\t\t<div class=\"elementor-element elementor-element-91263a8 e-flex e-con-boxed e-con e-parent\" data-id=\"91263a8\" data-element_type=\"container\" data-e-type=\"container\" data-settings=\"{&quot;ekit_has_onepagescroll_dot&quot;:&quot;yes&quot;}\">\n\t\t\t\t\t<div class=\"e-con-inner\">\n\t\t\t\t<div class=\"elementor-element elementor-element-00b965b elementor-widget elementor-widget-elementskit-heading\" data-id=\"00b965b\" data-element_type=\"widget\" data-e-type=\"widget\" data-settings=\"{&quot;ekit_we_effect_on&quot;:&quot;none&quot;}\" data-widget_type=\"elementskit-heading.default\">\n\t\t\t\t\t<div class=\"ekit-wid-con\" ><div class=\"ekit-heading elementskit-section-title-wraper text_left   ekit_heading_tablet-   ekit_heading_mobile-\"><h1 class=\"ekit-heading--title elementskit-section-title \">Datenschutz<\/h1><div class=\"ekit_heading_separetor_wraper ekit_heading_elementskit-border-divider ekit-dotted\"><div class=\"elementskit-border-divider ekit-dotted\"><\/div><\/div>\t\t\t\t<div class='ekit-heading__description'>\n\t\t\t\t\t<p>Datum des Inkrafttretens: 2025-05-14<br \/>Aktualisiert am: 2025-05-14<\/p>\n<p>Diese Datenschutzrichtlinie erl\u00e4utert die Richtlinien von Aroma Sentia Marketing ltd zur Erfassung und Verwendung der Informationen, die wir sammeln, wenn Sie auf <a href=\"https:\/\/aromasentia.com\">https:\/\/aromasentia.com<\/a> (den \"Dienst\") zugreifen. Diese Datenschutzrichtlinie beschreibt Ihre Datenschutzrechte und wie Sie durch die Datenschutzgesetze gesch\u00fctzt sind.<\/p>\n<p>Durch die Nutzung unseres Dienstes erkl\u00e4ren Sie sich mit der Erfassung und Verwendung Ihrer Daten in \u00dcbereinstimmung mit dieser Datenschutzrichtlinie einverstanden. Bitte nutzen Sie unseren Service nicht, wenn Sie der Erfassung und Nutzung Ihrer Daten gem\u00e4\u00df dieser Datenschutzrichtlinie nicht zustimmen. Diese Datenschutzrichtlinie wurde mit Hilfe des CookieScript Privacy Policy Generator erstellt.<\/p>\n<p>Aroma Sentia Marketing ltd ist berechtigt, diese Datenschutzrichtlinie jederzeit zu \u00e4ndern. Dies kann ohne vorherige Ank\u00fcndigung geschehen.<\/p>\n<p>Aroma Sentia Marketing ltd wird die ge\u00e4nderte Datenschutzrichtlinie auf der <a href=\"https:\/\/aromasentia.com\">https:\/\/aromasentia.com<\/a> Website ver\u00f6ffentlichen<\/p>\n<p>\u00a0<\/p>\n<h2>Erhebung und Verwendung Ihrer pers\u00f6nlichen Daten<\/h2>\n<h3>Informationen, die wir sammeln<\/h3>\n<p>Bei der Nutzung unseres Dienstes werden Sie aufgefordert, uns personenbezogene Daten zur Verf\u00fcgung zu stellen, um Sie zu kontaktieren oder zu identifizieren. <a href=\"https:\/\/aromasentia.com\">https:\/\/aromasentia.com<\/a> sammelt die folgenden Informationen:<\/p>\n<div style=\"padding-left: 40px\">\n<ul>\n<li>Nutzungsdaten<\/li>\n<li>Name<\/li>\n<li>E-Mail<\/li>\n<li>Handynummer<\/li>\n<li>Arbeitsadresse<\/li>\n<li>Zahlungsinformationen<\/li>\n<\/ul>\n<\/div>\n<p>\u00a0<\/p>\n<p><strong>Nutzungsdaten umfassen Folgendes:<\/strong><\/p>\n<div style=\"padding-left: 40px\">\n<ul>\n<li>Internet Protocol (IP)-Adresse der Computer, die auf die Website zugreifen<\/li>\n<li>Anforderungen von Webseiten<\/li>\n<li>Verweisende Webseiten<\/li>\n<li>Browser, der f\u00fcr den Zugriff auf die Website verwendet wurde<\/li>\n<li>Zeit und Datum des Zugriffs<\/li>\n<\/ul>\n<\/div>\n<h2>Wie wir Informationen sammeln<\/h2>\n<p><a href=\"https:\/\/aromasentia.com\">https:\/\/aromasentia.com<\/a> sammelt und erh\u00e4lt Informationen von Ihnen auf die folgende Weise:<\/p>\n<div style=\"padding-left: 40px\">\n<ul>\n<li>Wenn Sie ein Registrierungsformular ausf\u00fcllen oder auf andere Weise Ihre pers\u00f6nlichen Daten \u00fcbermitteln.<\/li>\n<li>Wenn Sie mit unserem Dienst interagieren.<\/li>\n<li>Aus externen, \u00f6ffentlichen Quellen.<\/li>\n<\/ul>\n<\/div>\n<p>\u00a0<\/p>\n<p>Ihre Daten werden bis zu 365 Tage lang gespeichert, nachdem sie nicht mehr ben\u00f6tigt werden, um Ihnen die Dienste zur Verf\u00fcgung zu stellen. Ihre Daten k\u00f6nnen f\u00fcr die Berichterstattung oder die Aufbewahrung von Unterlagen in \u00dcbereinstimmung mit den geltenden Gesetzen l\u00e4nger aufbewahrt werden. Informationen, die Sie nicht pers\u00f6nlich identifizieren, k\u00f6nnen auf unbestimmte Zeit gespeichert werden.<\/p>\n<p>\u00a0<\/p>\n<h2>Wie wir Ihre Informationen weitergeben<\/h2>\n<p>Aroma Sentia Marketing ltd. gibt Ihre Daten gegebenenfalls in den folgenden Situationen weiter:<\/p>\n<div style=\"padding-left: 40px\">\n<ul>\n<li>Mit Ihrer Zustimmung.\u00a0Aroma Sentia Marketing ltd wird Ihre Informationen f\u00fcr jeden Zweck mit Ihrer ausdr\u00fccklichen Zustimmung weitergeben.<\/li>\n<li>Weitergabe an andere Nutzer.\u00a0Die von Ihnen bereitgestellten Informationen k\u00f6nnen von anderen Nutzern unseres Dienstes eingesehen werden. Wenn Sie mit anderen Nutzern interagieren oder sich \u00fcber einen Drittanbieterdienst, wie z.B. einen Social-Media-Dienst, registrieren, k\u00f6nnen Ihre Kontakte im Drittanbieterdienst Ihre Informationen und eine Beschreibung Ihrer Aktivit\u00e4ten sehen.<\/li>\n<li>Weitergabe an verbundene Unternehmen. Aroma Sentia Marketing ltd wird Ihre Informationen mit unseren verbundenen Unternehmen teilen. Dazu k\u00f6nnen unsere Muttergesellschaft oder Tochtergesellschaften, Partner oder Unternehmen geh\u00f6ren, die wir kontrollieren.<\/li>\n<\/ul>\n<\/div>\n<p>\u00a0<\/p>\n<h2>Weitergabe an Dritte<\/h2>\n<p>Dritte, an die wir Ihre Daten weitergeben, m\u00fcssen den Zweck offenlegen, f\u00fcr den sie Ihre Daten zu verwenden beabsichtigen. Sie d\u00fcrfen Ihre Daten nur f\u00fcr den Zeitraum aufbewahren, der bei der Anforderung oder dem Erhalt dieser Daten angegeben wurde. Der Drittanbieter darf Ihre pers\u00f6nlichen Daten nicht weiter sammeln, verkaufen oder verwenden, es sei denn, dies ist f\u00fcr den angegebenen Zweck erforderlich.<\/p>\n<p>Ihre Daten k\u00f6nnen unter anderem aus folgenden Gr\u00fcnden an einen Dritten weitergegeben werden:<\/p>\n<div style=\"padding-left: 40px\">\n<ul>\n<li>Analytische Informationen.\u00a0Ihre Daten k\u00f6nnen an Online-Analyse-Tools weitergegeben werden, um den Website-Verkehr zu verfolgen und zu analysieren.<\/li>\n<li>Zahlungsabwicklung und Einziehungsdienste.\u00a0Ihre Daten werden verwendet, um Zahlungen im Falle eines Kaufs, einer R\u00fcckerstattung oder einer \u00e4hnlichen Anfrage zu bearbeiten.<\/li>\n<li>Marketing-Initiativen.\u00a0Ihre Daten werden f\u00fcr die Erstellung und den Versand von Newslettern, E-Mail-Marketingma\u00dfnahmen, Werbung und mehr verwendet.<\/li>\n<li>Verbesserung gezielter Werbekampagnen.\u00a0Aroma Sentia Marketing ltd arbeitet mit Drittanbietern zusammen, um gezielte Werbekampagnen zu verbessern.<\/li>\n<li>Verbesserung unseres Service.\u00a0Ihre Informationen k\u00f6nnen mit Drittanbietern geteilt werden, um unseren Service und\/oder die Interaktion mit den Anbietern zu verbessern.<\/li>\n<\/ul>\n<\/div>\n<p>\u00a0<\/p>\n<p>Wenn Sie sich entscheiden, solche Informationen w\u00e4hrend der Registrierung oder anderweitig zur Verf\u00fcgung zu stellen, geben Sie Aroma Sentia Marketing ltd die Erlaubnis, diese Informationen in \u00dcbereinstimmung mit dieser Datenschutzrichtlinie zu verwenden, weiterzugeben und zu speichern.<\/p>\n<p>Ihre Daten k\u00f6nnen aus weiteren Gr\u00fcnden offengelegt werden, einschlie\u00dflich:<\/p>\n<div style=\"padding-left: 40px\">\n<ul>\n<li>Erf\u00fcllung geltender Gesetze, Vorschriften oder gerichtlicher Anordnungen.<\/li>\n<li>Reaktion auf Behauptungen, dass Ihre Nutzung unseres Dienstes die Rechte Dritter verletzt.<\/li>\n<li>Die Durchsetzung von Vereinbarungen, die Sie mit uns getroffen haben, einschlie\u00dflich dieser Datenschutzrichtlinie.<\/li>\n<\/ul>\n<p>\u00a0<\/p>\n<\/div>\n<h2>Cookies<\/h2>\n<p>Cookies sind kleine Textdateien, die von Websites, die Sie besuchen, auf Ihrem Computer gespeichert werden. Websites verwenden Cookies, um den Benutzern eine effiziente Navigation zu erm\u00f6glichen und bestimmte Funktionen auszuf\u00fchren. Cookies, die f\u00fcr den ordnungsgem\u00e4\u00dfen Betrieb der Website erforderlich sind, d\u00fcrfen ohne Ihre Zustimmung gesetzt werden. Alle anderen Cookies m\u00fcssen genehmigt werden, bevor sie im Browser gesetzt werden k\u00f6nnen.<\/p>\n<div style=\"padding-left: 40px\">\n<ul>\n<li>Striktisch notwendige Cookies.\u00a0Streng notwendige Cookies erm\u00f6glichen Kernfunktionen der Website wie die Benutzeranmeldung und die Kontoverwaltung. Ohne streng notwendige Cookies kann die Website nicht richtig genutzt werden.<\/li>\n<li>Leistungsbezogene Cookies.\u00a0Performance-Cookies werden verwendet, um zu sehen, wie Besucher die Website nutzen, z. B. Analyse-Cookies. Diese Cookies k\u00f6nnen nicht verwendet werden, um einen bestimmten Besucher direkt zu identifizieren.<\/li>\n<li>Targeting-Cookies.\u00a0Targeting-Cookies werden verwendet, um Besucher zwischen verschiedenen Websites zu identifizieren, z. B. Inhaltspartner, Bannernetzwerke. Diese Cookies k\u00f6nnen von Unternehmen verwendet werden, um ein Profil der Besucherinteressen zu erstellen oder relevante Werbung auf anderen Websites anzuzeigen.<\/li>\n<li>Funktionalit\u00e4ts-Cookies.\u00a0Funktions-Cookies werden verwendet, um Besucherinformationen auf der Website zu speichern, z. B. Sprache, Zeitzone, erweiterte Inhalte.<\/li>\n<li>Unklassifizierte Cookies.\u00a0Nicht klassifizierte Cookies sind Cookies, die zu keiner anderen Kategorie geh\u00f6ren oder sich im Prozess der Kategorisierung befinden.<\/li>\n<\/ul>\n<\/div>\n\t\t\t\t<\/div>\n\t\t\t<\/div><\/div>\t\t\t\t<\/div>\n\t\t\t\t\t<\/div>\n\t\t\t\t<\/div>\n\t\t\t\t<\/div>\n\t\t","protected":false},"excerpt":{"rendered":"<p>Datenschutz Datum des Inkrafttretens: 2025-05-14Aktualisiert am: 2025-05-14 Diese Datenschutzrichtlinie erl\u00e4utert die Richtlinien von Aroma Sentia Marketing ltd zur Erfassung und Verwendung der Informationen, die wir sammeln, wenn Sie auf https:\/\/aromasentia.com (den &#8222;Dienst&#8220;) zugreifen. Diese Datenschutzrichtlinie beschreibt Ihre Datenschutzrechte und wie Sie durch die Datenschutzgesetze gesch\u00fctzt sind. Durch die Nutzung unseres Dienstes erkl\u00e4ren Sie sich mit [&hellip;]<\/p>\n","protected":false},"author":1,"featured_media":0,"parent":0,"menu_order":0,"comment_status":"closed","ping_status":"open","template":"","meta":{"footnotes":""},"class_list":["post-217585","page","type-page","status-publish","hentry"],"_links":{"self":[{"href":"https:\/\/aromasentia.com\/de\/wp-json\/wp\/v2\/pages\/217585","targetHints":{"allow":["GET"]}}],"collection":[{"href":"https:\/\/aromasentia.com\/de\/wp-json\/wp\/v2\/pages"}],"about":[{"href":"https:\/\/aromasentia.com\/de\/wp-json\/wp\/v2\/types\/page"}],"author":[{"embeddable":true,"href":"https:\/\/aromasentia.com\/de\/wp-json\/wp\/v2\/users\/1"}],"replies":[{"embeddable":true,"href":"https:\/\/aromasentia.com\/de\/wp-json\/wp\/v2\/comments?post=217585"}],"version-history":[{"count":0,"href":"https:\/\/aromasentia.com\/de\/wp-json\/wp\/v2\/pages\/217585\/revisions"}],"wp:attachment":[{"href":"https:\/\/aromasentia.com\/de\/wp-json\/wp\/v2\/media?parent=217585"}],"curies":[{"name":"wp","href":"https:\/\/api.w.org\/{rel}","templated":true}]}}