{"id":246239,"date":"2025-04-23T18:28:57","date_gmt":"2025-04-23T18:28:57","guid":{"rendered":"https:\/\/aromasentia.com\/product\/hop-hare-bamboo-socks-41-46-bali-buddha\/"},"modified":"2025-06-22T04:14:40","modified_gmt":"2025-06-22T04:14:40","slug":"hop-hare-bambus-stroemper-41-46-bali-buddha","status":"publish","type":"product","link":"https:\/\/aromasentia.com\/da\/hop-hare-bambus-stroemper-41-46-bali-buddha\/","title":{"rendered":"Hop Hare Bambus Str\u00f8mper (41-46) &#8211; Bali Buddha"},"content":{"rendered":"<p>Find roen med Hop Hare Bamboo Socks (41-46) &#8211; Bali Buddha. Disse bambusstr\u00f8mper (str. 41-46) er inspireret af den rolige spiritualitet p\u00e5 Bali og har fredfyldte Buddha-billeder, som fremmer fred og mindfulness. Det us\u00e6dvanligt bl\u00f8de og \u00e5ndbare bambusstof sikrer, at dine f\u00f8dder forbliver behagelige og k\u00f8lige. Str\u00f8mperne er en smuk m\u00e5de at b\u00e6re en f\u00f8lelse af ro og oplysning med sig. De tilf\u00f8jer et strejf af eksotisk spiritualitet og mindful komfort til din hverdagsbekl\u00e6dning.<\/p>\n","protected":false},"excerpt":{"rendered":"<p>Find roen med Hop Hare Bamboo Socks (41-46) &#8211; Bali Buddha. Disse bambusstr\u00f8mper (str. 41-46) er inspireret af den rolige spiritualitet p\u00e5 Bali og har fredfyldte Buddha-billeder, som fremmer fred og mindfulness. Det us\u00e6dvanligt bl\u00f8de og \u00e5ndbare bambusstof sikrer, at dine f\u00f8dder forbliver behagelige og k\u00f8lige. Str\u00f8mperne er en smuk m\u00e5de at b\u00e6re en f\u00f8lelse [&hellip;]<\/p>\n","protected":false},"featured_media":668768,"comment_status":"closed","ping_status":"open","template":"","meta":{"_angie_page":false},"product_brand":[27111],"product_cat":[26600,25831],"product_tag":[],"class_list":{"0":"post-246239","1":"product","2":"type-product","3":"status-publish","4":"has-post-thumbnail","6":"product_brand-hop-hare","7":"product_cat-sokker-og-stromper","8":"product_cat-toj","9":"pa_collection-hop-hare-bamboo-socks-da","10":"pa_made-in-tyrkiet","12":"first","13":"instock","14":"purchasable","15":"product-type-simple"},"supplier_id":null,"supplier_sku":"BamS-10M","barcode":null,"atum_controlled":true,"out_stock_date":null,"out_stock_threshold":null,"inheritable":false,"inbound_stock":null,"stock_on_hold":0,"sold_today":0,"sales_last_days":0,"reserved_stock":null,"customer_returns":null,"warehouse_damage":null,"lost_in_post":null,"other_logs":null,"out_stock_days":0,"lost_sales":0,"has_location":null,"update_date":"2026-01-30T01:26:00","atum_locations":[],"atum_stock_status":"instock","restock_status":false,"low_stock_amount":"","sales_update_date":"2026-01-30T01:26:00","calc_backorders":null,"_links":{"self":[{"href":"https:\/\/aromasentia.com\/da\/wp-json\/wp\/v2\/product\/246239","targetHints":{"allow":["GET"]}}],"collection":[{"href":"https:\/\/aromasentia.com\/da\/wp-json\/wp\/v2\/product"}],"about":[{"href":"https:\/\/aromasentia.com\/da\/wp-json\/wp\/v2\/types\/product"}],"replies":[{"embeddable":true,"href":"https:\/\/aromasentia.com\/da\/wp-json\/wp\/v2\/comments?post=246239"}],"version-history":[{"count":0,"href":"https:\/\/aromasentia.com\/da\/wp-json\/wp\/v2\/product\/246239\/revisions"}],"wp:featuredmedia":[{"embeddable":true,"href":"https:\/\/aromasentia.com\/da\/wp-json\/wp\/v2\/media\/668768"}],"wp:attachment":[{"href":"https:\/\/aromasentia.com\/da\/wp-json\/wp\/v2\/media?parent=246239"}],"wp:term":[{"taxonomy":"product_brand","embeddable":true,"href":"https:\/\/aromasentia.com\/da\/wp-json\/wp\/v2\/product_brand?post=246239"},{"taxonomy":"product_cat","embeddable":true,"href":"https:\/\/aromasentia.com\/da\/wp-json\/wp\/v2\/product_cat?post=246239"},{"taxonomy":"product_tag","embeddable":true,"href":"https:\/\/aromasentia.com\/da\/wp-json\/wp\/v2\/product_tag?post=246239"}],"curies":[{"name":"wp","href":"https:\/\/api.w.org\/{rel}","templated":true}]}}