{"id":246225,"date":"2025-04-23T18:29:01","date_gmt":"2025-04-23T18:29:01","guid":{"rendered":"https:\/\/aromasentia.com\/product\/hop-hare-bamboo-socks-41-46-pink-buddha-lotus\/"},"modified":"2025-06-22T04:14:38","modified_gmt":"2025-06-22T04:14:38","slug":"hop-hare-bambus-stroemper-41-46-pink-buddha-lotus","status":"publish","type":"product","link":"https:\/\/aromasentia.com\/da\/hop-hare-bambus-stroemper-41-46-pink-buddha-lotus\/","title":{"rendered":"Hop Hare Bambus Str\u00f8mper (41-46) &#8211; Pink Buddha &#038; Lotus"},"content":{"rendered":"<p>Find fredfyldt oplysning med Hop Hare Bamboo Socks (41-46) &#8211; Pink Buddha &#038; Lotus. Disse fredfyldte bambusstr\u00f8mper i st\u00f8rrelse 41-46 har et beroligende design af en Buddha-figur parret med den hellige lotusblomst, alt sammen i blide rosa nuancer. De er fremstillet af us\u00e6dvanligt bl\u00f8d og milj\u00f8venlig bambus og giver suver\u00e6n komfort og en p\u00e5mindelse om ro. En smuk m\u00e5de at b\u00e6re symboler p\u00e5 fred, renhed og \u00e5ndelig opv\u00e5gning med sig hele dagen.<\/p>\n","protected":false},"excerpt":{"rendered":"<p>Find fredfyldt oplysning med Hop Hare Bamboo Socks (41-46) &#8211; Pink Buddha &#038; Lotus. Disse fredfyldte bambusstr\u00f8mper i st\u00f8rrelse 41-46 har et beroligende design af en Buddha-figur parret med den hellige lotusblomst, alt sammen i blide rosa nuancer. De er fremstillet af us\u00e6dvanligt bl\u00f8d og milj\u00f8venlig bambus og giver suver\u00e6n komfort og en p\u00e5mindelse om [&hellip;]<\/p>\n","protected":false},"featured_media":668744,"comment_status":"closed","ping_status":"open","template":"","meta":{"_angie_page":false},"product_brand":[27111],"product_cat":[26600,25831],"product_tag":[],"class_list":{"0":"post-246225","1":"product","2":"type-product","3":"status-publish","4":"has-post-thumbnail","6":"product_brand-hop-hare","7":"product_cat-sokker-og-stromper","8":"product_cat-toj","9":"pa_collection-hop-hare-bamboo-socks-da","10":"pa_made-in-tyrkiet","12":"first","13":"instock","14":"purchasable","15":"product-type-simple"},"supplier_id":null,"supplier_sku":"BamS-22M","barcode":null,"atum_controlled":true,"out_stock_date":null,"out_stock_threshold":null,"inheritable":false,"inbound_stock":null,"stock_on_hold":0,"sold_today":0,"sales_last_days":0,"reserved_stock":null,"customer_returns":null,"warehouse_damage":null,"lost_in_post":null,"other_logs":null,"out_stock_days":0,"lost_sales":0,"has_location":null,"update_date":"2026-01-30T01:26:34","atum_locations":[],"atum_stock_status":"instock","restock_status":false,"low_stock_amount":"","sales_update_date":"2026-01-30T01:26:34","calc_backorders":null,"_links":{"self":[{"href":"https:\/\/aromasentia.com\/da\/wp-json\/wp\/v2\/product\/246225","targetHints":{"allow":["GET"]}}],"collection":[{"href":"https:\/\/aromasentia.com\/da\/wp-json\/wp\/v2\/product"}],"about":[{"href":"https:\/\/aromasentia.com\/da\/wp-json\/wp\/v2\/types\/product"}],"replies":[{"embeddable":true,"href":"https:\/\/aromasentia.com\/da\/wp-json\/wp\/v2\/comments?post=246225"}],"version-history":[{"count":0,"href":"https:\/\/aromasentia.com\/da\/wp-json\/wp\/v2\/product\/246225\/revisions"}],"wp:featuredmedia":[{"embeddable":true,"href":"https:\/\/aromasentia.com\/da\/wp-json\/wp\/v2\/media\/668744"}],"wp:attachment":[{"href":"https:\/\/aromasentia.com\/da\/wp-json\/wp\/v2\/media?parent=246225"}],"wp:term":[{"taxonomy":"product_brand","embeddable":true,"href":"https:\/\/aromasentia.com\/da\/wp-json\/wp\/v2\/product_brand?post=246225"},{"taxonomy":"product_cat","embeddable":true,"href":"https:\/\/aromasentia.com\/da\/wp-json\/wp\/v2\/product_cat?post=246225"},{"taxonomy":"product_tag","embeddable":true,"href":"https:\/\/aromasentia.com\/da\/wp-json\/wp\/v2\/product_tag?post=246225"}],"curies":[{"name":"wp","href":"https:\/\/api.w.org\/{rel}","templated":true}]}}