{"id":203252,"date":"2025-03-21T14:44:12","date_gmt":"2025-03-21T14:44:12","guid":{"rendered":"https:\/\/aromasentia.com\/product\/patched-and-wired-hemp-cotton-boho-festival-hat-tiedye\/"},"modified":"2025-06-22T04:14:22","modified_gmt":"2025-06-22T04:14:22","slug":"patched-and-wired-hemp-cotton-boho-festival-hat-tiedye","status":"publish","type":"product","link":"https:\/\/aromasentia.com\/da\/patched-and-wired-hemp-cotton-boho-festival-hat-tiedye\/","title":{"rendered":"Patched And Wired Hemp &#038; Cotton Boho Festival Hat &#8211; Tiedye"},"content":{"rendered":"<p><span style=\"color: rgb(75, 80, 88);\"><strong>Opdag en fantastisk kollektion af hamp- og bomulds-boho-festivalhatte<\/strong>, perfekte til at tilf\u00f8je et strejf af sommerstemning til din butiks udvalg!<\/span><\/p>\n<p><span style=\"color: rgb(75, 80, 88);\">Tilf\u00f8r din butik lidt tie-dye-magi med disse <strong>lappede og tr\u00e5dede hamp- og bomulds-boho-festivalhatte i tie-dye<\/strong>. Disse hatte er indbegrebet af eklektisk stil og solbeskyttelse. Den tr\u00e5dede skygge holder solen p\u00e5 afstand, mens tie-dye-m\u00f8nstrene tilf\u00f8jer et strejf af farve og individualitet. Disse hatte er et fantastisk valg for kunder, der \u00f8nsker et moderigtigt og funktionelt tilbeh\u00f8r til deres sommereventyr.<\/span><\/p>\n","protected":false},"excerpt":{"rendered":"<p>Opdag en fantastisk kollektion af hamp- og bomulds-boho-festivalhatte, perfekte til at tilf\u00f8je et strejf af sommerstemning til din butiks udvalg! Tilf\u00f8r din butik lidt tie-dye-magi med disse lappede og tr\u00e5dede hamp- og bomulds-boho-festivalhatte i tie-dye. Disse hatte er indbegrebet af eklektisk stil og solbeskyttelse. Den tr\u00e5dede skygge holder solen p\u00e5 afstand, mens tie-dye-m\u00f8nstrene tilf\u00f8jer et [&hellip;]<\/p>\n","protected":false},"featured_media":323133,"comment_status":"closed","ping_status":"open","template":"","meta":{"_angie_page":false},"product_brand":[],"product_cat":[26596,25831],"product_tag":[],"class_list":{"0":"post-203252","1":"product","2":"type-product","3":"status-publish","4":"has-post-thumbnail","6":"product_cat-hatte","7":"product_cat-toj","8":"pa_collection-hemp-and-cotton-hats-da","9":"pa_made-in-nepal","11":"first","12":"instock","13":"purchasable","14":"product-type-simple"},"supplier_id":null,"supplier_sku":"HempH-06","barcode":null,"atum_controlled":true,"out_stock_date":null,"out_stock_threshold":null,"inheritable":false,"inbound_stock":null,"stock_on_hold":0,"sold_today":0,"sales_last_days":0,"reserved_stock":null,"customer_returns":null,"warehouse_damage":null,"lost_in_post":null,"other_logs":null,"out_stock_days":0,"lost_sales":0,"has_location":null,"update_date":"2026-01-30T15:26:08","atum_locations":[],"atum_stock_status":"instock","restock_status":false,"low_stock_amount":"","sales_update_date":"2026-01-30T01:25:29","calc_backorders":null,"_links":{"self":[{"href":"https:\/\/aromasentia.com\/da\/wp-json\/wp\/v2\/product\/203252","targetHints":{"allow":["GET"]}}],"collection":[{"href":"https:\/\/aromasentia.com\/da\/wp-json\/wp\/v2\/product"}],"about":[{"href":"https:\/\/aromasentia.com\/da\/wp-json\/wp\/v2\/types\/product"}],"replies":[{"embeddable":true,"href":"https:\/\/aromasentia.com\/da\/wp-json\/wp\/v2\/comments?post=203252"}],"version-history":[{"count":0,"href":"https:\/\/aromasentia.com\/da\/wp-json\/wp\/v2\/product\/203252\/revisions"}],"wp:featuredmedia":[{"embeddable":true,"href":"https:\/\/aromasentia.com\/da\/wp-json\/wp\/v2\/media\/323133"}],"wp:attachment":[{"href":"https:\/\/aromasentia.com\/da\/wp-json\/wp\/v2\/media?parent=203252"}],"wp:term":[{"taxonomy":"product_brand","embeddable":true,"href":"https:\/\/aromasentia.com\/da\/wp-json\/wp\/v2\/product_brand?post=203252"},{"taxonomy":"product_cat","embeddable":true,"href":"https:\/\/aromasentia.com\/da\/wp-json\/wp\/v2\/product_cat?post=203252"},{"taxonomy":"product_tag","embeddable":true,"href":"https:\/\/aromasentia.com\/da\/wp-json\/wp\/v2\/product_tag?post=203252"}],"curies":[{"name":"wp","href":"https:\/\/api.w.org\/{rel}","templated":true}]}}