{"id":203249,"date":"2025-03-21T14:44:12","date_gmt":"2025-03-21T14:44:12","guid":{"rendered":"https:\/\/aromasentia.com\/product\/patched-hemp-cotton-boho-festival-hat-natural\/"},"modified":"2025-06-22T04:14:20","modified_gmt":"2025-06-22T04:14:20","slug":"patched-hamp-bomuld-boho-festival-hat-naturlig","status":"publish","type":"product","link":"https:\/\/aromasentia.com\/da\/patched-hamp-bomuld-boho-festival-hat-naturlig\/","title":{"rendered":"Patched Hamp &#038; Bomuld Boho Festival Hat &#8211; Naturlig"},"content":{"rendered":"<p><span style=\"color: rgb(75, 80, 88);\"><strong>Opdag en fantastisk kollektion af boheme-festivalhatte i hamp og bomuld,<\/strong> perfekte til at tilf\u00f8je et strejf af sommerstemning til din butiks udvalg!<\/span><\/p>\n<p><span style=\"color: rgb(75, 80, 88);\">Slip charmen ved rustik enkelhed l\u00f8s med disse <strong>lakede hamp- og bomulds-boheme-festivalhatte i naturlig farve.<\/strong> De naturlige farver og det lappede design skaber et tidl\u00f8st, boheme-look, der er perfekt til ethvert sommereventyr. Disse hatte er fremstillet med omhu og er ikke kun stilfulde, men ogs\u00e5 milj\u00f8venlige, hvilket giver dine kunder et b\u00e6redygtigt modevalg til deres udend\u00f8rs eventyr.<\/span> <\/p>\n","protected":false},"excerpt":{"rendered":"<p>Opdag en fantastisk kollektion af boheme-festivalhatte i hamp og bomuld, perfekte til at tilf\u00f8je et strejf af sommerstemning til din butiks udvalg! Slip charmen ved rustik enkelhed l\u00f8s med disse lakede hamp- og bomulds-boheme-festivalhatte i naturlig farve. De naturlige farver og det lappede design skaber et tidl\u00f8st, boheme-look, der er perfekt til ethvert sommereventyr. Disse [&hellip;]<\/p>\n","protected":false},"featured_media":323042,"comment_status":"closed","ping_status":"open","template":"","meta":{"_angie_page":false},"product_brand":[],"product_cat":[26596,25831],"product_tag":[],"class_list":{"0":"post-203249","1":"product","2":"type-product","3":"status-publish","4":"has-post-thumbnail","6":"product_cat-hatte","7":"product_cat-toj","8":"pa_collection-hemp-and-cotton-hats-da","9":"pa_made-in-nepal","11":"first","12":"instock","13":"purchasable","14":"product-type-simple"},"supplier_id":null,"supplier_sku":"HempH-03","barcode":null,"atum_controlled":true,"out_stock_date":null,"out_stock_threshold":null,"inheritable":false,"inbound_stock":null,"stock_on_hold":0,"sold_today":0,"sales_last_days":0,"reserved_stock":null,"customer_returns":null,"warehouse_damage":null,"lost_in_post":null,"other_logs":null,"out_stock_days":0,"lost_sales":0,"has_location":null,"update_date":"2026-05-11T01:55:51","atum_locations":[],"atum_stock_status":"instock","restock_status":false,"low_stock_amount":"","sales_update_date":"2026-01-30T01:25:29","calc_backorders":null,"_links":{"self":[{"href":"https:\/\/aromasentia.com\/da\/wp-json\/wp\/v2\/product\/203249","targetHints":{"allow":["GET"]}}],"collection":[{"href":"https:\/\/aromasentia.com\/da\/wp-json\/wp\/v2\/product"}],"about":[{"href":"https:\/\/aromasentia.com\/da\/wp-json\/wp\/v2\/types\/product"}],"replies":[{"embeddable":true,"href":"https:\/\/aromasentia.com\/da\/wp-json\/wp\/v2\/comments?post=203249"}],"version-history":[{"count":0,"href":"https:\/\/aromasentia.com\/da\/wp-json\/wp\/v2\/product\/203249\/revisions"}],"wp:featuredmedia":[{"embeddable":true,"href":"https:\/\/aromasentia.com\/da\/wp-json\/wp\/v2\/media\/323042"}],"wp:attachment":[{"href":"https:\/\/aromasentia.com\/da\/wp-json\/wp\/v2\/media?parent=203249"}],"wp:term":[{"taxonomy":"product_brand","embeddable":true,"href":"https:\/\/aromasentia.com\/da\/wp-json\/wp\/v2\/product_brand?post=203249"},{"taxonomy":"product_cat","embeddable":true,"href":"https:\/\/aromasentia.com\/da\/wp-json\/wp\/v2\/product_cat?post=203249"},{"taxonomy":"product_tag","embeddable":true,"href":"https:\/\/aromasentia.com\/da\/wp-json\/wp\/v2\/product_tag?post=203249"}],"curies":[{"name":"wp","href":"https:\/\/api.w.org\/{rel}","templated":true}]}}